{"id":14173,"date":"2015-11-26T11:25:18","date_gmt":"2015-11-26T10:25:18","guid":{"rendered":"https:\/\/arcasgruber.com\/politica-de-cookies\/"},"modified":"2024-12-19T09:30:31","modified_gmt":"2024-12-19T08:30:31","slug":"politique-de-cookies","status":"publish","type":"page","link":"https:\/\/arcasgruber.com\/fr\/politique-de-cookies\/","title":{"rendered":"Politique de cookies"},"content":{"rendered":"\t\t<div data-elementor-type=\"wp-page\" data-elementor-id=\"14173\" class=\"elementor elementor-14173 elementor-2523\" data-elementor-post-type=\"page\">\n\t\t\t\t\t\t<section class=\"has_ae_slider elementor-section elementor-top-section elementor-element elementor-element-5f800a6a elementor-section-boxed elementor-section-height-default elementor-section-height-default wd-section-disabled ae-bg-gallery-type-default\" data-id=\"5f800a6a\" data-element_type=\"section\">\n\t\t\t\t\t\t<div class=\"elementor-container elementor-column-gap-default\">\n\t\t\t\t\t<div class=\"has_ae_slider elementor-column elementor-col-100 elementor-top-column elementor-element elementor-element-42578e90 ae-bg-gallery-type-default\" data-id=\"42578e90\" data-element_type=\"column\">\n\t\t\t<div class=\"elementor-widget-wrap elementor-element-populated\">\n\t\t\t\t\t\t<div class=\"elementor-element elementor-element-6f7d30c9 color-scheme-inherit text-left elementor-widget elementor-widget-text-editor\" data-id=\"6f7d30c9\" data-element_type=\"widget\" data-widget_type=\"text-editor.default\">\n\t\t\t\t<div class=\"elementor-widget-container\">\n\t\t\t\t\t\t\t\t\t<div class=\"flex max-w-full flex-col flex-grow\"><div class=\"min-h-8 text-message flex w-full flex-col items-end gap-2 whitespace-normal break-words text-start [.text-message+&amp;]:mt-5\" dir=\"auto\" data-message-author-role=\"assistant\" data-message-id=\"cccbe3bd-978a-4a61-84ed-07cf48437d0a\" data-message-model-slug=\"gpt-4o\"><div class=\"flex w-full flex-col gap-1 empty:hidden first:pt-[3px]\"><div class=\"markdown prose w-full break-words dark:prose-invert light\"><h2><strong>Politique de Cookies d\u2019Arcas Gruber<\/strong><\/h2><p>Chez <strong>Arcas Gruber<\/strong>, nous nous engageons \u00e0 garantir une transparence totale dans l\u2019utilisation des cookies sur notre site internet. Voici une explication claire sur ce que sont les cookies, les types que nous utilisons et comment vous pouvez les g\u00e9rer.<\/p><hr \/><h3><strong>Que sont les cookies ?<\/strong><\/h3><p>Les cookies sont de petits fichiers t\u00e9l\u00e9charg\u00e9s sur votre ordinateur ou appareil lorsque vous acc\u00e9dez \u00e0 certaines pages web. Ils permettent \u00e0 un site internet de stocker et de r\u00e9cup\u00e9rer des informations sur les habitudes de navigation d\u2019un utilisateur ou de son appareil, voire de reconna\u00eetre l\u2019utilisateur en fonction des informations contenues dans les cookies.<\/p><p>Les cookies sont stock\u00e9s sur le disque dur pour une dur\u00e9e limit\u00e9e et n\u2019endommagent pas votre appareil. Ils ne contiennent aucune information personnelle sp\u00e9cifique et, dans la majorit\u00e9 des cas, sont automatiquement supprim\u00e9s \u00e0 la fermeture du navigateur (cookies de session).<\/p><hr \/><h3><strong>Utilisation des cookies sur notre site<\/strong><\/h3><p>La plupart des navigateurs acceptent les cookies par d\u00e9faut et permettent de g\u00e9rer leur utilisation via les param\u00e8tres de s\u00e9curit\u00e9. Sans votre consentement explicite, Arcas Gruber ne reliera pas les informations stock\u00e9es dans les cookies \u00e0 vos donn\u00e9es personnelles fournies lors de votre inscription ou achat.<\/p><hr \/><h3><strong>Quels types de cookies utilisons-nous ?<\/strong><\/h3><h4><strong>Cookies techniques :<\/strong><\/h4><p>Ces cookies permettent des fonctionnalit\u00e9s essentielles telles que la navigation, l\u2019acc\u00e8s aux zones s\u00e9curis\u00e9es, la gestion des commandes ou l\u2019utilisation d\u2019\u00e9l\u00e9ments de s\u00e9curit\u00e9. Exemples : contr\u00f4le du trafic, finalisation des achats, ou stockage de contenu multim\u00e9dia.<\/p><h4><strong>Cookies de personnalisation :<\/strong><\/h4><p>Ils permettent d\u2019adapter l\u2019exp\u00e9rience utilisateur selon des pr\u00e9f\u00e9rences comme la langue, la configuration r\u00e9gionale ou le type de navigateur.<\/p><h4><strong>Cookies d\u2019analyse :<\/strong><\/h4><p>G\u00e9r\u00e9s par nous ou par des tiers, ces cookies permettent de mesurer et d\u2019analyser statistiquement l\u2019interaction des utilisateurs avec notre site. Cela nous aide \u00e0 am\u00e9liorer nos produits et services.<\/p><h4><strong>Cookies tiers :<\/strong><\/h4><p>Notre site utilise des services tiers, tels que Google Analytics, pour collecter des donn\u00e9es statistiques et analyser l\u2019utilisation du site. Ces services peuvent partager les donn\u00e9es collect\u00e9es avec des tiers lorsque la loi l\u2019exige ou lorsqu\u2019ils traitent ces donn\u00e9es pour le compte de Google.<\/p><hr \/><h3><strong>Google Analytics<\/strong><\/h3><p>Ce site utilise Google Analytics, un service d\u2019analyse web fourni par Google, Inc., bas\u00e9 aux \u00c9tats-Unis (1600 Amphitheatre Parkway, Mountain View, California 94043).<br \/>Google Analytics utilise des cookies pour collecter des informations, y compris votre adresse IP, qui seront transmises et stock\u00e9es par Google. Ces informations peuvent \u00eatre partag\u00e9es avec des tiers en raison d\u2019obligations l\u00e9gales ou lorsqu\u2019elles sont trait\u00e9es pour le compte de Google.<\/p><hr \/><h3><strong>Consentement de l\u2019utilisateur<\/strong><\/h3><p>En utilisant ce site, vous acceptez express\u00e9ment le traitement des informations collect\u00e9es via les cookies de la mani\u00e8re et aux fins d\u00e9crites ci-dessus. Vous pouvez bloquer ou supprimer les cookies en configurant votre navigateur, mais cela pourrait limiter certaines fonctionnalit\u00e9s du site.<\/p><hr \/><h3><strong>Gestion des cookies<\/strong><\/h3><p>Vous pouvez autoriser, bloquer ou supprimer les cookies install\u00e9s sur votre appareil via les param\u00e8tres de votre navigateur. Voici comment proc\u00e9der avec les navigateurs les plus courants :<\/p><ul><li><a target=\"_new\" rel=\"noopener\">Chrome<\/a><\/li><li><a href=\"https:\/\/support.microsoft.com\/fr-fr\/help\/17442\/windows-internet-explorer-delete-manage-cookies\" target=\"_new\" rel=\"noopener\">Explorer<\/a><\/li><li><a href=\"https:\/\/support.mozilla.org\/fr\/kb\/activer-desactiver-cookies-preferences\" target=\"_new\" rel=\"noopener\">Firefox<\/a><\/li><li><a href=\"https:\/\/support.apple.com\/fr-fr\/guide\/safari\/sfri11471\/mac\" target=\"_new\" rel=\"noopener\">Safari<\/a><\/li><\/ul><hr \/><h3><strong>Contact<\/strong><\/h3><p>Si vous avez des questions concernant cette politique de cookies, n\u2019h\u00e9sitez pas \u00e0 nous contacter :<br \/>\ud83d\udce7 <strong>Email :<\/strong> <a rel=\"noopener\">info@arcasgruber.com<\/a><\/p><hr \/><h3><strong>Soutien du Fonds Europ\u00e9en de D\u00e9veloppement R\u00e9gional<\/strong><\/h3><p><strong>Arcas Gruber<\/strong> a b\u00e9n\u00e9fici\u00e9 du soutien du <strong>Fonds Europ\u00e9en de D\u00e9veloppement R\u00e9gional (FEDER)<\/strong>, dont l\u2019objectif est d\u2019am\u00e9liorer la comp\u00e9titivit\u00e9 des PME gr\u00e2ce \u00e0 des strat\u00e9gies en ligne internationales et au marketing digital. Cette initiative a \u00e9t\u00e9 soutenue par le <strong>Programme Xpande Digital<\/strong> de la Chambre de Commerce de Bilbao.<\/p><\/div><\/div><\/div><\/div>\t\t\t\t\t\t\t\t<\/div>\n\t\t\t\t<\/div>\n\t\t\t\t\t<\/div>\n\t\t<\/div>\n\t\t\t\t\t<\/div>\n\t\t<\/section>\n\t\t\t\t<\/div>\n\t\t","protected":false},"excerpt":{"rendered":"<p>Politique de Cookies d\u2019Arcas Gruber Chez Arcas Gruber, nous nous engageons \u00e0 garantir une transparence totale dans l\u2019utilisation des cookies<\/p>\n","protected":false},"author":3,"featured_media":0,"parent":0,"menu_order":24,"comment_status":"closed","ping_status":"closed","template":"","meta":{"_acf_changed":false,"footnotes":""},"class_list":["post-14173","page","type-page","status-publish","hentry"],"acf":[],"_links":{"self":[{"href":"https:\/\/arcasgruber.com\/fr\/wp-json\/wp\/v2\/pages\/14173","targetHints":{"allow":["GET"]}}],"collection":[{"href":"https:\/\/arcasgruber.com\/fr\/wp-json\/wp\/v2\/pages"}],"about":[{"href":"https:\/\/arcasgruber.com\/fr\/wp-json\/wp\/v2\/types\/page"}],"author":[{"embeddable":true,"href":"https:\/\/arcasgruber.com\/fr\/wp-json\/wp\/v2\/users\/3"}],"replies":[{"embeddable":true,"href":"https:\/\/arcasgruber.com\/fr\/wp-json\/wp\/v2\/comments?post=14173"}],"version-history":[{"count":0,"href":"https:\/\/arcasgruber.com\/fr\/wp-json\/wp\/v2\/pages\/14173\/revisions"}],"wp:attachment":[{"href":"https:\/\/arcasgruber.com\/fr\/wp-json\/wp\/v2\/media?parent=14173"}],"curies":[{"name":"wp","href":"https:\/\/api.w.org\/{rel}","templated":true}]}}