{"id":14160,"date":"2017-07-06T11:42:15","date_gmt":"2017-07-06T09:42:15","guid":{"rendered":"https:\/\/arcasgruber.com\/politica-de-privacidad-y-cookies\/"},"modified":"2022-03-02T13:35:02","modified_gmt":"2022-03-02T12:35:02","slug":"politica-de-privacidad-y-cookies","status":"publish","type":"page","link":"https:\/\/arcasgruber.com\/fr\/politica-de-privacidad-y-cookies\/","title":{"rendered":"Politique de confidentialit\u00e9"},"content":{"rendered":"<h1><\/h1>\n<p>Arcas Gruber est soucieux de prot\u00e9ger les donn\u00e9es personnelles que vous communiquez sur notre site, en conformit\u00e9 avec la Loi Informatique et Libert\u00e9s.<\/p>\n<p>Responsable du traitement de vos donn\u00e9es<\/p>\n<p>Arcas Gruber SA<\/p>\n<p>Si\u00e8ge social : 83, Avenue Antonio Alzaga 48980 Santurce<br \/>\nT\u00e9l\u00e9phone : 034 94 42 16 820<br \/>\nEmail: info@arcasgruber.com<\/p>\n<p>Donn\u00e9es personnelles que nous collectons<\/p>\n<p>Vous pouvez \u00eatre amen\u00e9 \u00e0 saisir et nous fournir des informations vous concernant ou concernant un Tiers. Elles peuvent s\u2019effectuer dans les cas suivants :<\/p>\n<p>Lorsque vous cr\u00e9ez un compte<br \/>\nLorsque vous passez commande sur notre site<br \/>\nLorsque vous prenez contact avec notre service commercial, service apr\u00e8s-vente<br \/>\nLorsque vous naviguez sur le site<br \/>\nLorsque vous partagez une page ou une offre par l\u2019interm\u00e9diaire d\u2019un r\u00e9seau social<br \/>\nLes donn\u00e9es collect\u00e9es sont destin\u00e9es \u00e0 l\u2019usage unique de Arcas Gruber. Ces donn\u00e9es permettent de g\u00e9rer au mieux la relation commerciale avec vous et vous tenir inform\u00e9s des derni\u00e8res op\u00e9rations commerciales, des offres et des actualit\u00e9s du site. Elles peuvent \u00e9galement fournies \u00e0 des partenaires commerciaux et aux soci\u00e9t\u00e9s sous-traitantes employ\u00e9es par Arcas Gruber dans le cadre de l\u2019ex\u00e9cution de votre commande et de votre livraison (gestion, logistique, \u2026)<\/p>\n<p>Traitement des donn\u00e9es<\/p>\n<p>Via Arcas Gruber, et si vous y avez consenti directement, vous pouvez \u00eatre amen\u00e9s \u00e0 recevoir \u00e9lectroniquement des informations commerciales \u00e9manant de l\u2019un ou plusieurs de nos partenaires.<\/p>\n<p>En passant commande sur Arcas Gruber, vous fournissez des informations personnelles. Elles peuvent \u00eatre utilis\u00e9es par Arcas Gruber pour vous informer, sous forme de e-mails \u00e9v\u00e9nementiels et\/ou personnalis\u00e9s de produits et services propos\u00e9s par Arcas Gruber.<\/p>\n<p>La soci\u00e9t\u00e9 Arcas Gruber est responsable du traitement de vos donn\u00e9es. Elles peuvent \u00eatre transmises aux soci\u00e9t\u00e9s et sous-traitants et a ses prestataires, situ\u00e9s dans et hors de l&#8217;Union europ\u00e9enne, auxquels la soci\u00e9t\u00e9 Arcas Gruber fait appel dans le cadre de l&#8217;ex\u00e9cution des Commandes et de la fourniture des services propos\u00e9s via le Site ou dans les conditions indiqu\u00e9es lors de la collecte des donn\u00e9es sur le Site.<\/p>\n<p>Les traitements de donn\u00e9es personnelles mis en \u0153uvre par la soci\u00e9t\u00e9 Arcas Gruber via le Site ont fait l&#8217;objet des registres et notifications pr\u00e9vus par la loi fran\u00e7aise \u00ab Informatique &amp; Libert\u00e9s \u00bb no 78-17 du 6 janvier 1978, notamment aupr\u00e8s de la CNIL (www.cnil.fr).<\/p>\n<p>Conform\u00e9ment \u00e0 cette loi, vous disposez d&#8217;un droit d&#8217;acc\u00e8s, de modification, de rectification et de suppression portant sur les donn\u00e9es personnelles vous concernant, que vous pouvez exercer en \u00e9crivant \u00e0 &#8221; Arcas Gruber &#8211; 83, Avenue Antonio Alzaga 48980 Santurce&#8221;.<\/p>\n<p>Dans le cas d\u2019une demande d\u2019acc\u00e8s \u00e0 vos donn\u00e9es personnelles, une copie de votre pi\u00e8ce d\u2019identit\u00e9 recto\/verso est n\u00e9cessaire.<\/p>\n<p>R\u00e9seaux sociaux<\/p>\n<p>Le Site utilise des plug-in de r\u00e9seaux sociaux, notamment Facebook, Linkedin, Youtube ou encore Google+ afin de vous permettre de partager nos offres commerciales \u00e0 un ami ou votre r\u00e9seau.<\/p>\n<p>Si vous interagissez au moyen des plug-ins, par exemple en cliquant sur le bouton \u00ab J&#8217;aime \u00bb ou \u00ab Partager \u00bb ou \u00ab +1 \u00bb, les informations li\u00e9es \u00e0 votre navigation sur le Site et \u00e0 votre adh\u00e9sion \u00e0 ces r\u00e9seaux seront transmises et enregistr\u00e9es sur un serveur de la soci\u00e9t\u00e9 exploitant le R\u00e9seau Social consid\u00e9r\u00e9 et partag\u00e9es selon les param\u00e8tres de votre compte d&#8217;utilisateur de ces R\u00e9seaux Sociaux, conform\u00e9ment aux conditions d&#8217;utilisation du R\u00e9seau Social consid\u00e9r\u00e9.<\/p>\n<p>Si vous ne souhaitez pas qu&#8217;un R\u00e9seau Social relie les informations collect\u00e9es par l&#8217;interm\u00e9diaire du Site au compte utilisateur du R\u00e9seau Social consid\u00e9r\u00e9, vous devez vous d\u00e9connecter du R\u00e9seau Social consid\u00e9r\u00e9 avant de visiter le Site.<\/p>\n<p>En tout \u00e9tat de cause, l&#8217;utilisation de ces plug-in ou boutons est op\u00e9r\u00e9e par ces R\u00e9seaux Sociaux et est exclusivement r\u00e9gie par les conditions vous liant au R\u00e9seau Social dont vous \u00eates membre.<\/p>\n","protected":false},"excerpt":{"rendered":"<p>Arcas Gruber est soucieux de prot\u00e9ger les donn\u00e9es personnelles que vous communiquez sur notre site, en conformit\u00e9 avec la Loi<\/p>\n","protected":false},"author":3,"featured_media":0,"parent":0,"menu_order":12,"comment_status":"closed","ping_status":"closed","template":"","meta":{"_acf_changed":false,"footnotes":""},"class_list":["post-14160","page","type-page","status-publish","hentry"],"acf":[],"_links":{"self":[{"href":"https:\/\/arcasgruber.com\/fr\/wp-json\/wp\/v2\/pages\/14160","targetHints":{"allow":["GET"]}}],"collection":[{"href":"https:\/\/arcasgruber.com\/fr\/wp-json\/wp\/v2\/pages"}],"about":[{"href":"https:\/\/arcasgruber.com\/fr\/wp-json\/wp\/v2\/types\/page"}],"author":[{"embeddable":true,"href":"https:\/\/arcasgruber.com\/fr\/wp-json\/wp\/v2\/users\/3"}],"replies":[{"embeddable":true,"href":"https:\/\/arcasgruber.com\/fr\/wp-json\/wp\/v2\/comments?post=14160"}],"version-history":[{"count":0,"href":"https:\/\/arcasgruber.com\/fr\/wp-json\/wp\/v2\/pages\/14160\/revisions"}],"wp:attachment":[{"href":"https:\/\/arcasgruber.com\/fr\/wp-json\/wp\/v2\/media?parent=14160"}],"curies":[{"name":"wp","href":"https:\/\/api.w.org\/{rel}","templated":true}]}}