{"id":13420,"date":"2014-12-23T14:33:43","date_gmt":"2014-12-23T14:33:43","guid":{"rendered":"https:\/\/arcasgruber.com\/servicios\/"},"modified":"2025-07-21T14:48:15","modified_gmt":"2025-07-21T12:48:15","slug":"service","status":"publish","type":"page","link":"https:\/\/arcasgruber.com\/fr\/service\/","title":{"rendered":"Service"},"content":{"rendered":"\t\t<div data-elementor-type=\"wp-page\" data-elementor-id=\"13420\" class=\"elementor elementor-13420 elementor-57\" data-elementor-post-type=\"page\">\n\t\t\t\t\t\t<section class=\"has_ae_slider elementor-section elementor-top-section elementor-element elementor-element-01fa8c0 elementor-section-boxed elementor-section-height-default elementor-section-height-default wd-section-disabled ae-bg-gallery-type-default\" data-id=\"01fa8c0\" data-element_type=\"section\">\n\t\t\t\t\t\t<div class=\"elementor-container elementor-column-gap-default\">\n\t\t\t\t\t<div class=\"has_ae_slider elementor-column elementor-col-100 elementor-top-column elementor-element elementor-element-a4fc871 ae-bg-gallery-type-default\" data-id=\"a4fc871\" data-element_type=\"column\">\n\t\t\t<div class=\"elementor-widget-wrap elementor-element-populated\">\n\t\t\t\t\t\t<div class=\"elementor-element elementor-element-60d774b elementor-widget elementor-widget-wd_text_block\" data-id=\"60d774b\" data-element_type=\"widget\" data-widget_type=\"wd_text_block.default\">\n\t\t\t\t<div class=\"elementor-widget-container\">\n\t\t\t\t\t\t\t<div class=\"wd-text-block reset-last-child text-left\">\n\t\t\t\n\t\t\t<p>Chez <strong>Arcas Gruber<\/strong>, nous sommes sp\u00e9cialis\u00e9s dans la <strong>s\u00e9curit\u00e9 physique<\/strong> avec plus de 110 ans d\u2019exp\u00e9rience dans le secteur. Depuis notre usine en Espagne, nous concevons, fabriquons et proposons des <strong>services professionnels<\/strong> complets pour prot\u00e9ger ce qui compte le plus : conception, transport, installation et maintenance sp\u00e9cialis\u00e9e.<\/p> <h2>Services professionnels pour les syst\u00e8mes de s\u00e9curit\u00e9<\/h2> <p>Nous offrons un <strong>service technique certifi\u00e9<\/strong>, adapt\u00e9 aux particuliers, aux entreprises, aux commerces, aux bijouteries, aux administrations publiques et aux forces de s\u00e9curit\u00e9. Notre engagement : fournir des <strong>solutions homologu\u00e9es<\/strong> avec un accompagnement personnalis\u00e9 \u00e0 chaque \u00e9tape du projet.<\/p>\n\t\t\t\t\t<\/div>\n\t\t\t\t\t\t<\/div>\n\t\t\t\t<\/div>\n\t\t\t\t\t<\/div>\n\t\t<\/div>\n\t\t\t\t\t<\/div>\n\t\t<\/section>\n\t\t\t\t<section class=\"has_ae_slider elementor-section elementor-top-section elementor-element elementor-element-fd44125 elementor-section-boxed elementor-section-height-default elementor-section-height-default wd-section-disabled ae-bg-gallery-type-default\" data-id=\"fd44125\" data-element_type=\"section\">\n\t\t\t\t\t\t<div class=\"elementor-container elementor-column-gap-default\">\n\t\t\t\t\t<div class=\"has_ae_slider elementor-column elementor-col-25 elementor-top-column elementor-element elementor-element-a0b4296 ae-bg-gallery-type-default\" data-id=\"a0b4296\" data-element_type=\"column\">\n\t\t\t<div class=\"elementor-widget-wrap elementor-element-populated\">\n\t\t\t\t\t\t<div class=\"elementor-element elementor-element-45c2963 elementor-cta--skin-classic elementor-animated-content elementor-bg-transform elementor-bg-transform-zoom-in elementor-widget elementor-widget-call-to-action\" data-id=\"45c2963\" data-element_type=\"widget\" data-widget_type=\"call-to-action.default\">\n\t\t\t\t<div class=\"elementor-widget-container\">\n\t\t\t\t\t\t\t<div class=\"elementor-cta\">\n\t\t\t\t\t<div class=\"elementor-cta__bg-wrapper\">\n\t\t\t\t<div class=\"elementor-cta__bg elementor-bg\" style=\"background-image: url(https:\/\/arcasgruber.com\/wp-content\/uploads\/2025\/07\/instalacion-cajas-fuertes-800x800.webp);\" role=\"img\" aria-label=\"Instaladores de cajas fuertes profesionales Arcas Gruber\"><\/div>\n\t\t\t\t<div class=\"elementor-cta__bg-overlay\"><\/div>\n\t\t\t<\/div>\n\t\t\t\t\t\t\t<div class=\"elementor-cta__content\">\n\t\t\t\t\n\t\t\t\t\t\t\t\t\t<h2 class=\"elementor-cta__title elementor-cta__content-item elementor-content-item\">\n\t\t\t\t\t\tInstallation\t\t\t\t\t<\/h2>\n\t\t\t\t\n\t\t\t\t\t\t\t\t\t<div class=\"elementor-cta__description elementor-cta__content-item elementor-content-item\">\n\t\t\t\t\t\t<p>Dans toute l\u2019Europe<\/p>\n\t\t\t\t\t<\/div>\n\t\t\t\t\n\t\t\t\t\t\t\t\t\t<div class=\"elementor-cta__button-wrapper elementor-cta__content-item elementor-content-item \">\n\t\t\t\t\t<a class=\"elementor-cta__button elementor-button elementor-size-\" href=\"https:\/\/arcasgruber.com\/fr\/service\/installateurs-coffres-forts\/\">\n\t\t\t\t\t\tInstallation certifi\u00e9e\t\t\t\t\t<\/a>\n\t\t\t\t\t<\/div>\n\t\t\t\t\t\t\t<\/div>\n\t\t\t\t\t\t<\/div>\n\t\t\t\t\t\t<\/div>\n\t\t\t\t<\/div>\n\t\t\t\t\t<\/div>\n\t\t<\/div>\n\t\t\t\t<div class=\"has_ae_slider elementor-column elementor-col-25 elementor-top-column elementor-element elementor-element-da28ec7 ae-bg-gallery-type-default\" data-id=\"da28ec7\" data-element_type=\"column\">\n\t\t\t<div class=\"elementor-widget-wrap elementor-element-populated\">\n\t\t\t\t\t\t<div class=\"elementor-element elementor-element-1ee6690 elementor-cta--skin-classic elementor-animated-content elementor-bg-transform elementor-bg-transform-zoom-in elementor-widget elementor-widget-call-to-action\" data-id=\"1ee6690\" data-element_type=\"widget\" data-widget_type=\"call-to-action.default\">\n\t\t\t\t<div class=\"elementor-widget-container\">\n\t\t\t\t\t\t\t<div class=\"elementor-cta\">\n\t\t\t\t\t<div class=\"elementor-cta__bg-wrapper\">\n\t\t\t\t<div class=\"elementor-cta__bg elementor-bg\" style=\"background-image: url(https:\/\/arcasgruber.com\/wp-content\/uploads\/2025\/07\/transporte-cajas-fuertes-800x800.webp);\" role=\"img\" aria-label=\"Transporte profesional de cajas fuertes Arcas Gruber\"><\/div>\n\t\t\t\t<div class=\"elementor-cta__bg-overlay\"><\/div>\n\t\t\t<\/div>\n\t\t\t\t\t\t\t<div class=\"elementor-cta__content\">\n\t\t\t\t\n\t\t\t\t\t\t\t\t\t<h2 class=\"elementor-cta__title elementor-cta__content-item elementor-content-item\">\n\t\t\t\t\t\tTransport\t\t\t\t\t<\/h2>\n\t\t\t\t\n\t\t\t\t\t\t\t\t\t<div class=\"elementor-cta__description elementor-cta__content-item elementor-content-item\">\n\t\t\t\t\t\t<p>\u00c0 l\u2019\u00e9chelle mondiale<\/p>\n\t\t\t\t\t<\/div>\n\t\t\t\t\n\t\t\t\t\t\t\t\t\t<div class=\"elementor-cta__button-wrapper elementor-cta__content-item elementor-content-item \">\n\t\t\t\t\t<a class=\"elementor-cta__button elementor-button elementor-size-\" href=\"https:\/\/arcasgruber.com\/fr\/service\/transport-coffres-forts\/\">\n\t\t\t\t\t\tTransport\t\t\t\t\t<\/a>\n\t\t\t\t\t<\/div>\n\t\t\t\t\t\t\t<\/div>\n\t\t\t\t\t\t<\/div>\n\t\t\t\t\t\t<\/div>\n\t\t\t\t<\/div>\n\t\t\t\t\t<\/div>\n\t\t<\/div>\n\t\t\t\t<div class=\"has_ae_slider elementor-column elementor-col-25 elementor-top-column elementor-element elementor-element-d724102 ae-bg-gallery-type-default\" data-id=\"d724102\" data-element_type=\"column\">\n\t\t\t<div class=\"elementor-widget-wrap elementor-element-populated\">\n\t\t\t\t\t\t<div class=\"elementor-element elementor-element-c81a480 elementor-cta--skin-classic elementor-animated-content elementor-bg-transform elementor-bg-transform-zoom-in elementor-widget elementor-widget-call-to-action\" data-id=\"c81a480\" data-element_type=\"widget\" data-widget_type=\"call-to-action.default\">\n\t\t\t\t<div class=\"elementor-widget-container\">\n\t\t\t\t\t\t\t<div class=\"elementor-cta\">\n\t\t\t\t\t<div class=\"elementor-cta__bg-wrapper\">\n\t\t\t\t<div class=\"elementor-cta__bg elementor-bg\" style=\"background-image: url(https:\/\/arcasgruber.com\/wp-content\/uploads\/2025\/07\/cerrajero-cajas-fuertes-800x800.webp);\" role=\"img\" aria-label=\"Cerrajero abriendo caja fuerte profesional Arcas Gruber\"><\/div>\n\t\t\t\t<div class=\"elementor-cta__bg-overlay\"><\/div>\n\t\t\t<\/div>\n\t\t\t\t\t\t\t<div class=\"elementor-cta__content\">\n\t\t\t\t\n\t\t\t\t\t\t\t\t\t<h2 class=\"elementor-cta__title elementor-cta__content-item elementor-content-item\">\n\t\t\t\t\t\tSerruriers\t\t\t\t\t<\/h2>\n\t\t\t\t\n\t\t\t\t\t\t\t\t\t<div class=\"elementor-cta__description elementor-cta__content-item elementor-content-item\">\n\t\t\t\t\t\t<p>Ouverture de coffres-forts<\/p>\n\t\t\t\t\t<\/div>\n\t\t\t\t\n\t\t\t\t\t\t\t\t\t<div class=\"elementor-cta__button-wrapper elementor-cta__content-item elementor-content-item \">\n\t\t\t\t\t<a class=\"elementor-cta__button elementor-button elementor-size-\" href=\"https:\/\/arcasgruber.com\/fr\/service\/serruriers-coffres-forts\/\">\n\t\t\t\t\t\tSerruriers\t\t\t\t\t<\/a>\n\t\t\t\t\t<\/div>\n\t\t\t\t\t\t\t<\/div>\n\t\t\t\t\t\t<\/div>\n\t\t\t\t\t\t<\/div>\n\t\t\t\t<\/div>\n\t\t\t\t\t<\/div>\n\t\t<\/div>\n\t\t\t\t<div class=\"has_ae_slider elementor-column elementor-col-25 elementor-top-column elementor-element elementor-element-540c951 ae-bg-gallery-type-default\" data-id=\"540c951\" data-element_type=\"column\">\n\t\t\t<div class=\"elementor-widget-wrap elementor-element-populated\">\n\t\t\t\t\t\t<div class=\"elementor-element elementor-element-0c9dc73 elementor-cta--skin-classic elementor-animated-content elementor-bg-transform elementor-bg-transform-zoom-in elementor-widget elementor-widget-call-to-action\" data-id=\"0c9dc73\" data-element_type=\"widget\" data-widget_type=\"call-to-action.default\">\n\t\t\t\t<div class=\"elementor-widget-container\">\n\t\t\t\t\t\t\t<div class=\"elementor-cta\">\n\t\t\t\t\t<div class=\"elementor-cta__bg-wrapper\">\n\t\t\t\t<div class=\"elementor-cta__bg elementor-bg\" style=\"background-image: url(https:\/\/arcasgruber.com\/wp-content\/uploads\/2025\/07\/mantenimiento-cajas-fuertes-800x800.webp);\" role=\"img\" aria-label=\"Mantenimiento profesional de cajas fuertes Arcas Gruber\"><\/div>\n\t\t\t\t<div class=\"elementor-cta__bg-overlay\"><\/div>\n\t\t\t<\/div>\n\t\t\t\t\t\t\t<div class=\"elementor-cta__content\">\n\t\t\t\t\n\t\t\t\t\t\t\t\t\t<h2 class=\"elementor-cta__title elementor-cta__content-item elementor-content-item\">\n\t\t\t\t\t\tMaintenance\t\t\t\t\t<\/h2>\n\t\t\t\t\n\t\t\t\t\t\t\t\t\t<div class=\"elementor-cta__description elementor-cta__content-item elementor-content-item\">\n\t\t\t\t\t\t<p>Service apr\u00e8s-vente<\/p>\n\t\t\t\t\t<\/div>\n\t\t\t\t\n\t\t\t\t\t\t\t\t\t<div class=\"elementor-cta__button-wrapper elementor-cta__content-item elementor-content-item \">\n\t\t\t\t\t<a class=\"elementor-cta__button elementor-button elementor-size-\" href=\"https:\/\/arcasgruber.com\/fr\/service\/maintenance-coffres-forts\/\">\n\t\t\t\t\t\tMaintenance\t\t\t\t\t<\/a>\n\t\t\t\t\t<\/div>\n\t\t\t\t\t\t\t<\/div>\n\t\t\t\t\t\t<\/div>\n\t\t\t\t\t\t<\/div>\n\t\t\t\t<\/div>\n\t\t\t\t\t<\/div>\n\t\t<\/div>\n\t\t\t\t\t<\/div>\n\t\t<\/section>\n\t\t\t\t<section class=\"has_ae_slider elementor-section elementor-top-section elementor-element elementor-element-898eaee elementor-section-boxed elementor-section-height-default elementor-section-height-default wd-section-disabled ae-bg-gallery-type-default\" data-id=\"898eaee\" data-element_type=\"section\">\n\t\t\t\t\t\t<div class=\"elementor-container elementor-column-gap-default\">\n\t\t\t\t\t<div class=\"has_ae_slider elementor-column elementor-col-100 elementor-top-column elementor-element elementor-element-40ad244 ae-bg-gallery-type-default\" data-id=\"40ad244\" data-element_type=\"column\">\n\t\t\t<div class=\"elementor-widget-wrap elementor-element-populated\">\n\t\t\t\t\t\t<div class=\"elementor-element elementor-element-6e535b4 elementor-widget elementor-widget-wd_text_block\" data-id=\"6e535b4\" data-element_type=\"widget\" data-widget_type=\"wd_text_block.default\">\n\t\t\t\t<div class=\"elementor-widget-container\">\n\t\t\t\t\t\t\t<div class=\"wd-text-block reset-last-child text-left\">\n\t\t\t\n\t\t\t<h3>Principaux services disponibles :<\/h3> <ul> <li><strong>Fabrication sur mesure<\/strong> de <a href=\"https:\/\/arcasgruber.com\/fr\/coffres-forts\/\">coffres-forts<\/a>, portes blind\u00e9es et chambres fortes, adapt\u00e9es aux besoins de chaque client.<\/li> <li><strong>Transport sp\u00e9cialis\u00e9<\/strong> avec nos propres \u00e9quipes techniques pour le d\u00e9placement de coffres-forts et de syst\u00e8mes de s\u00e9curit\u00e9 de grande taille ou de poids \u00e9lev\u00e9.<\/li> <li><strong>Installation professionnelle<\/strong> r\u00e9alis\u00e9e par des installateurs certifi\u00e9s, avec un service disponible en France, Belgique, Suisse, Luxembourg et Monaco.<\/li> <li><strong>Maintenance pr\u00e9ventive et corrective<\/strong> de tous les syst\u00e8mes de s\u00e9curit\u00e9 physique, avec une assistance technique disponible dans toute l'Europe.<\/li> <li><strong>Service apr\u00e8s-vente et assistance technique<\/strong> garantissant le bon fonctionnement de chaque installation.<\/li> <\/ul> <h2>Couverture internationale : France et pays francophones<\/h2> <p>Nous intervenons dans toute la France, en Belgique, en Suisse, au Luxembourg et \u00e0 Monaco gr\u00e2ce \u00e0 notre r\u00e9seau logistique et technique international. Que ce soit pour des r\u00e9sidences priv\u00e9es, des bureaux ou des \u00e9tablissements commerciaux, notre \u00e9quipe assure une <strong>installation propre, s\u00fbre et efficace<\/strong>.<\/p> <p>D\u00e9couvrez notre large gamme de <a href=\"https:\/\/arcasgruber.com\/fr\/coffres-forts\/\">coffres-forts<\/a> ou explorez notre offre sp\u00e9cialis\u00e9e :<\/p> <ul> <li><a href=\"https:\/\/arcasgruber.com\/fr\/coffres-forts-en-france\/\">Coffres-forts en France<\/a><\/li> <li><a href=\"https:\/\/arcasgruber.com\/fr\/coffres-forts-belgique\/\">Coffres-forts en Belgique<\/a><\/li> <li><a href=\"https:\/\/arcasgruber.com\/fr\/coffres-forts-en-suisse\/\">Coffres-forts en Suisse<\/a><\/li> <li><a href=\"https:\/\/arcasgruber.com\/fr\/coffres-forts-au-luxembourg\/\">Coffres-forts au Luxembourg<\/a><\/li> <li><a href=\"https:\/\/arcasgruber.com\/fr\/coffres-forts-monaco\/\">Coffres-forts \u00e0 Monaco<\/a><\/li> <li><a href=\"https:\/\/arcasgruber.com\/fr\/coffres-forts-certifies\/\">Coffres-forts certifi\u00e9s<\/a><\/li> <\/ul> <h2>Engagement qualit\u00e9 et assistance technique<\/h2> <p>En tant que <strong>fabricant certifi\u00e9 UNE EN 1143-1<\/strong> et titulaire de la <strong>certification ISO 9001<\/strong>, nous garantissons un niveau de qualit\u00e9 optimal pour chaque produit et chaque service. Notre <strong>service apr\u00e8s-vente<\/strong> assure le fonctionnement continu et fiable de tous nos syst\u00e8mes de s\u00e9curit\u00e9.<\/p> <p>Vous avez un projet sp\u00e9cifique ou besoin d\u2019une assistance technique ? <a href=\"https:\/\/arcasgruber.com\/fr\/contact\/\"><strong>Contactez Arcas Gruber<\/strong><\/a> d\u00e8s aujourd\u2019hui et notre \u00e9quipe vous proposera un accompagnement personnalis\u00e9 et une solution sur mesure.<\/p>\n\t\t\t\t\t<\/div>\n\t\t\t\t\t\t<\/div>\n\t\t\t\t<\/div>\n\t\t\t\t\t<\/div>\n\t\t<\/div>\n\t\t\t\t\t<\/div>\n\t\t<\/section>\n\t\t\t\t<\/div>\n\t\t","protected":false},"excerpt":{"rendered":"<p>Chez Arcas Gruber, nous sommes sp\u00e9cialis\u00e9s dans la s\u00e9curit\u00e9 physique avec plus de 110 ans d\u2019exp\u00e9rience dans le secteur. Depuis<\/p>\n","protected":false},"author":3,"featured_media":507733,"parent":0,"menu_order":7,"comment_status":"closed","ping_status":"open","template":"","meta":{"_acf_changed":false,"footnotes":""},"class_list":["post-13420","page","type-page","status-publish","has-post-thumbnail","hentry"],"acf":[],"_links":{"self":[{"href":"https:\/\/arcasgruber.com\/fr\/wp-json\/wp\/v2\/pages\/13420","targetHints":{"allow":["GET"]}}],"collection":[{"href":"https:\/\/arcasgruber.com\/fr\/wp-json\/wp\/v2\/pages"}],"about":[{"href":"https:\/\/arcasgruber.com\/fr\/wp-json\/wp\/v2\/types\/page"}],"author":[{"embeddable":true,"href":"https:\/\/arcasgruber.com\/fr\/wp-json\/wp\/v2\/users\/3"}],"replies":[{"embeddable":true,"href":"https:\/\/arcasgruber.com\/fr\/wp-json\/wp\/v2\/comments?post=13420"}],"version-history":[{"count":0,"href":"https:\/\/arcasgruber.com\/fr\/wp-json\/wp\/v2\/pages\/13420\/revisions"}],"wp:featuredmedia":[{"embeddable":true,"href":"https:\/\/arcasgruber.com\/fr\/wp-json\/wp\/v2\/media\/507733"}],"wp:attachment":[{"href":"https:\/\/arcasgruber.com\/fr\/wp-json\/wp\/v2\/media?parent=13420"}],"curies":[{"name":"wp","href":"https:\/\/api.w.org\/{rel}","templated":true}]}}