{"id":515005,"date":"2017-06-14T11:23:52","date_gmt":"2017-06-14T09:23:52","guid":{"rendered":"https:\/\/arcasgruber.com\/unkategorisiert\/pa4409\/"},"modified":"2025-10-02T09:34:27","modified_gmt":"2025-10-02T07:34:27","slug":"pa4409","status":"publish","type":"product","link":"https:\/\/arcasgruber.com\/de\/produkte-fur-tresorraume\/tresorraumturen\/pa4409\/","title":{"rendered":"Tresorraumt\u00fcr Grad 9 PA4009"},"content":{"rendered":"<h2><strong>Tresorraumt\u00fcr Grad 9 PA4009<\/strong><\/h2>\n<p>Die <strong>Tresorraumt\u00fcr Grad 9 PA4009<\/strong> von <strong>Arcas Gruber<\/strong> ist f\u00fcr den Einsatz in Hochrisikobereichen konzipiert. Zertifiziert nach der europ\u00e4ischen Norm <strong>UNE EN 1143-1:1998<\/strong>, bietet sie extremen Widerstand gegen Einbruchsversuche, thermische Angriffe und Explosivmethoden. Diese T\u00fcr ist ideal f\u00fcr <a href=\"https:\/\/arcasgruber.com\/de\/produkte-fur-tresorraume\/tresorraume\/\"><strong><span style=\"text-decoration: underline;\">Tresorr\u00e4ume<\/span><\/strong><\/a>, Banken, staatliche Einrichtungen und milit\u00e4rische Bunker.<\/p>\n<h3>Technische Hauptmerkmale<\/h3>\n<ul>\n<li><strong>Au\u00dfenma\u00dfe:<\/strong> 2275 \u00d7 1410 \u00d7 520 mm<\/li>\n<li><strong>Durchgangsma\u00dfe:<\/strong> 2000 \u00d7 900 \u00d7 450 mm<\/li>\n<li><strong>T\u00fcrst\u00e4rke:<\/strong> 450 mm<\/li>\n<li><strong>Gewicht:<\/strong> ca. 2400 kg<\/li>\n<li><strong>Konstruktion:<\/strong> Hochfeste Stahlplatten<\/li>\n<\/ul>\n<h3>Standard-Schlie\u00dfmechanismen<\/h3>\n<ul>\n<li>Zwei Doppelbartschl\u00f6sser nach <strong>UNE EN 1300 Klasse C<\/strong><\/li>\n<\/ul>\n<h3>Optionale Schlie\u00dfsysteme<\/h3>\n<ul>\n<li>Mechanische Kombination<\/li>\n<li>Digitale Kombination<\/li>\n<li>Programmierbare digitale Kombination f\u00fcr mehrere Benutzer<\/li>\n<li>Biometrisches System (Fingerabdruck)<\/li>\n<li>Magnetkarten-\u00d6ffnung<\/li>\n<\/ul>\n<h3>Installation<\/h3>\n<p>Die <strong>PA4009<\/strong> wird mit einem <strong>Verankerungs- und Betonrahmensystem<\/strong> installiert. Optional kann der Rahmen bereits betoniert geliefert werden, um die Montage auf vorhandenen Strukturen zu vereinfachen.<\/p>\n<h3>Zusatzoptionen und Zubeh\u00f6r<\/h3>\n<ul>\n<li>Feuerschutz-Kit<\/li>\n<li>Sicherheits-Notausgang (Tramp\u00f3n)<\/li>\n<li>Automatische Beleuchtung beim \u00d6ffnen\/Schlie\u00dfen<\/li>\n<li>Ballistischer Stahl f\u00fcr h\u00f6chste Widerstandsf\u00e4higkeit<\/li>\n<li>Werkseitig betonierte Rahmen<\/li>\n<\/ul>\n<h3>Zertifizierung und Qualit\u00e4t<\/h3>\n<p>Die <strong>Tresorraumt\u00fcr PA4009<\/strong> ist offiziell in <strong>Klass 9 nach UNE EN 1143-1<\/strong> zertifiziert. Sie geh\u00f6rt zur exklusiven Produktlinie von <a href=\"https:\/\/arcasgruber.com\/de\/produkte-fur-tresorraume\/tresorraumturen\/\"><strong><span style=\"text-decoration: underline;\">Tresorraumt\u00fcren<\/span><\/strong><\/a> von <strong>Arcas Gruber<\/strong>, einem f\u00fchrenden europ\u00e4ischen Hersteller von <a href=\"https:\/\/arcasgruber.com\/de\/produkte-fur-tresorraume\/\"><strong><span style=\"text-decoration: underline;\">gepanzerten Produkten<\/span><\/strong><\/a>, <a href=\"https:\/\/arcasgruber.com\/de\/tresore\/\"><strong><span style=\"text-decoration: underline;\">Tresoren<\/span><\/strong><\/a> und <a href=\"https:\/\/arcasgruber.com\/de\/produkte-fur-tresorraume\/tresorraume\/\"><strong><span style=\"text-decoration: underline;\">Tresorr\u00e4umen<\/span><\/strong><\/a>.<\/p>\n","protected":false},"excerpt":{"rendered":"<p>Die <strong>Tresorraumt\u00fcr Grad 9 PA4009<\/strong> bietet maximale Sicherheit f\u00fcr Banken, Tresorr\u00e4ume und milit\u00e4rische Einrichtungen. Zertifiziert nach UNE EN 1143-1 garantiert sie gepr\u00fcften Widerstand gegen modernste Angriffsmethoden.<\/p>\n","protected":false},"featured_media":515006,"template":"","meta":{"_acf_changed":false},"product_brand":[],"product_cat":[3280],"product_tag":[],"class_list":{"0":"post-515005","1":"product","2":"type-product","3":"status-publish","4":"has-post-thumbnail","6":"product_cat-tresorraumturen","8":"first","9":"instock","10":"taxable","11":"shipping-taxable","12":"purchasable","13":"product-type-simple"},"acf":[],"_links":{"self":[{"href":"https:\/\/arcasgruber.com\/de\/wp-json\/wp\/v2\/product\/515005","targetHints":{"allow":["GET"]}}],"collection":[{"href":"https:\/\/arcasgruber.com\/de\/wp-json\/wp\/v2\/product"}],"about":[{"href":"https:\/\/arcasgruber.com\/de\/wp-json\/wp\/v2\/types\/product"}],"version-history":[{"count":0,"href":"https:\/\/arcasgruber.com\/de\/wp-json\/wp\/v2\/product\/515005\/revisions"}],"wp:featuredmedia":[{"embeddable":true,"href":"https:\/\/arcasgruber.com\/de\/wp-json\/wp\/v2\/media\/515006"}],"wp:attachment":[{"href":"https:\/\/arcasgruber.com\/de\/wp-json\/wp\/v2\/media?parent=515005"}],"wp:term":[{"taxonomy":"product_brand","embeddable":true,"href":"https:\/\/arcasgruber.com\/de\/wp-json\/wp\/v2\/product_brand?post=515005"},{"taxonomy":"product_cat","embeddable":true,"href":"https:\/\/arcasgruber.com\/de\/wp-json\/wp\/v2\/product_cat?post=515005"},{"taxonomy":"product_tag","embeddable":true,"href":"https:\/\/arcasgruber.com\/de\/wp-json\/wp\/v2\/product_tag?post=515005"}],"curies":[{"name":"wp","href":"https:\/\/api.w.org\/{rel}","templated":true}]}}