{"id":514868,"date":"2018-03-01T11:52:32","date_gmt":"2018-03-01T10:52:32","guid":{"rendered":"https:\/\/arcasgruber.com\/unkategorisiert\/seguridad-hogar\/"},"modified":"2025-10-01T08:26:52","modified_gmt":"2025-10-01T06:26:52","slug":"panikraum-haus","status":"publish","type":"product","link":"https:\/\/arcasgruber.com\/de\/produkte-fur-tresorraume\/panikraume\/panikraum-haus\/","title":{"rendered":"Panikraum Sicherheit Zuhause"},"content":{"rendered":"<h2>Panikraum f\u00fcr Zuhause<\/h2>\n<p>Der <strong>Panikraum f\u00fcr Zuhause<\/strong>\u00a0ist f\u00fcr Einfamilienh\u00e4user und Villen konzipiert und bietet einen sicheren R\u00fcckzugsort bei Einbruch, Entf\u00fchrungsversuchen oder \u00dcberf\u00e4llen. Jeder Raum wird individuell gefertigt mit <strong>schussfesten Sicherheitst\u00fcren der Klasse 5<\/strong> und optional <strong>zertifizierten Tresort\u00fcren nach UNE EN 1143-1<\/strong> f\u00fcr noch mehr Schutz.<\/p>\n<h3>Sicherheitsoptionen<\/h3>\n<ul>\n<li>Alarmsysteme, verbunden mit Leitstellen und Polizei<\/li>\n<li>Notfallknopf<\/li>\n<li>Unabh\u00e4ngiges Telefonsystem<\/li>\n<li>Gasabwehrsystem<\/li>\n<li>Verst\u00e4rkte L\u00fcftungsgitter<\/li>\n<li>Sicherheitsluke<\/li>\n<li>Zertifizierte Tresort\u00fcren<\/li>\n<\/ul>\n<h3>Geeignet f\u00fcr<\/h3>\n<ul>\n<li><strong>Verm\u00f6gende Privatpersonen<\/strong><\/li>\n<li><strong>\u00d6ffentliche Pers\u00f6nlichkeiten und VIPs<\/strong> (Politiker, Prominente, Manager)<\/li>\n<li><strong>Berufsgruppen mit erh\u00f6htem Risiko<\/strong> (Richter, Anw\u00e4lte, Banker, Sicherheitspersonal)<\/li>\n<li><strong>Familien mit kleinen Kindern<\/strong><\/li>\n<li><strong>Privatpersonen mit besonderen Sicherheitsbed\u00fcrfnissen<\/strong><\/li>\n<\/ul>\n<p>Entdecken Sie unsere komplette Auswahl an <a href=\"https:\/\/arcasgruber.com\/de\/produkte-fur-tresorraume\/panikraume\/\"><strong><em>Panikr\u00e4umen<\/em><\/strong><\/a>.<\/p>\n<p>Erh\u00f6hen Sie die Sicherheit Ihres Hauses zus\u00e4tzlich mit unseren <a href=\"https:\/\/arcasgruber.com\/de\/tresore\/\"><strong>zertifizierten Tresoren<\/strong><\/a>.<\/p>\n<p><a href=\"https:\/\/arcasgruber.com\/de\/kontakt\/\"><strong>Fordern Sie jetzt Ihr individuelles Projekt an<\/strong><\/a>.<\/p>\n","protected":false},"excerpt":{"rendered":"<p><strong>Panikraum f\u00fcr Wohnh\u00e4user<\/strong>: ma\u00dfgeschneidert mit schussfesten T\u00fcren der Klasse 5. H\u00f6chste Sicherheit f\u00fcr Einfamilienh\u00e4user und Villen.<\/p>\n","protected":false},"featured_media":514867,"template":"","meta":{"_acf_changed":false},"product_brand":[],"product_cat":[3281],"product_tag":[],"class_list":{"0":"post-514868","1":"product","2":"type-product","3":"status-publish","4":"has-post-thumbnail","6":"product_cat-panikraume","8":"first","9":"instock","10":"taxable","11":"shipping-taxable","12":"purchasable","13":"product-type-simple"},"acf":[],"_links":{"self":[{"href":"https:\/\/arcasgruber.com\/de\/wp-json\/wp\/v2\/product\/514868","targetHints":{"allow":["GET"]}}],"collection":[{"href":"https:\/\/arcasgruber.com\/de\/wp-json\/wp\/v2\/product"}],"about":[{"href":"https:\/\/arcasgruber.com\/de\/wp-json\/wp\/v2\/types\/product"}],"version-history":[{"count":0,"href":"https:\/\/arcasgruber.com\/de\/wp-json\/wp\/v2\/product\/514868\/revisions"}],"wp:featuredmedia":[{"embeddable":true,"href":"https:\/\/arcasgruber.com\/de\/wp-json\/wp\/v2\/media\/514867"}],"wp:attachment":[{"href":"https:\/\/arcasgruber.com\/de\/wp-json\/wp\/v2\/media?parent=514868"}],"wp:term":[{"taxonomy":"product_brand","embeddable":true,"href":"https:\/\/arcasgruber.com\/de\/wp-json\/wp\/v2\/product_brand?post=514868"},{"taxonomy":"product_cat","embeddable":true,"href":"https:\/\/arcasgruber.com\/de\/wp-json\/wp\/v2\/product_cat?post=514868"},{"taxonomy":"product_tag","embeddable":true,"href":"https:\/\/arcasgruber.com\/de\/wp-json\/wp\/v2\/product_tag?post=514868"}],"curies":[{"name":"wp","href":"https:\/\/api.w.org\/{rel}","templated":true}]}}