{"id":514813,"date":"2017-06-14T11:25:45","date_gmt":"2017-06-14T09:25:45","guid":{"rendered":"https:\/\/arcasgruber.com\/unkategorisiert\/esblin29\/"},"modified":"2025-09-29T17:24:22","modified_gmt":"2025-09-29T15:24:22","slug":"esblin29","status":"publish","type":"product","link":"https:\/\/arcasgruber.com\/de\/produkte-fuer-kassenbereiche\/wagenschleusen\/esblin29\/","title":{"rendered":"Wagenschleuse ESBLIN29 kugelsicher"},"content":{"rendered":"<h2>Wagenschleuse ESBLIN29<\/h2>\n<p>Die <strong>Wagenschleuse ESBLIN29<\/strong> wurde entwickelt, um h\u00f6chste Sicherheit im Kundenservice zu gew\u00e4hrleisten. Mit Sichtfenster aus kugelsicherem Glas und Edelstahlkonstruktion garantiert sie Best\u00e4ndigkeit und Schutz. Sie geh\u00f6rt zur Reihe der <a href=\"https:\/\/arcasgruber.com\/de\/produkte-fuer-kassenbereiche\/wagenschleusen\/\">Wagenschleusen<\/a> von Arcas Gruber.<\/p>\n<h3>Hauptmerkmale<\/h3>\n<ul>\n<li><strong>Au\u00dfenma\u00dfe:<\/strong> 800 x 490 x 120 mm<\/li>\n<li><strong>Einbauma\u00dfe:<\/strong> 745 x 445 x 120 mm<\/li>\n<li><strong>Gewicht:<\/strong> 85 kg<\/li>\n<li><strong>Sichtfenster:<\/strong> kugelsicheres Glas<\/li>\n<li><strong>Konstruktion:<\/strong> Edelstahl mit polierter Oberfl\u00e4che<\/li>\n<li><strong>Sicherheit:<\/strong> Innenverriegelung verhindert Entnahme von au\u00dfen<\/li>\n<li><strong>Sicherheitsstufe:<\/strong> sehr hoch<\/li>\n<\/ul>\n<h3>Einsatzbereiche<\/h3>\n<p>Die ESBLIN29 eignet sich f\u00fcr <strong>Krankenh\u00e4user, Apotheken, Kliniken, Tankstellen und Unternehmen<\/strong>, die h\u00f6chste Sicherheit in ihren <a href=\"https:\/\/arcasgruber.com\/de\/produkte-fuer-kassenbereiche\/\">Kassenbereichen<\/a> ben\u00f6tigen.<\/p>\n<h3>Optionale Ausstattung<\/h3>\n<ul>\n<li>Kugelsicheres Glas<\/li>\n<li>Frontlautsprecher<\/li>\n<li>Externe Gegensprechanlage<\/li>\n<\/ul>\n<h3>Arcas Gruber Verpflichtung<\/h3>\n<p>Mit \u00fcber 100 Jahren Erfahrung garantiert Arcas Gruber, dass die ESBLIN29 die gleiche Zuverl\u00e4ssigkeit wie unsere <a href=\"https:\/\/arcasgruber.com\/de\/tresore\/\">Tresore<\/a> bietet und h\u00f6chste Sicherheit gew\u00e4hrleistet.<\/p>\n","protected":false},"excerpt":{"rendered":"<p>Die <strong>Wagenschleuse ESBLIN29<\/strong> mit kugelsicherem Sichtfenster wird aus Edelstahl gefertigt, um maximale Sicherheit zu bieten.<\/p>\n","protected":false},"featured_media":514815,"template":"","meta":{"_acf_changed":false},"product_brand":[],"product_cat":[3325],"product_tag":[],"class_list":{"0":"post-514813","1":"product","2":"type-product","3":"status-publish","4":"has-post-thumbnail","6":"product_cat-wagenschleusen","8":"first","9":"instock","10":"taxable","11":"shipping-taxable","12":"purchasable","13":"product-type-simple"},"acf":[],"_links":{"self":[{"href":"https:\/\/arcasgruber.com\/de\/wp-json\/wp\/v2\/product\/514813","targetHints":{"allow":["GET"]}}],"collection":[{"href":"https:\/\/arcasgruber.com\/de\/wp-json\/wp\/v2\/product"}],"about":[{"href":"https:\/\/arcasgruber.com\/de\/wp-json\/wp\/v2\/types\/product"}],"version-history":[{"count":0,"href":"https:\/\/arcasgruber.com\/de\/wp-json\/wp\/v2\/product\/514813\/revisions"}],"wp:featuredmedia":[{"embeddable":true,"href":"https:\/\/arcasgruber.com\/de\/wp-json\/wp\/v2\/media\/514815"}],"wp:attachment":[{"href":"https:\/\/arcasgruber.com\/de\/wp-json\/wp\/v2\/media?parent=514813"}],"wp:term":[{"taxonomy":"product_brand","embeddable":true,"href":"https:\/\/arcasgruber.com\/de\/wp-json\/wp\/v2\/product_brand?post=514813"},{"taxonomy":"product_cat","embeddable":true,"href":"https:\/\/arcasgruber.com\/de\/wp-json\/wp\/v2\/product_cat?post=514813"},{"taxonomy":"product_tag","embeddable":true,"href":"https:\/\/arcasgruber.com\/de\/wp-json\/wp\/v2\/product_tag?post=514813"}],"curies":[{"name":"wp","href":"https:\/\/api.w.org\/{rel}","templated":true}]}}