{"id":513721,"date":"2017-06-14T11:26:07","date_gmt":"2017-06-14T09:26:07","guid":{"rendered":"https:\/\/arcasgruber.com\/unkategorisiert\/2985sx\/"},"modified":"2025-12-04T15:53:44","modified_gmt":"2025-12-04T14:53:44","slug":"2985sx","status":"publish","type":"product","link":"https:\/\/arcasgruber.com\/de\/produkte-fuer-kassenbereiche\/geldzahlmaschinen\/2985sx\/","title":{"rendered":"Geldz\u00e4hlmaschine 2985-SX"},"content":{"rendered":"<div>\n<h2>Geldz\u00e4hlmaschine 2985-SX<\/h2>\n<p>Die <strong>Geldz\u00e4hlmaschine 2985-SX<\/strong> ist ein professionelles Ger\u00e4t f\u00fcr schnelles, pr\u00e4zises Z\u00e4hlen, Sortieren und Bewerten von Banknoten. Sie verarbeitet bis zu <strong>1 200 Banknoten pro Minute<\/strong> bei gleichzeitigem kontinuierlichem Betrieb dank Doppel-Einwurfsystem mit separatem R\u00fcckweisungsfach. Ideal f\u00fcr gro\u00dfe Geldmengen.<\/p>\n<p>Dank hochaufl\u00f6sendem Touchscreen mit mehrsprachiger Benutzeroberfl\u00e4che ist die Bedienung einfach und intuitiv. Zu den automatisierten Funktionen z\u00e4hlen Auto-Start, ADD (Summierung mehrerer Durchg\u00e4nge) und BATCH (Erstellung nach St\u00fcckzahl oder Wert), was Cash-Handling effizient gestaltet.<\/p>\n<h3>Technische Spezifikationen der Geldz\u00e4hlmaschine 2985-SX<\/h3>\n<ul>\n<li>Z\u00e4hlt und sortiert gemischte Banknoten f\u00fcr voreingestellte W\u00e4hrungen; auch sortierte Banknoten anderer W\u00e4hrungen.<\/li>\n<li>Z\u00e4hlgeschwindigkeit: bis zu 1 200 Banknoten pro Minute.<\/li>\n<li>Multi-Mix-Funktion: Z\u00e4hlt bis zu drei W\u00e4hrungen gleichzeitig.<\/li>\n<li>\u00dcberpr\u00fcft Banknoten anhand von bis zu sieben Sicherheitsmerkmalen: UV, magnetische Tinte, metallischer Faden, Infrarot, Bildfarbe, Gr\u00f6\u00dfe und Dicke.<\/li>\n<li>Gef\u00e4lschte oder fehlerhafte Scheine werden automatisch ins R\u00fcckweisungsfach aussortiert \u2013 der Z\u00e4hlvorgang l\u00e4uft weiter.<\/li>\n<li>Touchscreen-Display mit schnellen Men\u00fcs in mehreren Sprachen.<\/li>\n<li>Einfache Reinigung durch \u00d6ffnen von Deckel und R\u00fcckseite mit Reinigungs-Erinnerung.<\/li>\n<li>Unterst\u00fctzt optionales Zubeh\u00f6r: TP-230 Thermodrucker, MCS-Software und ED-160 externes Display.<\/li>\n<li>Abmessungen: ca. 27,1 \u00d7 29,3 \u00d7 30 cm; Gewicht ca. 9,2 kg.<\/li>\n<li>Stromversorgung: 110 V \u2013 240 V AC.<\/li>\n<li>3 Jahre Herstellergarantie; CE-, WEEE-, RoHS-, REACH-zertifiziert.<\/li>\n<\/ul>\n<p>Die <strong>Geldz\u00e4hlmaschine 2985-SX<\/strong> ist die perfekte L\u00f6sung f\u00fcr Banken, Einzelhandel und andere Gesch\u00e4ftszweige mit hohem Bargeldaufkommen \u2014 schnelle Verarbeitung, zuverl\u00e4ssige Falschgelderkennung und automatisierte Funktionen inklusive. Mehr Modelle findest du in unserer Kategorie <a href=\"https:\/\/arcasgruber.com\/de\/produkte-fuer-kassenbereiche\/geldzahlmaschinen\/\">Geldz\u00e4hlmaschinen<\/a>.<\/p>\n<\/div>\n","protected":false},"excerpt":{"rendered":"<p data-start=\"2935\" data-end=\"3162\">Die <strong data-start=\"2939\" data-end=\"2967\">Geldz\u00e4hlmaschine 2985-SX<\/strong> z\u00e4hlt und sortiert bis zu 1 200 Banknoten\/min mit 7-Punkt-Sicherheitspr\u00fcfung, funktionaler Multi-Mix-Funktion und intelligenten Automatikfunktionen \u2013 alles \u00fcber intuitiven Touchscreen gesteuert.<\/p>\n","protected":false},"featured_media":513722,"template":"","meta":{"_acf_changed":false},"product_brand":[],"product_cat":[3317],"product_tag":[],"class_list":{"0":"post-513721","1":"product","2":"type-product","3":"status-publish","4":"has-post-thumbnail","6":"product_cat-geldzahlmaschinen","8":"first","9":"instock","10":"taxable","11":"shipping-taxable","12":"purchasable","13":"product-type-simple"},"acf":[],"_links":{"self":[{"href":"https:\/\/arcasgruber.com\/de\/wp-json\/wp\/v2\/product\/513721","targetHints":{"allow":["GET"]}}],"collection":[{"href":"https:\/\/arcasgruber.com\/de\/wp-json\/wp\/v2\/product"}],"about":[{"href":"https:\/\/arcasgruber.com\/de\/wp-json\/wp\/v2\/types\/product"}],"version-history":[{"count":0,"href":"https:\/\/arcasgruber.com\/de\/wp-json\/wp\/v2\/product\/513721\/revisions"}],"wp:featuredmedia":[{"embeddable":true,"href":"https:\/\/arcasgruber.com\/de\/wp-json\/wp\/v2\/media\/513722"}],"wp:attachment":[{"href":"https:\/\/arcasgruber.com\/de\/wp-json\/wp\/v2\/media?parent=513721"}],"wp:term":[{"taxonomy":"product_brand","embeddable":true,"href":"https:\/\/arcasgruber.com\/de\/wp-json\/wp\/v2\/product_brand?post=513721"},{"taxonomy":"product_cat","embeddable":true,"href":"https:\/\/arcasgruber.com\/de\/wp-json\/wp\/v2\/product_cat?post=513721"},{"taxonomy":"product_tag","embeddable":true,"href":"https:\/\/arcasgruber.com\/de\/wp-json\/wp\/v2\/product_tag?post=513721"}],"curies":[{"name":"wp","href":"https:\/\/api.w.org\/{rel}","templated":true}]}}