{"id":513578,"date":"2017-06-14T11:24:21","date_gmt":"2017-06-14T09:24:21","guid":{"rendered":"https:\/\/arcasgruber.com\/unkategorisiert\/fs2252\/"},"modified":"2025-09-10T12:36:45","modified_gmt":"2025-09-10T10:36:45","slug":"fs2252","status":"publish","type":"product","link":"https:\/\/arcasgruber.com\/de\/produkte-fuer-kassenbereiche\/feuerfeste-aktenschranke\/fs2252\/","title":{"rendered":"Feuerfester Aktenschrank FS2252"},"content":{"rendered":"<h2><strong>Feuerfester Aktenschrank FS2252<\/strong><\/h2>\n<p>Der <strong>Feuerfeste Aktenschrank FS2252<\/strong> ist mit zwei Schubladen ausgestattet (jeweils 50 Liter) und bietet 90 Minuten zertifizierten Brandschutz f\u00fcr Dokumente sowie optionalen Schutz f\u00fcr Datentr\u00e4ger. Eine ideale L\u00f6sung f\u00fcr B\u00fcros, Kanzleien und Beh\u00f6rden mit mittlerem Platzbedarf.<\/p>\n<p><strong>Merkmale des Feuerfesten Aktenschranks FS2252:<\/strong><\/p>\n<p><strong>Au\u00dfenma\u00dfe:<\/strong> 740 x 530 x 675 mm (H\u00f6he x Breite x Tiefe)<br \/>\n<strong>Ungef\u00e4hres Gewicht:<\/strong> 145 kg<br \/>\n<strong>Schubladenvolumen:<\/strong> 50 l<br \/>\n<strong>Anzahl der Schubladen:<\/strong> 2<\/p>\n<p><strong>Konstruktion:<\/strong><br \/>\n&#8211; Hergestellt aus hochfestem Stahl<\/p>\n<p><strong>Grundausstattung:<\/strong><br \/>\n&#8211; Sicherheitsschloss<br \/>\n&#8211; Mechanische oder digitale Kombination<br \/>\n&#8211; Polyurethanlack mit wei\u00dfer Struktur-Oberfl\u00e4che<br \/>\n&#8211; Auszugsicherung<\/p>\n<p><strong>Sicherheitsstufe:<\/strong><br \/>\n&#8211; Dokumentensicherheit: 90 Minuten Feuerwiderstand<br \/>\n&#8211; Magnetdatentr\u00e4ger: Optionale Schublade FSPDI08 mit 60 Minuten Schutz f\u00fcr Datentr\u00e4ger<br \/>\n&#8211; Falltest: Schlagfestigkeit bei Br\u00e4nden und Einst\u00fcrzen aus bis zu 9,1 m H\u00f6he<\/p>\n<p><strong>Einsatzbereiche:<\/strong><br \/>\n&#8211; <strong>Unternehmen und B\u00fcros:<\/strong> Schutz von Finanzunterlagen, Vertr\u00e4gen, Kunden- und Mitarbeiterdaten<br \/>\n&#8211; <strong>Finanzinstitute:<\/strong> Aufbewahrung von Konto- und Transaktionsunterlagen sowie Vertr\u00e4gen<br \/>\n&#8211; <strong>Beh\u00f6rden:<\/strong> Schutz von vertraulichen und klassifizierten Unterlagen<br \/>\n&#8211; <strong>Anwaltskanzleien:<\/strong> Archivierung von Vertr\u00e4gen, rechtlichen Unterlagen und Beweismaterialien<br \/>\n&#8211; <strong>Krankenh\u00e4user und Kliniken:<\/strong> Schutz von Patientenakten und vertraulichen Daten<br \/>\n&#8211; <strong>Bildungseinrichtungen:<\/strong> Archivierung von Sch\u00fcler- und Studentendaten sowie Personalunterlagen<br \/>\n&#8211; <strong>Non-Profit-Organisationen:<\/strong> Schutz von Spenderunterlagen, Finanzdaten und vertraulichen Informationen<\/p>\n<hr \/>\n<p>Wenn Sie einen anderen feuerfesten Aktenschrank ben\u00f6tigen, sehen Sie sich die verschiedenen Typen von <a href=\"https:\/\/arcasgruber.com\/de\/produkte-fuer-kassenbereiche\/feuerfeste-aktenschranke\/\"><strong>Feuerfesten Aktenschr\u00e4nken<\/strong><\/a> an, die wir herstellen.<\/p>\n<hr \/>\n<p>Wussten Sie, dass Arcas Gruber zur <strong>Gruber-Gruppe<\/strong> geh\u00f6rt, einem Unternehmensverbund, der auf die Herstellung von physischen Sicherheitsprodukten spezialisiert ist?<\/p>\n","protected":false},"excerpt":{"rendered":"<p>Der <strong>Feuerfeste Aktenschrank FS2252<\/strong> verf\u00fcgt \u00fcber zwei Schubladen mit je 50 Litern und bietet 90 Minuten zertifizierten Brandschutz. Kompakt, robust und zuverl\u00e4ssig \u2013 ideal f\u00fcr B\u00fcros, Kanzleien und Institutionen.<\/p>\n","protected":false},"featured_media":513579,"template":"","meta":{"_acf_changed":false},"product_brand":[],"product_cat":[3329],"product_tag":[],"class_list":{"0":"post-513578","1":"product","2":"type-product","3":"status-publish","4":"has-post-thumbnail","6":"product_cat-feuerfeste-aktenschranke","8":"first","9":"instock","10":"taxable","11":"shipping-taxable","12":"purchasable","13":"product-type-simple"},"acf":[],"_links":{"self":[{"href":"https:\/\/arcasgruber.com\/de\/wp-json\/wp\/v2\/product\/513578","targetHints":{"allow":["GET"]}}],"collection":[{"href":"https:\/\/arcasgruber.com\/de\/wp-json\/wp\/v2\/product"}],"about":[{"href":"https:\/\/arcasgruber.com\/de\/wp-json\/wp\/v2\/types\/product"}],"version-history":[{"count":0,"href":"https:\/\/arcasgruber.com\/de\/wp-json\/wp\/v2\/product\/513578\/revisions"}],"wp:featuredmedia":[{"embeddable":true,"href":"https:\/\/arcasgruber.com\/de\/wp-json\/wp\/v2\/media\/513579"}],"wp:attachment":[{"href":"https:\/\/arcasgruber.com\/de\/wp-json\/wp\/v2\/media?parent=513578"}],"wp:term":[{"taxonomy":"product_brand","embeddable":true,"href":"https:\/\/arcasgruber.com\/de\/wp-json\/wp\/v2\/product_brand?post=513578"},{"taxonomy":"product_cat","embeddable":true,"href":"https:\/\/arcasgruber.com\/de\/wp-json\/wp\/v2\/product_cat?post=513578"},{"taxonomy":"product_tag","embeddable":true,"href":"https:\/\/arcasgruber.com\/de\/wp-json\/wp\/v2\/product_tag?post=513578"}],"curies":[{"name":"wp","href":"https:\/\/api.w.org\/{rel}","templated":true}]}}