{"id":513562,"date":"2017-06-14T11:25:38","date_gmt":"2017-06-14T09:25:38","guid":{"rendered":"https:\/\/arcasgruber.com\/unkategorisiert\/pasmon15\/"},"modified":"2025-09-10T12:06:08","modified_gmt":"2025-09-10T10:06:08","slug":"pasmon15","status":"publish","type":"product","link":"https:\/\/arcasgruber.com\/de\/produkte-fuer-kassenbereiche\/durchreichen\/pasmon15\/","title":{"rendered":"Durchreiche PASMON15 aus Edelstahl"},"content":{"rendered":"<h2>Technische Spezifikationen der Durchreiche PASMON15<\/h2>\n<p>Die <strong>Durchreiche PASMON15 aus Edelstahl<\/strong> ist eine sichere und kompakte \u00dcbergabel\u00f6sung, die f\u00fcr intensive Nutzung in kommerziellen, medizinischen und finanziellen Bereichen entwickelt wurde.<\/p>\n<ul>\n<li><strong>Au\u00dfenma\u00dfe:<\/strong> 50 x 340 x 410 mm (H\u00f6he x Breite x Tiefe)<\/li>\n<li><strong>Einbauma\u00dfe:<\/strong> 55 x 310 x 380 mm<\/li>\n<li><strong>Durchgangslichte:<\/strong> 50 mm<\/li>\n<\/ul>\n<h2>Fertigung und Materialien<\/h2>\n<p>Das Modell PASMON15 ist vollst\u00e4ndig aus <strong>hochwertigem Edelstahl<\/strong> gefertigt. Die polierte Oberfl\u00e4che sorgt f\u00fcr hohe Widerstandsf\u00e4higkeit gegen Abnutzung und erleichtert die Reinigung, was es ideal f\u00fcr anspruchsvolle Umgebungen macht.<\/p>\n<h2>Sicherheitssystem<\/h2>\n<p>Die Einheit verf\u00fcgt \u00fcber eine <strong>Innenverriegelung<\/strong>, die eine Demontage von au\u00dfen verhindert. Dieses Merkmal verst\u00e4rkt den Schutz am \u00dcbergabepunkt und gew\u00e4hrleistet ein hohes Sicherheitsniveau f\u00fcr Transaktionen mit Bargeld und Dokumenten.<\/p>\n<h2>Empfohlene Anwendungen<\/h2>\n<p>Die Durchreiche PASMON15 ist besonders geeignet f\u00fcr:<\/p>\n<ul>\n<li>Einzelhandelsgesch\u00e4fte (Bekleidung, Elektronik, Haushalt \u2026)<\/li>\n<li>Superm\u00e4rkte und Lebensmittelgesch\u00e4fte<\/li>\n<li>Tankstellen und Servicebereiche<\/li>\n<li>Hotels und touristische Einrichtungen<\/li>\n<li>Kasinos, Spielhallen und Freizeitzentren<\/li>\n<li>Banken und Finanzinstitute<\/li>\n<li>Gesundheitszentren und Krankenh\u00e4user<\/li>\n<li>Messen, Veranstaltungen und Parkh\u00e4user<\/li>\n<li>Sicherheits- und Werttransportunternehmen<\/li>\n<\/ul>\n<h2>Optionale Sicherheitsausstattung<\/h2>\n<ul>\n<li>Sicherheitsfenster mit Panzerglas<\/li>\n<li>Gegensprechanlage f\u00fcr externe Kommunikation<\/li>\n<li>Sicherheits-Audiosystem<\/li>\n<li>Mit der Gesamtanlage verbundene Alarmanlage<\/li>\n<\/ul>\n<p>Sehen Sie sich alle unsere Modelle von <a href=\"https:\/\/arcasgruber.com\/de\/produkte-fuer-kassenbereiche\/durchreichen\/\"><strong>Durchreichen<\/strong><\/a> an, die f\u00fcr sichere Zahlungsbereiche entwickelt wurden.  <\/p>\n<p>Wenn Sie eine L\u00f6sung f\u00fcr sichere Aufbewahrung ben\u00f6tigen, besuchen Sie unsere Kategorie <a href=\"https:\/\/arcasgruber.com\/de\/tresore\/\"><strong>Tresore<\/strong><\/a>.<\/p>\n","protected":false},"excerpt":{"rendered":"<p>Die <strong>Durchreiche PASMON15 aus Edelstahl<\/strong> ist eine widerstandsf\u00e4hige und sichere L\u00f6sung f\u00fcr den Austausch von Geld und Dokumenten in Banken, Einzelhandel, Tankstellen oder Gesundheitseinrichtungen.<\/p>\n","protected":false},"featured_media":513559,"template":"","meta":{"_acf_changed":false},"product_brand":[],"product_cat":[3322],"product_tag":[],"class_list":{"0":"post-513562","1":"product","2":"type-product","3":"status-publish","4":"has-post-thumbnail","6":"product_cat-durchreichen","8":"first","9":"instock","10":"taxable","11":"shipping-taxable","12":"purchasable","13":"product-type-simple"},"acf":[],"_links":{"self":[{"href":"https:\/\/arcasgruber.com\/de\/wp-json\/wp\/v2\/product\/513562","targetHints":{"allow":["GET"]}}],"collection":[{"href":"https:\/\/arcasgruber.com\/de\/wp-json\/wp\/v2\/product"}],"about":[{"href":"https:\/\/arcasgruber.com\/de\/wp-json\/wp\/v2\/types\/product"}],"version-history":[{"count":0,"href":"https:\/\/arcasgruber.com\/de\/wp-json\/wp\/v2\/product\/513562\/revisions"}],"wp:featuredmedia":[{"embeddable":true,"href":"https:\/\/arcasgruber.com\/de\/wp-json\/wp\/v2\/media\/513559"}],"wp:attachment":[{"href":"https:\/\/arcasgruber.com\/de\/wp-json\/wp\/v2\/media?parent=513562"}],"wp:term":[{"taxonomy":"product_brand","embeddable":true,"href":"https:\/\/arcasgruber.com\/de\/wp-json\/wp\/v2\/product_brand?post=513562"},{"taxonomy":"product_cat","embeddable":true,"href":"https:\/\/arcasgruber.com\/de\/wp-json\/wp\/v2\/product_cat?post=513562"},{"taxonomy":"product_tag","embeddable":true,"href":"https:\/\/arcasgruber.com\/de\/wp-json\/wp\/v2\/product_tag?post=513562"}],"curies":[{"name":"wp","href":"https:\/\/api.w.org\/{rel}","templated":true}]}}