{"id":513368,"date":"2017-06-14T11:25:46","date_gmt":"2017-06-14T09:25:46","guid":{"rendered":"https:\/\/arcasgruber.com\/unkategorisiert\/venseg38\/"},"modified":"2025-09-10T10:06:37","modified_gmt":"2025-09-10T08:06:37","slug":"venseg38","status":"publish","type":"product","link":"https:\/\/arcasgruber.com\/de\/produkte-fuer-kassenbereiche\/beschusssichere-schusssichere-fenster\/venseg38\/","title":{"rendered":"Beschusssicheres Edelstahlfenster VENSEG38"},"content":{"rendered":"<h2><strong>Beschusssicheres Edelstahlfenster VENSEG38<\/strong><\/h2>\n<p>Merkmale des <strong>Beschusssicheren Edelstahlfensters VENSEG38<\/strong>:<\/p>\n<p>Dieses Sicherheitsfenster wird nach spezifischen Anforderungen gefertigt.<\/p>\n<p><strong>Fenstertyp<\/strong><br \/>\n&#8211; Sicherheitsfenster mit integrierter M\u00fcnzdurchgabe und Drehteller<br \/>\n&#8211; Sicherheitsfenster mit integriertem kugelsicherem Glas<br \/>\n&#8211; Integriertes Verriegelungssystem im Drehteller<\/p>\n<p><strong>Fertigungseigenschaften<\/strong><br \/>\n&#8211; Komplett aus hochwertigem Edelstahl gefertigt<br \/>\n&#8211; Polierte Oberfl\u00e4che f\u00fcr h\u00f6here Widerstandsf\u00e4higkeit und Langlebigkeit<\/p>\n<p><strong>Sicherheitsgrad<\/strong><br \/>\n&#8211; Verriegelung von innen, unm\u00f6glich von au\u00dfen zu entfernen<br \/>\n&#8211; Sicherheitsstufe: Hoch<br \/>\n&#8211; Widerstandsf\u00e4higkeit: Hoch<\/p>\n<p><strong>Optionale Ausstattung<\/strong><br \/>\n&#8211; M\u00f6glichkeit zur Integration einer Paketdurchreiche mit Schiebetabletts und zwei Schienen (Hin- und R\u00fcckf\u00fchrung)<\/p>\n<p><strong>Einsatzbereiche<\/strong><br \/>\nHochsicherheits-Ausgabeschalter f\u00fcr Krankenh\u00e4user, medizinische Zentren, Apotheken, Tankstellen, Unternehmen, Banken, Botschaften, Polizeidienststellen, Kasinos und Pfandh\u00e4user.<\/p>\n<p><strong>Optionale Sicherheitsmerkmale<\/strong><br \/>\n&#8211; Gegensprechanlage mit Au\u00dfenlautsprecher<\/p>\n<hr \/>\n<p>Wenn Sie ein weiteres Sicherheitsfenster ben\u00f6tigen, sehen Sie sich unsere verschiedenen Typen von <a href=\"https:\/\/arcasgruber.com\/de\/produkte-fuer-kassenbereiche\/beschusssichere-schusssichere-fenster\/\"><strong><em>Beschusssicheren Fenstern<\/em><\/strong><\/a> an, die wir herstellen.<\/p>\n<hr \/>\n<p>Wussten Sie, dass Arcas Gruber zur <strong>Gruber-Gruppe<\/strong> geh\u00f6rt, einem Unternehmensverbund, der auf die Herstellung von physischen Sicherheitsprodukten spezialisiert ist?<\/p>\n","protected":false},"excerpt":{"rendered":"<p>Das <strong>Beschusssichere Edelstahlfenster VENSEG38<\/strong> wird nach individuellen Spezifikationen gefertigt. Es kombiniert M\u00fcnzdurchgabe, Drehteller und kugelsicheres Glas in einem hochwertigen Edelstahlgeh\u00e4use. Mit integriertem Verriegelungssystem und polierter Oberfl\u00e4che bietet es maximale Sicherheit und Widerstandsf\u00e4higkeit.<\/p>\n","protected":false},"featured_media":513369,"template":"","meta":{"_acf_changed":false},"product_brand":[],"product_cat":[3321],"product_tag":[],"class_list":{"0":"post-513368","1":"product","2":"type-product","3":"status-publish","4":"has-post-thumbnail","6":"product_cat-beschusssichere-schusssichere-fenster","8":"first","9":"instock","10":"taxable","11":"shipping-taxable","12":"purchasable","13":"product-type-simple"},"acf":[],"_links":{"self":[{"href":"https:\/\/arcasgruber.com\/de\/wp-json\/wp\/v2\/product\/513368","targetHints":{"allow":["GET"]}}],"collection":[{"href":"https:\/\/arcasgruber.com\/de\/wp-json\/wp\/v2\/product"}],"about":[{"href":"https:\/\/arcasgruber.com\/de\/wp-json\/wp\/v2\/types\/product"}],"version-history":[{"count":0,"href":"https:\/\/arcasgruber.com\/de\/wp-json\/wp\/v2\/product\/513368\/revisions"}],"wp:featuredmedia":[{"embeddable":true,"href":"https:\/\/arcasgruber.com\/de\/wp-json\/wp\/v2\/media\/513369"}],"wp:attachment":[{"href":"https:\/\/arcasgruber.com\/de\/wp-json\/wp\/v2\/media?parent=513368"}],"wp:term":[{"taxonomy":"product_brand","embeddable":true,"href":"https:\/\/arcasgruber.com\/de\/wp-json\/wp\/v2\/product_brand?post=513368"},{"taxonomy":"product_cat","embeddable":true,"href":"https:\/\/arcasgruber.com\/de\/wp-json\/wp\/v2\/product_cat?post=513368"},{"taxonomy":"product_tag","embeddable":true,"href":"https:\/\/arcasgruber.com\/de\/wp-json\/wp\/v2\/product_tag?post=513368"}],"curies":[{"name":"wp","href":"https:\/\/api.w.org\/{rel}","templated":true}]}}