{"id":513359,"date":"2017-06-14T11:25:47","date_gmt":"2017-06-14T09:25:47","guid":{"rendered":"https:\/\/arcasgruber.com\/unkategorisiert\/venseg42\/"},"modified":"2025-09-10T10:00:06","modified_gmt":"2025-09-10T08:00:06","slug":"venseg42","status":"publish","type":"product","link":"https:\/\/arcasgruber.com\/de\/produkte-fuer-kassenbereiche\/beschusssichere-schusssichere-fenster\/venseg42\/","title":{"rendered":"Beschusssicheres Fenster VENSEG42"},"content":{"rendered":"<h2><strong>Beschusssicheres Fenster VENSEG42<\/strong><\/h2>\n<p>Merkmale des <strong>Beschusssicheren Fensters VENSEG42<\/strong>:<\/p>\n<p><strong>Au\u00dfenma\u00dfe:<\/strong> 1060 x 680 x 120 \/ 565 mm (H\u00f6he x Breite x Tiefe)<\/p>\n<p><strong>Fenstertyp<\/strong><br \/>\nSicherheitsfenster in T\u00fcrbauweise mit integrierter M\u00fcnzdurchgabe und Drehteller.<br \/>\nSicherheitsfenster mit integriertem kugelsicherem Glas.<\/p>\n<p><strong>Fertigungseigenschaften<\/strong><br \/>\n&#8211; Komplett aus hochwertigem Edelstahl gefertigt<br \/>\n&#8211; Polierte Oberfl\u00e4che f\u00fcr h\u00f6here Widerstandsf\u00e4higkeit und Langlebigkeit<\/p>\n<p><strong>Sicherheitsgrad<\/strong><br \/>\n&#8211; Verriegelung von innen, unm\u00f6glich von au\u00dfen zu entfernen<br \/>\n&#8211; Sicherheitsstufe: Hoch<\/p>\n<p><strong>Einsatzbereiche<\/strong><br \/>\nHochsicherheits-Ausgabeschalter f\u00fcr Krankenh\u00e4user, medizinische Zentren, Apotheken, Tankstellen, Unternehmen, Banken, Botschaften, Polizeidienststellen, Kasinos und Pfandh\u00e4user.<\/p>\n<p><strong>Optionale Sicherheitsausstattung:<\/strong><br \/>\n&#8211; Gegensprechanlage mit Au\u00dfenlautsprecher<br \/>\n&#8211; Kugelschutzsystem: BR2 \u2013 BR10<br \/>\n&#8211; Kugelsicheres Glas: BR2 \u2013 BR10<\/p>\n<hr \/>\n<p>Wenn Sie ein weiteres Sicherheitsfenster ben\u00f6tigen, sehen Sie sich unsere verschiedenen Typen von <a href=\"https:\/\/arcasgruber.com\/de\/produkte-fuer-kassenbereiche\/beschusssichere-schusssichere-fenster\/\"><strong><em>Beschusssicheren Fenstern<\/em><\/strong><\/a> an, die wir herstellen.<\/p>\n<hr \/>\n<p>Wussten Sie, dass Arcas Gruber zur <strong>Gruber-Gruppe<\/strong> geh\u00f6rt, einem Unternehmensverbund, der auf die Herstellung von physischen Sicherheitsprodukten spezialisiert ist?<\/p>\n","protected":false},"excerpt":{"rendered":"<p>Das <strong>Beschusssichere Fenster VENSEG42<\/strong> hat Au\u00dfenma\u00dfe von 1060 \u00d7 680 \u00d7 120 \/ 565 mm und ist als T\u00fcrmodell mit integrierter M\u00fcnzdurchgabe und Drehteller konzipiert. Komplett aus Edelstahl gefertigt und mit polierter Oberfl\u00e4che f\u00fcr maximale Best\u00e4ndigkeit. Zertifiziert kugelsicher von BR2 bis BR10.<\/p>\n","protected":false},"featured_media":513360,"template":"","meta":{"_acf_changed":false},"product_brand":[],"product_cat":[3321],"product_tag":[],"class_list":{"0":"post-513359","1":"product","2":"type-product","3":"status-publish","4":"has-post-thumbnail","6":"product_cat-beschusssichere-schusssichere-fenster","8":"first","9":"instock","10":"taxable","11":"shipping-taxable","12":"purchasable","13":"product-type-simple"},"acf":[],"_links":{"self":[{"href":"https:\/\/arcasgruber.com\/de\/wp-json\/wp\/v2\/product\/513359","targetHints":{"allow":["GET"]}}],"collection":[{"href":"https:\/\/arcasgruber.com\/de\/wp-json\/wp\/v2\/product"}],"about":[{"href":"https:\/\/arcasgruber.com\/de\/wp-json\/wp\/v2\/types\/product"}],"version-history":[{"count":0,"href":"https:\/\/arcasgruber.com\/de\/wp-json\/wp\/v2\/product\/513359\/revisions"}],"wp:featuredmedia":[{"embeddable":true,"href":"https:\/\/arcasgruber.com\/de\/wp-json\/wp\/v2\/media\/513360"}],"wp:attachment":[{"href":"https:\/\/arcasgruber.com\/de\/wp-json\/wp\/v2\/media?parent=513359"}],"wp:term":[{"taxonomy":"product_brand","embeddable":true,"href":"https:\/\/arcasgruber.com\/de\/wp-json\/wp\/v2\/product_brand?post=513359"},{"taxonomy":"product_cat","embeddable":true,"href":"https:\/\/arcasgruber.com\/de\/wp-json\/wp\/v2\/product_cat?post=513359"},{"taxonomy":"product_tag","embeddable":true,"href":"https:\/\/arcasgruber.com\/de\/wp-json\/wp\/v2\/product_tag?post=513359"}],"curies":[{"name":"wp","href":"https:\/\/api.w.org\/{rel}","templated":true}]}}