{"id":513356,"date":"2018-02-16T10:56:47","date_gmt":"2018-02-16T09:56:47","guid":{"rendered":"https:\/\/arcasgruber.com\/unkategorisiert\/venseg8011\/"},"modified":"2025-09-10T09:52:51","modified_gmt":"2025-09-10T07:52:51","slug":"venseg8011","status":"publish","type":"product","link":"https:\/\/arcasgruber.com\/de\/produkte-fuer-kassenbereiche\/beschusssichere-schusssichere-fenster\/venseg8011\/","title":{"rendered":"Beschusssicheres Fenster VENSEG8011"},"content":{"rendered":"<h2>Beschusssicheres Fenster VENSEG8011<\/h2>\n<p>Merkmale des <strong>Beschusssicheren Fensters VENSEG8011<\/strong>:<\/p>\n<p><strong>Einbauma\u00dfe in die Wand:<\/strong> 1200 x 780 mm (H\u00f6he x Breite)<br \/>\n<strong>Innenma\u00dfe der Durchreiche:<\/strong> 86 x 384 x 274 mm (H\u00f6he x Breite x Tiefe)<br \/>\n<strong>Abmessungen der Theke:<\/strong> 175 x 750 x 630 mm (H\u00f6he x Breite x Tiefe)<br \/>\n<strong>Farbe:<\/strong> RAL7035<\/p>\n<p><strong>Sicherheitsstufe<\/strong><br \/>\nDieses Sicherheitsfenster wird mit kugelsicherem Glas BR3-S geliefert, kann jedoch bis zur Schutzklasse BR4-NS aufger\u00fcstet werden.<\/p>\n<p><strong>Fertigungseigenschaften<\/strong><br \/>\n&#8211; Stahlrahmen mit strukturiertem, lackiertem Finish<br \/>\n&#8211; Arbeitsfl\u00e4che aus Edelstahl<br \/>\n&#8211; Schiebbare M\u00fcnzdurchgabe PASMON7032 aus Edelstahl mit R\u00fcckschussschutz, ballistische Widerstandsklasse FB4<br \/>\n&#8211; Integriertes Intercom DELTA2.0<br \/>\n&#8211; Standardverglasung BR3-S<\/p>\n<p>Das <strong>Schusssichere Fenster VENSEG8011<\/strong> ist f\u00fcr den Einsatz in Innenbereichen konzipiert. Sein Design erm\u00f6glicht die Nutzung als Kassenschalter oder Empfangstresen.<\/p>\n<p><strong>Bedienungseigenschaften<\/strong><br \/>\nDas System wird manuell bedient. Die M\u00fcnzdurchgabe und die Abdeckplatte werden in beiden Endpositionen verriegelt. Das Entriegeln erfolgt \u00fcber den Daumenhebel links am Griff, und die Schublade l\u00e4sst sich leicht nach vorne bewegen.<\/p>\n<p><strong>Montageeigenschaften<\/strong><br \/>\nDas Sicherheitsfenster VENSEG8011 wird komplett montiert und verkabelt geliefert.<br \/>\n&#8211; Entfernen Sie die \u00e4u\u00dfere H\u00e4lfte des Rahmens und setzen Sie diese von au\u00dfen in die Wand\u00f6ffnung ein, fest andr\u00fccken und im Mauerwerk verschrauben.<br \/>\n&#8211; Die innere Rahmenh\u00e4lfte wird von der anderen Seite eingesetzt und mit der \u00e4u\u00dferen H\u00e4lfte verschraubt.<br \/>\n&#8211; Ein 230-Volt-Standardanschluss im Innenraum ist erforderlich, um das Intercom DELTA2 anzuschlie\u00dfen.<\/p>\n<hr \/>\n<p>Wenn Sie ein weiteres Sicherheitsfenster ben\u00f6tigen, sehen Sie sich unsere verschiedenen Typen von <a href=\"https:\/\/arcasgruber.com\/de\/produkte-fuer-kassenbereiche\/beschusssichere-schusssichere-fenster\/\"><strong><em>Beschusssicheren Fenstern<\/em><\/strong><\/a> an, die wir herstellen.<\/p>\n<hr \/>\n<p>Wussten Sie, dass Arcas Gruber zur <strong>Gruber-Gruppe<\/strong> geh\u00f6rt, einem Unternehmensverbund, der auf die Herstellung von physischen Sicherheitsprodukten spezialisiert ist?<\/p>\n","protected":false},"excerpt":{"rendered":"<p>Das <strong>Beschusssichere Fenster VENSEG8011<\/strong> bietet h\u00f6chste Sicherheit f\u00fcr Innenbereiche. Mit Einbauma\u00dfen von 1200 \u00d7 780 mm und Durchreichema\u00dfen von 86 \u00d7 384 \u00d7 274 mm ist es ideal als Kassenschalter oder Empfangsfenster geeignet.<\/p>\n","protected":false},"featured_media":513357,"template":"","meta":{"_acf_changed":false},"product_brand":[],"product_cat":[3321],"product_tag":[],"class_list":{"0":"post-513356","1":"product","2":"type-product","3":"status-publish","4":"has-post-thumbnail","6":"product_cat-beschusssichere-schusssichere-fenster","8":"first","9":"instock","10":"taxable","11":"shipping-taxable","12":"purchasable","13":"product-type-simple"},"acf":[],"_links":{"self":[{"href":"https:\/\/arcasgruber.com\/de\/wp-json\/wp\/v2\/product\/513356","targetHints":{"allow":["GET"]}}],"collection":[{"href":"https:\/\/arcasgruber.com\/de\/wp-json\/wp\/v2\/product"}],"about":[{"href":"https:\/\/arcasgruber.com\/de\/wp-json\/wp\/v2\/types\/product"}],"version-history":[{"count":0,"href":"https:\/\/arcasgruber.com\/de\/wp-json\/wp\/v2\/product\/513356\/revisions"}],"wp:featuredmedia":[{"embeddable":true,"href":"https:\/\/arcasgruber.com\/de\/wp-json\/wp\/v2\/media\/513357"}],"wp:attachment":[{"href":"https:\/\/arcasgruber.com\/de\/wp-json\/wp\/v2\/media?parent=513356"}],"wp:term":[{"taxonomy":"product_brand","embeddable":true,"href":"https:\/\/arcasgruber.com\/de\/wp-json\/wp\/v2\/product_brand?post=513356"},{"taxonomy":"product_cat","embeddable":true,"href":"https:\/\/arcasgruber.com\/de\/wp-json\/wp\/v2\/product_cat?post=513356"},{"taxonomy":"product_tag","embeddable":true,"href":"https:\/\/arcasgruber.com\/de\/wp-json\/wp\/v2\/product_tag?post=513356"}],"curies":[{"name":"wp","href":"https:\/\/api.w.org\/{rel}","templated":true}]}}