{"id":512648,"date":"2017-06-14T11:25:23","date_gmt":"2017-06-14T09:25:23","guid":{"rendered":"https:\/\/arcasgruber.com\/unkategorisiert\/puerta-blindada-grado-3\/"},"modified":"2025-08-25T14:37:44","modified_gmt":"2025-08-25T12:37:44","slug":"panzertuer-grad-3","status":"publish","type":"product","link":"https:\/\/arcasgruber.com\/de\/produkte-fur-tresorraume\/wertschutzturen\/panzertuer-grad-3\/","title":{"rendered":"Panzert\u00fcr Grad 3"},"content":{"rendered":"<h2>Sicherheitst\u00fcr Klasse 3<\/h2>\n<p>Die <strong>Sicherheitst\u00fcr Klasse 3<\/strong> ist ein Sicherheitsbauteil, das entwickelt wurde, um Wohnungen vor Einbr\u00fcchen zu sch\u00fctzen. Diese T\u00fcren werden aus hochsicheren Materialien und modernster Technologie gefertigt, um ein hohes Ma\u00df an Widerstandsf\u00e4higkeit und Langlebigkeit zu gew\u00e4hrleisten.<\/p>\n<p><strong>Herstellung:<\/strong><\/p>\n<ol>\n<li><strong>Verst\u00e4rkter Rahmen:<\/strong> Sicherheitst\u00fcren der Klasse 3 verf\u00fcgen \u00fcber robuste Rahmen aus verst\u00e4rktem Stahl, um physischen Angriffen standzuhalten.<\/li>\n<li><strong>Hochfester Kern:<\/strong> Der innere Kern der T\u00fcr besteht aus widerstandsf\u00e4higen Materialien wie Stahl und Verbundstoffen, die eine wirksame Barriere gegen Aufbruchsversuche bilden.<\/li>\n<li><strong>Bohren-Schutz:<\/strong> Schl\u00f6sser und Befestigungspunkte sind mit Bohrschutzsystemen ausgestattet, um Manipulationen und Aufbohren zu verhindern.<\/li>\n<li><strong>Verst\u00e4rkte Scharniere:<\/strong> Die Scharniere sind verst\u00e4rkt und in der Regel innen angebracht, um den Zugang von au\u00dfen zu erschweren.<\/li>\n<\/ol>\n<p><strong>Technische Merkmale:<\/strong><\/p>\n<ol>\n<li><strong>Klasse-3-Zertifizierung:<\/strong> Die T\u00fcren m\u00fcssen bestimmte Sicherheitsstandards erf\u00fcllen, um die Klasse-3-Zertifizierung zu erhalten, die ihre Widerstandsf\u00e4higkeit gegen anspruchsvollere Angriffe best\u00e4tigt.<\/li>\n<li><strong>Mehrpunktverriegelung:<\/strong> Sie verf\u00fcgen \u00fcber Mehrpunkt-Verriegelungssysteme, die die T\u00fcr an mehreren Punkten im Rahmen sichern.<\/li>\n<li><strong>Hochsicherheitszylinder:<\/strong> Sie sind mit Hochsicherheitszylindern ausgestattet, oft mit hochpr\u00e4zisen Schl\u00fcsseln, Bumping-Schutz und Anti-Kopie-Systemen.<\/li>\n<li><strong>Schutzelemente:<\/strong> Schwachstellen wie der Schlie\u00dfzylinder k\u00f6nnen mit Schutzbeschl\u00e4gen verst\u00e4rkt werden.<\/li>\n<li><strong>\u00c4sthetisches Design:<\/strong> Obwohl die Sicherheit im Vordergrund steht, sind Sicherheitst\u00fcren der Klasse 3 so gestaltet, dass sie sich harmonisch in das Wohnambiente einf\u00fcgen.<\/li>\n<\/ol>\n<p>Diese Sicherheitst\u00fcr Klasse 3 bietet einen wirksamen Schutz vor Einbruchsversuchen und sorgt bei den Eigent\u00fcmern f\u00fcr mehr Sicherheit und Ruhe.<\/p>\n<p>F\u00fcr weitere Modelle informieren Sie sich \u00fcber die verschiedenen Arten von <strong>Sicherheitst\u00fcren<\/strong>, die wir herstellen.<\/p>\n<p>Wussten Sie, dass Arcas Gruber Teil der <strong>Gruber Gruppe<\/strong> ist, einem Firmenkonglomerat, das sich auf die Herstellung von physischen Sicherheitsprodukten spezialisiert hat?<\/p>\n<p><strong>Kennen Sie unser Unternehmen, das auf Waffenschr\u00e4nke spezialisiert ist?<\/strong><\/p>\n<p><strong>Arcas Arbasal<\/strong>, spezialisiert auf die Herstellung von Waffenschr\u00e4nken.<\/p>\n<p><strong>Waffenschr\u00e4nke | Hersteller von Waffenschr\u00e4nken | Arcas Arbasal \u00ae<\/strong><\/p>\n","protected":false},"excerpt":{"rendered":"<p><strong>Panzert\u00fcr Grad 3<\/strong>: Komplett nach Ma\u00df und gem\u00e4\u00df den W\u00fcnschen unserer Kunden gefertigt.<\/p>\n","protected":false},"featured_media":512649,"template":"","meta":{"_acf_changed":false},"product_brand":[],"product_cat":[3279],"product_tag":[],"class_list":{"0":"post-512648","1":"product","2":"type-product","3":"status-publish","4":"has-post-thumbnail","6":"product_cat-wertschutzturen","8":"first","9":"onbackorder","10":"taxable","11":"shipping-taxable","12":"purchasable","13":"product-type-simple"},"acf":[],"_links":{"self":[{"href":"https:\/\/arcasgruber.com\/de\/wp-json\/wp\/v2\/product\/512648","targetHints":{"allow":["GET"]}}],"collection":[{"href":"https:\/\/arcasgruber.com\/de\/wp-json\/wp\/v2\/product"}],"about":[{"href":"https:\/\/arcasgruber.com\/de\/wp-json\/wp\/v2\/types\/product"}],"version-history":[{"count":0,"href":"https:\/\/arcasgruber.com\/de\/wp-json\/wp\/v2\/product\/512648\/revisions"}],"wp:featuredmedia":[{"embeddable":true,"href":"https:\/\/arcasgruber.com\/de\/wp-json\/wp\/v2\/media\/512649"}],"wp:attachment":[{"href":"https:\/\/arcasgruber.com\/de\/wp-json\/wp\/v2\/media?parent=512648"}],"wp:term":[{"taxonomy":"product_brand","embeddable":true,"href":"https:\/\/arcasgruber.com\/de\/wp-json\/wp\/v2\/product_brand?post=512648"},{"taxonomy":"product_cat","embeddable":true,"href":"https:\/\/arcasgruber.com\/de\/wp-json\/wp\/v2\/product_cat?post=512648"},{"taxonomy":"product_tag","embeddable":true,"href":"https:\/\/arcasgruber.com\/de\/wp-json\/wp\/v2\/product_tag?post=512648"}],"curies":[{"name":"wp","href":"https:\/\/api.w.org\/{rel}","templated":true}]}}