{"id":512639,"date":"2017-06-14T11:25:24","date_gmt":"2017-06-14T09:25:24","guid":{"rendered":"https:\/\/arcasgruber.com\/unkategorisiert\/puertas-blindadas-grado-5\/"},"modified":"2025-08-25T14:29:07","modified_gmt":"2025-08-25T12:29:07","slug":"puertas-blindadas-grado-5","status":"publish","type":"product","link":"https:\/\/arcasgruber.com\/de\/produkte-fur-tresorraume\/wertschutzturen\/puertas-blindadas-grado-5\/","title":{"rendered":"Panzert\u00fcr Grad 5"},"content":{"rendered":"<p><strong>Sicherheitst\u00fcr Grad 5<\/strong> stellt die h\u00f6chste Stufe der Wohnsicherheit dar und bietet au\u00dfergew\u00f6hnlichen Schutz gegen fortgeschrittene Bedrohungen, einschlie\u00dflich ballistischer Best\u00e4ndigkeit. Diese T\u00fcren sind die endg\u00fcltige Wahl f\u00fcr alle, die nicht nur Schutz vor Einbr\u00fcchen, sondern auch eine wirksame Verteidigung gegen potenzielle ballistische Risiken suchen. Nachfolgend eine technische \u00dcbersicht ihrer Eigenschaften und des Herstellungsprozesses:<\/p>\n<p><strong>Herstellung:<\/strong><\/p>\n<ol>\n<li><strong>Ballistische Best\u00e4ndigkeit:<\/strong> Das Hauptmerkmal von Grad-5-T\u00fcren ist ihre F\u00e4higkeit, ballistischen Einschl\u00e4gen standzuhalten. Spezielle Materialien wie ballistischer Stahl und spezielle Verbundstoffe werden verwendet, um wirksamen Schutz gegen Schusswaffen zu gew\u00e4hrleisten.<\/li>\n<li><strong>Mehrschicht-Design:<\/strong> Die T\u00fcren verf\u00fcgen \u00fcber eine mehrschichtige Konstruktion, die widerstandsf\u00e4hige Materialien mit Sto\u00dfd\u00e4mpfungstechnologien kombiniert, um die Wirkung ballistischer Projektile zu verringern.<\/li>\n<li><strong>Spezialisierte Panzerplatten:<\/strong> Speziell entwickelte Panzerplatten, die der ballistischen Durchdringung widerstehen, bieten eine wirksame Barriere gegen bewaffnete Bedrohungen.<\/li>\n<\/ol>\n<p><strong>Technische Merkmale:<\/strong><\/p>\n<ol>\n<li><strong>Grad-5-Zertifizierung:<\/strong> Diese T\u00fcren erf\u00fcllen die strengsten Sicherheitsstandards, zertifiziert als Grad 5, was ihre F\u00e4higkeit best\u00e4tigt, ballistischen Angriffen standzuhalten.<\/li>\n<li><strong>Erweiterte Verriegelungssysteme:<\/strong> Sie verf\u00fcgen \u00fcber Hochsicherheits-Schl\u00f6sser, Manipulationsschutz-Zylinder und Mehrpunktverriegelungssysteme f\u00fcr umfassenden Schutz.<\/li>\n<li><strong>Optionale Panzerglasfenster:<\/strong> Einige Varianten der Grad-5-T\u00fcren bieten Optionen mit Panzerglasfenstern, die die ballistische Integrit\u00e4t wahren, ohne die Sicht zu beeintr\u00e4chtigen.<\/li>\n<li><strong>Kugelsichere Abdichtung:<\/strong> Die Dichtungen und Fugen der T\u00fcr sind so konzipiert, dass sie das Eindringen von Projektilen wirksam verhindern und umfassenden Schutz bieten.<\/li>\n<\/ol>\n<p>Die Sicherheitst\u00fcr Grad 5 ist die ideale Wahl f\u00fcr alle, die kompromisslose Wohnsicherheit suchen. Sie bietet unvergleichlichen Schutz gegen ballistische Bedrohungen und bewahrt gleichzeitig ein \u00e4sthetisches Design, das den Bed\u00fcrfnissen der Eigent\u00fcmer entspricht.<\/p>\n<p>Wenn Sie eine Sicherheitst\u00fcr mit anderen Eigenschaften ben\u00f6tigen, sehen Sie sich die verschiedenen Arten von <strong>Sicherheitst\u00fcren<\/strong> an, die wir herstellen.<\/p>\n<hr \/>\n<p>Wussten Sie, dass Arcas Gruber zur <strong>Gruber Gruppe<\/strong> geh\u00f6rt, einem Firmenkonglomerat, das sich auf die Herstellung physischer Sicherheitsprodukte spezialisiert hat?<\/p>\n<p><strong>Kennen Sie unser Unternehmen, das auf Waffenschr\u00e4nke spezialisiert ist?<\/strong><\/p>\n<p><strong>Arcas Arbasal<\/strong>, spezialisiert auf die Herstellung von Waffenschr\u00e4nken.<\/p>\n<p><strong>Sicherheitsschr\u00e4nke | Hersteller von Waffenschr\u00e4nken | Arcas Arbasal \u00ae<\/strong><\/p>\n","protected":false},"excerpt":{"rendered":"<p><strong>Panzert\u00fcr der Klasse 5: <\/strong>Die Panzert\u00fcren der Klasse 5 werden vollst\u00e4ndig nach Ma\u00df gefertigt, wobei stets die W\u00fcnsche unserer Kunden ber\u00fccksichtigt werden.<\/p>\n","protected":false},"featured_media":512640,"template":"","meta":{"_acf_changed":false},"product_brand":[],"product_cat":[3279],"product_tag":[],"class_list":{"0":"post-512639","1":"product","2":"type-product","3":"status-publish","4":"has-post-thumbnail","6":"product_cat-wertschutzturen","8":"first","9":"onbackorder","10":"taxable","11":"shipping-taxable","12":"purchasable","13":"product-type-simple"},"acf":[],"_links":{"self":[{"href":"https:\/\/arcasgruber.com\/de\/wp-json\/wp\/v2\/product\/512639","targetHints":{"allow":["GET"]}}],"collection":[{"href":"https:\/\/arcasgruber.com\/de\/wp-json\/wp\/v2\/product"}],"about":[{"href":"https:\/\/arcasgruber.com\/de\/wp-json\/wp\/v2\/types\/product"}],"version-history":[{"count":0,"href":"https:\/\/arcasgruber.com\/de\/wp-json\/wp\/v2\/product\/512639\/revisions"}],"wp:featuredmedia":[{"embeddable":true,"href":"https:\/\/arcasgruber.com\/de\/wp-json\/wp\/v2\/media\/512640"}],"wp:attachment":[{"href":"https:\/\/arcasgruber.com\/de\/wp-json\/wp\/v2\/media?parent=512639"}],"wp:term":[{"taxonomy":"product_brand","embeddable":true,"href":"https:\/\/arcasgruber.com\/de\/wp-json\/wp\/v2\/product_brand?post=512639"},{"taxonomy":"product_cat","embeddable":true,"href":"https:\/\/arcasgruber.com\/de\/wp-json\/wp\/v2\/product_cat?post=512639"},{"taxonomy":"product_tag","embeddable":true,"href":"https:\/\/arcasgruber.com\/de\/wp-json\/wp\/v2\/product_tag?post=512639"}],"curies":[{"name":"wp","href":"https:\/\/api.w.org\/{rel}","templated":true}]}}