{"id":505486,"date":"2017-06-14T11:26:00","date_gmt":"2017-06-14T09:26:00","guid":{"rendered":"https:\/\/arcasgruber.com\/unkategorisiert\/schluesselschrank-cl1006-1-440-schluessel\/"},"modified":"2025-03-19T10:18:10","modified_gmt":"2025-03-19T09:18:10","slug":"schlusselschrank-cl1006","status":"publish","type":"product","link":"https:\/\/arcasgruber.com\/de\/schluesseltresore\/schlusselschranke\/schlusselschrank-cl1006\/","title":{"rendered":"Schl\u00fcsselschrank CL1006 \u2013 1.440 Schl\u00fcssel"},"content":{"rendered":"<h2>Schl\u00fcsselschrank CL1006 \u2013 Sicherheit f\u00fcr bis zu 1.440 Schl\u00fcssel<\/h2>\n<p>Der <strong>Schl\u00fcsselschrank CL1006<\/strong> bietet eine effiziente L\u00f6sung f\u00fcr die sichere Aufbewahrung von bis zu 1.440 Schl\u00fcsseln. Dank seiner robusten Bauweise und zertifizierten Schutzmechanismen erf\u00fcllt er die Anforderungen der <strong>Norm EN 14450<\/strong> und ist in <strong>Widerstandsgrad S1<\/strong> homologiert.<\/p>\n<h3>Technische Daten des Schl\u00fcsselschranks CL1006<\/h3>\n<ul>\n<li><strong>Au\u00dfenma\u00dfe:<\/strong> 800 x 700 x 540 mm (H\u00f6he x Breite x Tiefe)<\/li>\n<li><strong>Gewicht:<\/strong> ca. 120 kg<\/li>\n<li><strong>Anzahl der Schl\u00fcsselhaken:<\/strong> 1.440<\/li>\n<li><strong>Herausnehmbare Paneele:<\/strong> 6<\/li>\n<li><strong>Abstand zwischen den Paneelen:<\/strong> 80 mm<\/li>\n<li><strong>Abstand zwischen den Haken:<\/strong> 30 mm<\/li>\n<li><strong>T\u00fcrst\u00e4rke:<\/strong> 55 mm<\/li>\n<li><strong>Korpus-St\u00e4rke:<\/strong> 30 mm<\/li>\n<li><strong>Farbe:<\/strong> RAL9006<\/li>\n<\/ul>\n<h3>Zertifizierte Sicherheit f\u00fcr Schl\u00fcsselaufbewahrung<\/h3>\n<p>Der <strong>Schl\u00fcsselschrank CL1006<\/strong> ist nach <a href=\"https:\/\/arcasgruber.com\/de\/schluesseltresore\/schlusselschranke\/\"><strong>Widerstandsgrad S1 gem\u00e4\u00df EN 14450<\/strong><\/a> zertifiziert und bietet h\u00f6chste Sicherheit f\u00fcr gewerbliche und private Anwendungen.<\/p>\n<h3>Weitere Schl\u00fcsselschr\u00e4nke von Arcas Gruber<\/h3>\n<p>Ben\u00f6tigen Sie eine andere Gr\u00f6\u00dfe oder Konfiguration? Entdecken Sie unser gesamtes Sortiment an <a href=\"https:\/\/arcasgruber.com\/de\/schluesseltresore\/\">Schl\u00fcsseltresoren<\/a> f\u00fcr eine sichere Aufbewahrung.<\/p>\n<h3>\u00dcber Arcas Gruber<\/h3>\n<p>Wussten Sie, dass <strong>Arcas Gruber<\/strong> Teil der <strong>Gruber-Gruppe<\/strong> ist? Als f\u00fchrender Hersteller f\u00fcr physische Sicherheitsl\u00f6sungen bieten wir hochwertige Tresore, Sicherheitsschr\u00e4nke und spezialisierte Aufbewahrungssysteme f\u00fcr Unternehmen und Privatkunden.<\/p>\n","protected":false},"excerpt":{"rendered":"<p>Der Schl\u00fcsselschrank CL1006 hat Au\u00dfenma\u00dfe von 800 x 700 x 540 mm und ein Gewicht von ca. 120 kg. Entwickelt f\u00fcr die sichere Aufbewahrung von bis zu 1.440 Schl\u00fcsseln, verf\u00fcgt er \u00fcber 6 herausnehmbare Paneele mit einem Abstand von 80 mm und Haken mit einem Abstand von 30 mm. Er ist nach Widerstandsgrad S1 gem\u00e4\u00df EN 14450 zertifiziert.<\/p>\n","protected":false},"featured_media":505485,"template":"","meta":{"_acf_changed":false},"product_brand":[],"product_cat":[3299],"product_tag":[],"class_list":{"0":"post-505486","1":"product","2":"type-product","3":"status-publish","4":"has-post-thumbnail","6":"product_cat-schlusselschranke","8":"first","9":"instock","10":"taxable","11":"shipping-taxable","12":"purchasable","13":"product-type-simple"},"acf":[],"_links":{"self":[{"href":"https:\/\/arcasgruber.com\/de\/wp-json\/wp\/v2\/product\/505486","targetHints":{"allow":["GET"]}}],"collection":[{"href":"https:\/\/arcasgruber.com\/de\/wp-json\/wp\/v2\/product"}],"about":[{"href":"https:\/\/arcasgruber.com\/de\/wp-json\/wp\/v2\/types\/product"}],"version-history":[{"count":0,"href":"https:\/\/arcasgruber.com\/de\/wp-json\/wp\/v2\/product\/505486\/revisions"}],"wp:featuredmedia":[{"embeddable":true,"href":"https:\/\/arcasgruber.com\/de\/wp-json\/wp\/v2\/media\/505485"}],"wp:attachment":[{"href":"https:\/\/arcasgruber.com\/de\/wp-json\/wp\/v2\/media?parent=505486"}],"wp:term":[{"taxonomy":"product_brand","embeddable":true,"href":"https:\/\/arcasgruber.com\/de\/wp-json\/wp\/v2\/product_brand?post=505486"},{"taxonomy":"product_cat","embeddable":true,"href":"https:\/\/arcasgruber.com\/de\/wp-json\/wp\/v2\/product_cat?post=505486"},{"taxonomy":"product_tag","embeddable":true,"href":"https:\/\/arcasgruber.com\/de\/wp-json\/wp\/v2\/product_tag?post=505486"}],"curies":[{"name":"wp","href":"https:\/\/api.w.org\/{rel}","templated":true}]}}