{"id":505302,"date":"2017-06-14T11:24:24","date_gmt":"2017-06-14T09:24:24","guid":{"rendered":"https:\/\/arcasgruber.com\/unkategorisiert\/feuerfeste-schublade-fsdpi09-60-minuten\/"},"modified":"2025-03-18T19:03:44","modified_gmt":"2025-03-18T18:03:44","slug":"feuerfeste-schublade-fsdpi09-60-minuten","status":"publish","type":"product","link":"https:\/\/arcasgruber.com\/de\/stahlburoschranke\/feuerbestandige-buro-schranke\/feuerfeste-schublade-fsdpi09-60-minuten\/","title":{"rendered":"Feuerfeste Schublade FSDPI09 | 60 Minuten"},"content":{"rendered":"<h2>Feuerfeste Schublade FSDPI09<\/h2>\n<p>Eigenschaften der feuerfesten Schublade FSDPI09:<\/p>\n<ul>\n<li>Au\u00dfenma\u00dfe: 259 \u00d7 400 \u00d7 375 mm (H\u00f6he x Breite x Tiefe)<\/li>\n<li>Innenma\u00dfe: 165 \u00d7 282 \u00d7 277 mm (H\u00f6he x Breite x Tiefe)<\/li>\n<li>Kapazit\u00e4t: 13 l<\/li>\n<\/ul>\n<h3>\ud83d\udd25 Allgemeine Merkmale der feuerfesten Schublade FSDPI09 (60 Minuten)<\/h3>\n<ul>\n<li>Magnetische Datentr\u00e4ger wie Disketten und Computerkassetten erfordern zus\u00e4tzlichen Schutz vor Hitze und Feuchtigkeit.<\/li>\n<li>Die feuerfeste Schublade erweitert die Kapazit\u00e4t von Feuerfesten Aktenschr\u00e4nken, feuerfesten Tresoren und feuersicheren Archivschr\u00e4nken.<\/li>\n<li>Das Modell FSDPI09 wurde speziell f\u00fcr 60 Minuten Brandschutz f\u00fcr digitale Medien und Computerkassetten entwickelt.<\/li>\n<li>Wasserbest\u00e4ndige Dichtungen sch\u00fctzen den Inhalt vor Sch\u00e4den durch Sprinkleranlagen oder Feuerwehrschl\u00e4uche.<\/li>\n<\/ul>\n<h3>\ud83d\udd27 Sicherheitsstufe der feuerfesten Schublade FSDPI09<\/h3>\n<ul>\n<li>Sicherheitsstufe f\u00fcr Dokumente: Sehr hoch<\/li>\n<li>Sicherheitsstufe f\u00fcr magnetische Datentr\u00e4ger: Sehr hoch<\/li>\n<\/ul>\n<h4><em><strong>\ud83d\udee1\ufe0f Alternative Brandschutzl\u00f6sungen<\/strong><\/em><\/h4>\n<p>Falls dieses Modell nicht genau das ist, was Sie suchen, entdecken Sie unsere verschiedenen Modelle von<br \/>\n<strong><em>feuerfesten Schr\u00e4nken<\/em><\/strong> oder sehen Sie sich unsere komplette Auswahl an<br \/>\n<a href=\"https:\/\/arcasgruber.com\/de\/tresore\/\"><strong><em>feuersicheren Tresoren<\/em><\/strong><\/a> an.<\/p>\n","protected":false},"excerpt":{"rendered":"<p>Die <strong data-start=\"453\" data-end=\"485\">feuerfeste Schublade FSDPI09<\/strong> bietet eine effektive L\u00f6sung zum Schutz magnetischer Datentr\u00e4ger wie Disketten und Computerkassetten vor Hitze und Feuchtigkeit. Mit Au\u00dfenma\u00dfen von <strong data-start=\"634\" data-end=\"656\">259 \u00d7 400 \u00d7 375 mm<\/strong> und Innenma\u00dfen von <strong data-start=\"676\" data-end=\"698\">165 \u00d7 282 \u00d7 277 mm<\/strong> hat sie eine Kapazit\u00e4t von <strong data-start=\"726\" data-end=\"739\">13 Litern<\/strong>, ideal f\u00fcr den sicheren Schutz sensibler Daten.<\/p>\n","protected":false},"featured_media":505303,"template":"","meta":{"_acf_changed":false},"product_brand":[],"product_cat":[3295,3267],"product_tag":[],"class_list":{"0":"post-505302","1":"product","2":"type-product","3":"status-publish","4":"has-post-thumbnail","6":"product_cat-feuerbestandige-buro-schranke","7":"product_cat-feuerschutztresore","9":"first","10":"onbackorder","11":"taxable","12":"shipping-taxable","13":"purchasable","14":"product-type-simple"},"acf":[],"_links":{"self":[{"href":"https:\/\/arcasgruber.com\/de\/wp-json\/wp\/v2\/product\/505302","targetHints":{"allow":["GET"]}}],"collection":[{"href":"https:\/\/arcasgruber.com\/de\/wp-json\/wp\/v2\/product"}],"about":[{"href":"https:\/\/arcasgruber.com\/de\/wp-json\/wp\/v2\/types\/product"}],"version-history":[{"count":0,"href":"https:\/\/arcasgruber.com\/de\/wp-json\/wp\/v2\/product\/505302\/revisions"}],"wp:featuredmedia":[{"embeddable":true,"href":"https:\/\/arcasgruber.com\/de\/wp-json\/wp\/v2\/media\/505303"}],"wp:attachment":[{"href":"https:\/\/arcasgruber.com\/de\/wp-json\/wp\/v2\/media?parent=505302"}],"wp:term":[{"taxonomy":"product_brand","embeddable":true,"href":"https:\/\/arcasgruber.com\/de\/wp-json\/wp\/v2\/product_brand?post=505302"},{"taxonomy":"product_cat","embeddable":true,"href":"https:\/\/arcasgruber.com\/de\/wp-json\/wp\/v2\/product_cat?post=505302"},{"taxonomy":"product_tag","embeddable":true,"href":"https:\/\/arcasgruber.com\/de\/wp-json\/wp\/v2\/product_tag?post=505302"}],"curies":[{"name":"wp","href":"https:\/\/api.w.org\/{rel}","templated":true}]}}