{"id":505225,"date":"2017-06-14T11:23:58","date_gmt":"2017-06-14T09:23:58","guid":{"rendered":"https:\/\/arcasgruber.com\/unkategorisiert\/tresor-widerstandsgrad-5-817cf\/"},"modified":"2025-03-18T11:18:24","modified_gmt":"2025-03-18T10:18:24","slug":"tresor-widerstandsgrad-5-817cf","status":"publish","type":"product","link":"https:\/\/arcasgruber.com\/de\/tresore\/wertschutztresore\/tresore-widerstandsgrad-5\/tresor-widerstandsgrad-5-817cf\/","title":{"rendered":"Tresor Widerstandsgrad 5 817CF"},"content":{"rendered":"<h2>Tresor Widerstandsgrad 5 817CF<\/h2>\n<p>Eigenschaften des Tresors Widerstandsgrad 5 817CF:<\/p>\n<ul>\n<li>Au\u00dfenma\u00dfe: 1225 \u00d7 725 \u00d7 620 mm (H\u00f6he x Breite x Tiefe)<\/li>\n<li>Innenma\u00dfe: 1065 \u00d7 570 \u00d7 390 mm (H\u00f6he x Breite x Tiefe)<\/li>\n<li>Ungef\u00e4hres Gewicht: 910 kg<\/li>\n<li>Ungef\u00e4hres Volumen: 237 l<\/li>\n<\/ul>\n<p>Technische Merkmale des Tresors Widerstandsgrad 5 817CF:<\/p>\n<ul>\n<li>Standard\u00f6ffnung: Scharniere auf der rechten Seite der T\u00fcr<\/li>\n<li>180\u00b0 T\u00fcr\u00f6ffnungswinkel mit Anti-S\u00e4ge-Sicherung<\/li>\n<li>Hochsicherheitsschloss mit Doppelbartschl\u00fcssel der Klasse 2 VdS (2 Schl\u00fcssel inklusive)<\/li>\n<li>Polyurethan-Lackierung in dunkelgrauer Strukturoptik<\/li>\n<li>Verankerungssystem im Tresorboden<\/li>\n<\/ul>\n<h3>\ud83d\udd27 Sicherheitsmerkmale<\/h3>\n<ul>\n<li>**Widerstandsgrad 5 gem\u00e4\u00df UNE EN 1143-1:2019**<\/li>\n<li>**Befestigungssystem:** Durch Bolzen oder hochfeste Sockel<\/li>\n<\/ul>\n<h4><em><strong>\ud83d\udee1\ufe0f Zertifizierung<\/strong><\/em><\/h4>\n<p>Dieser Tresor ist nach der Europ\u00e4ischen Norm <strong>UNE EN 1143-1:2019<\/strong> in Widerstandsgrad 5 zertifiziert.<\/p>\n<hr \/>\n<p>Falls dieses Modell nicht genau das ist, was Sie suchen, entdecken Sie unsere verschiedenen Modelle von<br \/>\n<a href=\"https:\/\/arcasgruber.com\/de\/wertschutztresore\/\"><strong><em>zertifizierten Tresoren<\/em><\/strong><\/a> oder sehen Sie sich unsere komplette Auswahl an<br \/>\n<a href=\"https:\/\/arcasgruber.com\/de\/tresore\/\"><strong><em>Tresoren<\/em><\/strong><\/a> an.<\/p>\n","protected":false},"excerpt":{"rendered":"<p data-start=\"455\" data-end=\"790\">Der <strong data-start=\"459\" data-end=\"493\">Tresor Widerstandsgrad 5 817CF<\/strong> wurde entwickelt, um maximale Sicherheit f\u00fcr wertvolle Gegenst\u00e4nde zu gew\u00e4hrleisten. Mit seinen Au\u00dfenma\u00dfen von <strong data-start=\"605\" data-end=\"628\">1225 \u00d7 725 \u00d7 620 mm<\/strong>, einem Gewicht von ca. <strong data-start=\"652\" data-end=\"662\">910 kg<\/strong> und einem Volumen von <strong data-start=\"685\" data-end=\"699\">237 Litern<\/strong> eignet er sich ideal f\u00fcr <strong data-start=\"725\" data-end=\"787\">Unternehmen, Banken und sicherheitskritische Einrichtungen<\/strong>.<\/p>\n<p data-start=\"792\" data-end=\"991\">Dieser Tresor ist mit <strong data-start=\"814\" data-end=\"863\">einem Hochsicherheitsschloss der Klasse 2 VdS<\/strong> ausgestattet (2 Schl\u00fcssel inklusive) und nach der <strong data-start=\"914\" data-end=\"954\">Europ\u00e4ischen Norm UNE EN 1143-1:2019<\/strong> in Widerstandsgrad 5 zertifiziert.<\/p>\n","protected":false},"featured_media":505226,"template":"","meta":{"_acf_changed":false},"product_brand":[],"product_cat":[3308,3275],"product_tag":[],"class_list":{"0":"post-505225","1":"product","2":"type-product","3":"status-publish","4":"has-post-thumbnail","6":"product_cat-tresore-widerstandsgrad-5","7":"product_cat-zertifizierte-tresore","9":"first","10":"instock","11":"taxable","12":"shipping-taxable","13":"purchasable","14":"product-type-simple"},"acf":[],"_links":{"self":[{"href":"https:\/\/arcasgruber.com\/de\/wp-json\/wp\/v2\/product\/505225","targetHints":{"allow":["GET"]}}],"collection":[{"href":"https:\/\/arcasgruber.com\/de\/wp-json\/wp\/v2\/product"}],"about":[{"href":"https:\/\/arcasgruber.com\/de\/wp-json\/wp\/v2\/types\/product"}],"version-history":[{"count":0,"href":"https:\/\/arcasgruber.com\/de\/wp-json\/wp\/v2\/product\/505225\/revisions"}],"wp:featuredmedia":[{"embeddable":true,"href":"https:\/\/arcasgruber.com\/de\/wp-json\/wp\/v2\/media\/505226"}],"wp:attachment":[{"href":"https:\/\/arcasgruber.com\/de\/wp-json\/wp\/v2\/media?parent=505225"}],"wp:term":[{"taxonomy":"product_brand","embeddable":true,"href":"https:\/\/arcasgruber.com\/de\/wp-json\/wp\/v2\/product_brand?post=505225"},{"taxonomy":"product_cat","embeddable":true,"href":"https:\/\/arcasgruber.com\/de\/wp-json\/wp\/v2\/product_cat?post=505225"},{"taxonomy":"product_tag","embeddable":true,"href":"https:\/\/arcasgruber.com\/de\/wp-json\/wp\/v2\/product_tag?post=505225"}],"curies":[{"name":"wp","href":"https:\/\/api.w.org\/{rel}","templated":true}]}}