{"id":505221,"date":"2017-06-14T11:24:00","date_gmt":"2017-06-14T09:24:00","guid":{"rendered":"https:\/\/arcasgruber.com\/unkategorisiert\/tresor-widerstandsgrad-5-850cf\/"},"modified":"2025-03-18T11:17:19","modified_gmt":"2025-03-18T10:17:19","slug":"tresor-widerstandsgrad-5-850cf","status":"publish","type":"product","link":"https:\/\/arcasgruber.com\/de\/tresore\/wertschutztresore\/tresore-widerstandsgrad-5\/tresor-widerstandsgrad-5-850cf\/","title":{"rendered":"Tresor Widerstandsgrad 5 850CF"},"content":{"rendered":"<h2>Tresor Widerstandsgrad 5 850CF<\/h2>\n<p>Eigenschaften des Tresor Widerstandsgrad 5 850CF:<\/p>\n<ul>\n<li>Au\u00dfenma\u00dfe: 1700 \u00d7 880 \u00d7 680 mm (H\u00f6he x Breite x Tiefe)<\/li>\n<li>Innenma\u00dfe: 1540 \u00d7 725 \u00d7 450 mm (H\u00f6he x Breite x Tiefe)<\/li>\n<li>Ungef\u00e4hres Gewicht: 1440 kg<\/li>\n<li>Ungef\u00e4hres Volumen: 502 l<\/li>\n<\/ul>\n<p>Technische Merkmale des Tresors Widerstandsgrad 5 850CF:<\/p>\n<ul>\n<li>Standard\u00f6ffnung: Scharniere auf der rechten Seite der T\u00fcr<\/li>\n<li>180\u00b0 T\u00fcr\u00f6ffnungswinkel mit Anti-S\u00e4ge-Sicherung<\/li>\n<li>Hochsicherheitsschloss mit Doppelbartschl\u00fcssel der Klasse 2 VdS (2 Schl\u00fcssel inklusive)<\/li>\n<li>Polyurethan-Lackierung in dunkelgrauer Strukturoptik<\/li>\n<li>Verankerungssystem im Tresorboden<\/li>\n<\/ul>\n<h3>\ud83d\udd27 Sicherheitsmerkmale<\/h3>\n<ul>\n<li>Widerstandsgrad 5 gem\u00e4\u00df UNE EN 1143-1:2019<\/li>\n<li>Befestigungssystem:** Durch Bolzen oder hochfeste Sockel<\/li>\n<\/ul>\n<h4><em><strong>\ud83d\udee1\ufe0f Zertifizierung<\/strong><\/em><\/h4>\n<p>Dieser Tresor ist nach der Europ\u00e4ischen Norm <strong>UNE EN 1143-1:2019<\/strong> in Widerstandsgrad 5 zertifiziert.<\/p>\n<hr \/>\n<p>Falls dieses Modell nicht genau das ist, was Sie suchen, entdecken Sie unsere verschiedenen Modelle von<br \/>\n<a href=\"https:\/\/arcasgruber.com\/de\/wertschutztresore\/\"><strong><em>zertifizierten Tresoren<\/em><\/strong><\/a> oder sehen Sie sich unsere komplette Auswahl an<br \/>\n<a href=\"https:\/\/arcasgruber.com\/de\/tresore\/\"><strong><em>Tresoren<\/em><\/strong><\/a> an.<\/p>\n","protected":false},"excerpt":{"rendered":"<p data-start=\"457\" data-end=\"748\">Der <strong data-start=\"461\" data-end=\"495\">Tresor Widerstandsgrad 5 850CF<\/strong> wurde entwickelt, um h\u00f6chste Sicherheitsanforderungen zu erf\u00fcllen. Mit seinen Au\u00dfenma\u00dfen von <strong data-start=\"589\" data-end=\"612\">1700 \u00d7 880 \u00d7 680 mm<\/strong>, einem Gewicht von ca. <strong data-start=\"636\" data-end=\"647\">1440 kg<\/strong> und einem Volumen von <strong data-start=\"670\" data-end=\"684\">502 Litern<\/strong> bietet er optimalen Schutz f\u00fcr Wertgegenst\u00e4nde und Dokumente.<\/p>\n<p data-start=\"750\" data-end=\"865\">Dieser Tresor ist <strong data-start=\"768\" data-end=\"825\">nach der Europ\u00e4ischen Norm UNE EN 1143-1 zertifiziert<\/strong> und entspricht <strong data-start=\"841\" data-end=\"862\">Widerstandsgrad 5<\/strong>.<\/p>\n","protected":false},"featured_media":505222,"template":"","meta":{"_acf_changed":false},"product_brand":[],"product_cat":[3308,3275],"product_tag":[],"class_list":{"0":"post-505221","1":"product","2":"type-product","3":"status-publish","4":"has-post-thumbnail","6":"product_cat-tresore-widerstandsgrad-5","7":"product_cat-zertifizierte-tresore","9":"first","10":"instock","11":"taxable","12":"shipping-taxable","13":"purchasable","14":"product-type-simple"},"acf":[],"_links":{"self":[{"href":"https:\/\/arcasgruber.com\/de\/wp-json\/wp\/v2\/product\/505221","targetHints":{"allow":["GET"]}}],"collection":[{"href":"https:\/\/arcasgruber.com\/de\/wp-json\/wp\/v2\/product"}],"about":[{"href":"https:\/\/arcasgruber.com\/de\/wp-json\/wp\/v2\/types\/product"}],"version-history":[{"count":0,"href":"https:\/\/arcasgruber.com\/de\/wp-json\/wp\/v2\/product\/505221\/revisions"}],"wp:featuredmedia":[{"embeddable":true,"href":"https:\/\/arcasgruber.com\/de\/wp-json\/wp\/v2\/media\/505222"}],"wp:attachment":[{"href":"https:\/\/arcasgruber.com\/de\/wp-json\/wp\/v2\/media?parent=505221"}],"wp:term":[{"taxonomy":"product_brand","embeddable":true,"href":"https:\/\/arcasgruber.com\/de\/wp-json\/wp\/v2\/product_brand?post=505221"},{"taxonomy":"product_cat","embeddable":true,"href":"https:\/\/arcasgruber.com\/de\/wp-json\/wp\/v2\/product_cat?post=505221"},{"taxonomy":"product_tag","embeddable":true,"href":"https:\/\/arcasgruber.com\/de\/wp-json\/wp\/v2\/product_tag?post=505221"}],"curies":[{"name":"wp","href":"https:\/\/api.w.org\/{rel}","templated":true}]}}