{"id":505215,"date":"2024-02-21T13:57:56","date_gmt":"2024-02-21T12:57:56","guid":{"rendered":"https:\/\/arcasgruber.com\/unkategorisiert\/wandtresor-widerstandsgrad-4-mcf480-4\/"},"modified":"2025-03-18T11:12:38","modified_gmt":"2025-03-18T10:12:38","slug":"wandtresor-widerstandsgrad-4-mcf480-4","status":"publish","type":"product","link":"https:\/\/arcasgruber.com\/de\/tresore\/wertschutztresore\/zertifizierte-wandtresore\/wandtresor-widerstandsgrad-4-mcf480-4\/","title":{"rendered":"Wandtresor Widerstandsgrad 4 MCF480-4"},"content":{"rendered":"<h2>Wandtresor Widerstandsgrad 4 MCF480-4<\/h2>\n<p>Eigenschaften des Wandtresors Widerstandsgrad 4 MCF480-4:<\/p>\n<ul>\n<li>Au\u00dfenma\u00dfe: 480 \u00d7 390 \u00d7 300 mm (H\u00f6he x Breite x Tiefe)<\/li>\n<li>Innenma\u00dfe: 380 \u00d7 380 \u00d7 170 mm (H\u00f6he x Breite x Tiefe)<\/li>\n<li>Einbauma\u00dfe: 480 \u00d7 480 \u00d7 350 mm (H\u00f6he x Breite x Tiefe)<\/li>\n<li>Ungef\u00e4hres Gewicht: 72 kg<\/li>\n<li>Ungef\u00e4hres Volumen: 24,55 l<\/li>\n<li>Anzahl der Fachb\u00f6den: 1<\/li>\n<li>T\u00fcrst\u00e4rke: 130 mm<\/li>\n<li>Verschlusssystem mit 3 Riegelbolzen und 2 Verriegelungen<\/li>\n<li>Standard\u00f6ffnung: Scharniere auf der rechten Seite der T\u00fcr<\/li>\n<li>200\u00b0 T\u00fcr\u00f6ffnungswinkel mit Anti-S\u00e4ge-Sicherung<\/li>\n<\/ul>\n<h3>\ud83d\udd27 Grundkonfiguration Wandtresor MCF480-4<\/h3>\n<ul>\n<li>Hochsicherheitsschloss mit Doppelbartschl\u00fcssel der Klasse 2 VdS (2 Schl\u00fcssel inklusive)<\/li>\n<li>Mechanische Zahlenkombination<\/li>\n<li>Polyurethan-Lackierung in dunkelgrauer Strukturoptik<\/li>\n<li>Verankerungssystem im Tresorboden<\/li>\n<\/ul>\n<h4><em><strong>\ud83d\udee1\ufe0f Zertifizierung<\/strong><\/em><\/h4>\n<p>Dieser Tresor ist nach der Europ\u00e4ischen Norm <strong>UNE EN 1143-1:2019<\/strong> in Widerstandsgrad 4 zertifiziert.<\/p>\n<hr \/>\n<p>Falls dieses Modell nicht genau das ist, was Sie suchen, entdecken Sie unsere verschiedenen Modelle von<br \/>\n<a href=\"https:\/\/arcasgruber.com\/de\/wertschutztresore\/zertifizierte-wandtresore\/\"><strong><em>zertifizierten Wandtresoren<\/em><\/strong><\/a> oder sehen Sie sich unsere komplette Auswahl an<br \/>\n<a href=\"https:\/\/arcasgruber.com\/de\/tresore\/\"><strong><em>Tresoren<\/em><\/strong><\/a> an.<\/p>\n","protected":false},"excerpt":{"rendered":"<p data-start=\"478\" data-end=\"798\">Der <strong data-start=\"482\" data-end=\"523\">Wandtresor Widerstandsgrad 4 MCF480-4<\/strong> bietet ein hohes Ma\u00df an Sicherheit in einem kompakten Design. Mit seinen Au\u00dfenma\u00dfen von <strong data-start=\"612\" data-end=\"634\">480 \u00d7 390 \u00d7 300 mm<\/strong>, einem Gewicht von ca. <strong data-start=\"658\" data-end=\"667\">72 kg<\/strong> und einem Volumen von <strong data-start=\"690\" data-end=\"706\">24,55 Litern<\/strong> ist er ideal f\u00fcr <strong data-start=\"724\" data-end=\"795\">Privathaushalte, Unternehmen und sicherheitskritische Einrichtungen<\/strong>.<\/p>\n<p data-start=\"800\" data-end=\"999\">Dieser Tresor ist mit <strong data-start=\"822\" data-end=\"871\">einem Hochsicherheitsschloss der Klasse 2 VdS<\/strong> ausgestattet (2 Schl\u00fcssel inklusive) und nach der <strong data-start=\"922\" data-end=\"962\">Europ\u00e4ischen Norm UNE EN 1143-1:2019<\/strong> in Widerstandsgrad 4 zertifiziert.<\/p>\n","protected":false},"featured_media":502235,"template":"","meta":{"_acf_changed":false},"product_brand":[],"product_cat":[3312],"product_tag":[],"class_list":{"0":"post-505215","1":"product","2":"type-product","3":"status-publish","4":"has-post-thumbnail","6":"product_cat-zertifizierte-wandtresore","8":"first","9":"instock","10":"taxable","11":"shipping-taxable","12":"purchasable","13":"product-type-simple"},"acf":[],"_links":{"self":[{"href":"https:\/\/arcasgruber.com\/de\/wp-json\/wp\/v2\/product\/505215","targetHints":{"allow":["GET"]}}],"collection":[{"href":"https:\/\/arcasgruber.com\/de\/wp-json\/wp\/v2\/product"}],"about":[{"href":"https:\/\/arcasgruber.com\/de\/wp-json\/wp\/v2\/types\/product"}],"version-history":[{"count":0,"href":"https:\/\/arcasgruber.com\/de\/wp-json\/wp\/v2\/product\/505215\/revisions"}],"wp:featuredmedia":[{"embeddable":true,"href":"https:\/\/arcasgruber.com\/de\/wp-json\/wp\/v2\/media\/502235"}],"wp:attachment":[{"href":"https:\/\/arcasgruber.com\/de\/wp-json\/wp\/v2\/media?parent=505215"}],"wp:term":[{"taxonomy":"product_brand","embeddable":true,"href":"https:\/\/arcasgruber.com\/de\/wp-json\/wp\/v2\/product_brand?post=505215"},{"taxonomy":"product_cat","embeddable":true,"href":"https:\/\/arcasgruber.com\/de\/wp-json\/wp\/v2\/product_cat?post=505215"},{"taxonomy":"product_tag","embeddable":true,"href":"https:\/\/arcasgruber.com\/de\/wp-json\/wp\/v2\/product_tag?post=505215"}],"curies":[{"name":"wp","href":"https:\/\/api.w.org\/{rel}","templated":true}]}}