{"id":505211,"date":"2024-02-22T08:23:13","date_gmt":"2024-02-22T07:23:13","guid":{"rendered":"https:\/\/arcasgruber.com\/unkategorisiert\/wandtresor-widerstandsgrad-4-mcf1180-4\/"},"modified":"2025-03-18T11:12:13","modified_gmt":"2025-03-18T10:12:13","slug":"wandtresor-widerstandsgrad-4-mcf1180-4","status":"publish","type":"product","link":"https:\/\/arcasgruber.com\/de\/tresore\/wertschutztresore\/zertifizierte-wandtresore\/wandtresor-widerstandsgrad-4-mcf1180-4\/","title":{"rendered":"Wandtresor Widerstandsgrad 4 MCF1180-4"},"content":{"rendered":"<h2>Wandtresor Widerstandsgrad 4 MCF1180-4<\/h2>\n<p>Eigenschaften des Wandtresors Widerstandsgrad 4 MCF1180-4:<\/p>\n<ul>\n<li>Au\u00dfenma\u00dfe: 1180 \u00d7 460 \u00d7 430 mm (H\u00f6he x Breite x Tiefe)<\/li>\n<li>Innenma\u00dfe: 1080 \u00d7 450 \u00d7 300 mm (H\u00f6he x Breite x Tiefe)<\/li>\n<li>Einbauma\u00dfe: 1180 \u00d7 550 \u00d7 480 mm (H\u00f6he x Breite x Tiefe)<\/li>\n<li>Ungef\u00e4hres Gewicht: 192 kg<\/li>\n<li>Ungef\u00e4hres Volumen: 145,8 l<\/li>\n<li>Anzahl der Fachb\u00f6den: 3<\/li>\n<li>T\u00fcrst\u00e4rke: 130 mm<\/li>\n<li>Verschlusssystem mit 4 Riegelbolzen und 2 Verriegelungen<\/li>\n<li>Standard\u00f6ffnung: Scharniere auf der rechten Seite der T\u00fcr<\/li>\n<li>180\u00b0 T\u00fcr\u00f6ffnungswinkel mit Anti-S\u00e4ge-Sicherung<\/li>\n<\/ul>\n<h3>\ud83d\udd27 Grundkonfiguration Wandtresor MCF1180-4<\/h3>\n<ul>\n<li>2 Hochsicherheitsschl\u00f6sser mit Doppelbartschl\u00fcssel der Klasse 2 VdS (2 Schl\u00fcssel inklusive)<\/li>\n<li>Polyurethan-Lackierung in dunkelgrauer Strukturoptik<\/li>\n<li>Verankerungssystem im Tresorboden<\/li>\n<\/ul>\n<h4><em><strong>\ud83d\udee1\ufe0f Zertifizierung<\/strong><\/em><\/h4>\n<p>Dieser Tresor ist nach der Europ\u00e4ischen Norm <strong>UNE EN 1143-1:2019<\/strong> in Widerstandsgrad 4 zertifiziert.<\/p>\n<hr \/>\n<p>Falls dieses Modell nicht genau das ist, was Sie suchen, entdecken Sie unsere verschiedenen Modelle von<br \/>\n<a href=\"https:\/\/arcasgruber.com\/de\/wertschutztresore\/zertifizierte-wandtresore\/\"><strong><em>zertifizierten Wandtresoren<\/em><\/strong><\/a> oder sehen Sie sich unsere komplette Auswahl an<br \/>\n<a href=\"https:\/\/arcasgruber.com\/de\/tresore\/\"><strong><em>Tresoren<\/em><\/strong><\/a> an.<\/p>\n","protected":false},"excerpt":{"rendered":"<p data-start=\"481\" data-end=\"807\">Der <strong data-start=\"485\" data-end=\"527\">Wandtresor Widerstandsgrad 4 MCF1180-4<\/strong> bietet maximale Sicherheit f\u00fcr den Schutz von Wertsachen. Mit seinen Au\u00dfenma\u00dfen von <strong data-start=\"612\" data-end=\"635\">1180 \u00d7 460 \u00d7 430 mm<\/strong>, einem Gewicht von ca. <strong data-start=\"659\" data-end=\"669\">192 kg<\/strong> und einem Volumen von <strong data-start=\"692\" data-end=\"708\">145,8 Litern<\/strong> eignet er sich ideal f\u00fcr <strong data-start=\"734\" data-end=\"804\">Juweliere, Banken, Unternehmen und sicherheitskritische Umgebungen<\/strong>.<\/p>\n<p data-start=\"809\" data-end=\"1010\">Dieser Tresor ist mit <strong data-start=\"831\" data-end=\"882\">zwei Hochsicherheitsschl\u00f6ssern der Klasse 2 VdS<\/strong> ausgestattet (2 Schl\u00fcssel inklusive) und nach der <strong data-start=\"933\" data-end=\"973\">Europ\u00e4ischen Norm UNE EN 1143-1:2019<\/strong> in Widerstandsgrad 4 zertifiziert.<\/p>\n","protected":false},"featured_media":505188,"template":"","meta":{"_acf_changed":false},"product_brand":[],"product_cat":[3312],"product_tag":[],"class_list":{"0":"post-505211","1":"product","2":"type-product","3":"status-publish","4":"has-post-thumbnail","6":"product_cat-zertifizierte-wandtresore","8":"first","9":"instock","10":"taxable","11":"shipping-taxable","12":"purchasable","13":"product-type-simple"},"acf":[],"_links":{"self":[{"href":"https:\/\/arcasgruber.com\/de\/wp-json\/wp\/v2\/product\/505211","targetHints":{"allow":["GET"]}}],"collection":[{"href":"https:\/\/arcasgruber.com\/de\/wp-json\/wp\/v2\/product"}],"about":[{"href":"https:\/\/arcasgruber.com\/de\/wp-json\/wp\/v2\/types\/product"}],"version-history":[{"count":0,"href":"https:\/\/arcasgruber.com\/de\/wp-json\/wp\/v2\/product\/505211\/revisions"}],"wp:featuredmedia":[{"embeddable":true,"href":"https:\/\/arcasgruber.com\/de\/wp-json\/wp\/v2\/media\/505188"}],"wp:attachment":[{"href":"https:\/\/arcasgruber.com\/de\/wp-json\/wp\/v2\/media?parent=505211"}],"wp:term":[{"taxonomy":"product_brand","embeddable":true,"href":"https:\/\/arcasgruber.com\/de\/wp-json\/wp\/v2\/product_brand?post=505211"},{"taxonomy":"product_cat","embeddable":true,"href":"https:\/\/arcasgruber.com\/de\/wp-json\/wp\/v2\/product_cat?post=505211"},{"taxonomy":"product_tag","embeddable":true,"href":"https:\/\/arcasgruber.com\/de\/wp-json\/wp\/v2\/product_tag?post=505211"}],"curies":[{"name":"wp","href":"https:\/\/api.w.org\/{rel}","templated":true}]}}