{"id":505184,"date":"2024-05-06T13:33:02","date_gmt":"2024-05-06T11:33:02","guid":{"rendered":"https:\/\/arcasgruber.com\/?post_type=product&#038;p=505184"},"modified":"2025-03-17T14:30:31","modified_gmt":"2025-03-17T13:30:31","slug":"wandtresor-widerstandsgrad-3-mcf380-3","status":"publish","type":"product","link":"https:\/\/arcasgruber.com\/de\/tresore\/wertschutztresore\/zertifizierte-wandtresore\/wandtresor-widerstandsgrad-3-mcf380-3\/","title":{"rendered":"Wandtresor Widerstandsgrad 3 MCF380-3"},"content":{"rendered":"<h2>Wandtresor Widerstandsgrad 3 MCF380-3<\/h2>\n<p>Eigenschaften des Wandtresor Widerstandsgrad 3 MCF380-3:<\/p>\n<ul>\n<li>Au\u00dfenma\u00dfe: 380 \u00d7 390 \u00d7 300 mm (H\u00f6he x Breite x Tiefe)<\/li>\n<li>Innenma\u00dfe: 280 \u00d7 380 \u00d7 200 mm (H\u00f6he x Breite x Tiefe)<\/li>\n<li>Einbauma\u00dfe: 380 \u00d7 480 \u00d7 350 mm (H\u00f6he x Breite x Tiefe)<\/li>\n<li>Ungef\u00e4hres Gewicht: 60 kg<\/li>\n<li>Ungef\u00e4hres Volumen: 21,3 l<\/li>\n<li>Anzahl der Fachb\u00f6den: 1<\/li>\n<li>T\u00fcrst\u00e4rke: 100 mm<\/li>\n<li>Verschlusssystem mit dreifacher Verriegelung und 2 Verriegelungsstangen<\/li>\n<li>Standard\u00f6ffnung: Scharniere auf der rechten Seite der T\u00fcr<\/li>\n<li>180\u00b0 T\u00fcr\u00f6ffnungswinkel mit Anti-S\u00e4ge-Sicherung<\/li>\n<\/ul>\n<h3>\ud83d\udd27 Grundkonfiguration Wandtresor MCF380-3<\/h3>\n<ul>\n<li>2 Hochsicherheitsschl\u00f6sser mit Doppelbartschl\u00fcssel der Klasse 2 VdS (2 Schl\u00fcssel inklusive)<\/li>\n<li>Polyurethan-Lackierung in dunkelgrauer Strukturoptik<\/li>\n<li>Verankerungssystem im Tresorboden<\/li>\n<\/ul>\n<h4><em><strong>\ud83d\udee1\ufe0f Zertifizierung<\/strong><\/em><\/h4>\n<p>Dieser Tresor ist nach der Europ\u00e4ischen Norm <strong>UNE EN 1143-1:2019<\/strong> in Widerstandsgrad 3 zertifiziert.<\/p>\n<hr \/>\n<p>Falls dieses Modell nicht genau das ist, was Sie suchen, entdecken Sie unsere verschiedenen Modelle von<br \/>\n<a href=\"https:\/\/arcasgruber.com\/de\/wertschutztresore\/zertifizierte-wandtresore\/\"><strong><em>zertifizierten Wandtresoren<\/em><\/strong><\/a> oder sehen Sie sich unsere komplette Auswahl an<br \/>\n<a href=\"https:\/\/arcasgruber.com\/de\/tresore\/\"><strong><em>Tresoren<\/em><\/strong><\/a> an.<\/p>\n","protected":false},"excerpt":{"rendered":"<p data-start=\"493\" data-end=\"822\">Der <strong data-start=\"497\" data-end=\"538\">Wandtresor Widerstandsgrad 3 MCF380-3<\/strong> ist eine kompakte, aber \u00e4u\u00dferst sichere L\u00f6sung f\u00fcr den Schutz wertvoller Gegenst\u00e4nde. Mit seinen Au\u00dfenma\u00dfen von <strong data-start=\"651\" data-end=\"673\">380 \u00d7 390 \u00d7 300 mm<\/strong>, einem Gewicht von ca. <strong data-start=\"697\" data-end=\"706\">60 kg<\/strong> und einem Volumen von <strong data-start=\"729\" data-end=\"744\">21,3 Litern<\/strong> eignet er sich ideal f\u00fcr <strong data-start=\"770\" data-end=\"819\">Privathaushalte, B\u00fcros und kleine Unternehmen<\/strong>.<\/p>\n<p data-start=\"824\" data-end=\"1146\">Dieser Tresor ist mit <strong data-start=\"846\" data-end=\"897\">zwei Hochsicherheitsschl\u00f6ssern der Klasse 2 VdS<\/strong> ausgestattet (2 Schl\u00fcssel inklusive) und verf\u00fcgt \u00fcber ein <strong data-start=\"956\" data-end=\"1017\">dreifaches Verriegelungssystem mit 2 Verriegelungsstangen<\/strong>. Er ist nach der <strong data-start=\"1035\" data-end=\"1075\">Europ\u00e4ischen Norm UNE EN 1143-1:2019<\/strong> in Widerstandsgrad 3 zertifiziert und garantiert h\u00f6chste Sicherheit.<\/p>\n","protected":false},"featured_media":502235,"template":"","meta":{"_acf_changed":false},"product_brand":[],"product_cat":[3312],"product_tag":[],"class_list":{"0":"post-505184","1":"product","2":"type-product","3":"status-publish","4":"has-post-thumbnail","6":"product_cat-zertifizierte-wandtresore","8":"first","9":"instock","10":"taxable","11":"shipping-taxable","12":"purchasable","13":"product-type-simple"},"acf":[],"_links":{"self":[{"href":"https:\/\/arcasgruber.com\/de\/wp-json\/wp\/v2\/product\/505184","targetHints":{"allow":["GET"]}}],"collection":[{"href":"https:\/\/arcasgruber.com\/de\/wp-json\/wp\/v2\/product"}],"about":[{"href":"https:\/\/arcasgruber.com\/de\/wp-json\/wp\/v2\/types\/product"}],"version-history":[{"count":0,"href":"https:\/\/arcasgruber.com\/de\/wp-json\/wp\/v2\/product\/505184\/revisions"}],"wp:featuredmedia":[{"embeddable":true,"href":"https:\/\/arcasgruber.com\/de\/wp-json\/wp\/v2\/media\/502235"}],"wp:attachment":[{"href":"https:\/\/arcasgruber.com\/de\/wp-json\/wp\/v2\/media?parent=505184"}],"wp:term":[{"taxonomy":"product_brand","embeddable":true,"href":"https:\/\/arcasgruber.com\/de\/wp-json\/wp\/v2\/product_brand?post=505184"},{"taxonomy":"product_cat","embeddable":true,"href":"https:\/\/arcasgruber.com\/de\/wp-json\/wp\/v2\/product_cat?post=505184"},{"taxonomy":"product_tag","embeddable":true,"href":"https:\/\/arcasgruber.com\/de\/wp-json\/wp\/v2\/product_tag?post=505184"}],"curies":[{"name":"wp","href":"https:\/\/api.w.org\/{rel}","templated":true}]}}