{"id":505183,"date":"2024-05-06T13:33:05","date_gmt":"2024-05-06T11:33:05","guid":{"rendered":"https:\/\/arcasgruber.com\/?post_type=product&#038;p=505183"},"modified":"2025-03-17T14:27:12","modified_gmt":"2025-03-17T13:27:12","slug":"wandtresor-widerstandsgrad-3-mcf480-3","status":"publish","type":"product","link":"https:\/\/arcasgruber.com\/de\/tresore\/wertschutztresore\/zertifizierte-wandtresore\/wandtresor-widerstandsgrad-3-mcf480-3\/","title":{"rendered":"Wandtresor Widerstandsgrad 3 MCF480-3"},"content":{"rendered":"<h2>Wandtresor Widerstandsgrad 3 MCF480-3<\/h2>\n<p>Eigenschaften des <strong>Wandtresor Widerstandsgrad 3 MCF480-3<\/strong>:<\/p>\n<ul>\n<li>Au\u00dfenma\u00dfe: 480 \u00d7 390 \u00d7 300 mm (H\u00f6he x Breite x Tiefe)<\/li>\n<li>Innenma\u00dfe: 380 \u00d7 380 \u00d7 200 mm (H\u00f6he x Breite x Tiefe)<\/li>\n<li>Einbauma\u00dfe: 480 \u00d7 480 \u00d7 350 mm (H\u00f6he x Breite x Tiefe)<\/li>\n<li>Ungef\u00e4hres Gewicht: 72 kg<\/li>\n<li>Ungef\u00e4hres Volumen: 28,9 l<\/li>\n<li>Anzahl der Fachb\u00f6den: 1<\/li>\n<li>T\u00fcrst\u00e4rke: 100 mm<\/li>\n<li>Verschlusssystem mit 3 Riegelbolzen und 2 Verriegelungen<\/li>\n<li>Standard\u00f6ffnung: Scharniere auf der rechten Seite der T\u00fcr<\/li>\n<li>200\u00b0 T\u00fcr\u00f6ffnungswinkel mit Anti-S\u00e4ge-Sicherung<\/li>\n<\/ul>\n<h3>\ud83d\udd27 Grundkonfiguration Wandtresor MCF480-3<\/h3>\n<ul>\n<li>1 Hochsicherheitsschloss mit Doppelbartschl\u00fcssel der Klasse 2 VdS (2 Schl\u00fcssel inklusive)<\/li>\n<li>Mechanische Zahlenkombination<\/li>\n<li>Polyurethan-Lackierung in dunkelgrauer Strukturoptik<\/li>\n<li>Verankerungssystem im Tresorboden<\/li>\n<\/ul>\n<h4><em><strong>\ud83d\udee1\ufe0f Zertifizierung<\/strong><\/em><\/h4>\n<p>Dieser Tresor ist nach der Europ\u00e4ischen Norm <strong>UNE EN 1143-1:2019<\/strong> in Widerstandsgrad 3 zertifiziert.<\/p>\n<hr \/>\n<p>Falls dieses Modell nicht genau das ist, was Sie suchen, entdecken Sie unsere verschiedenen Modelle von<br \/>\n<a href=\"https:\/\/arcasgruber.com\/de\/wertschutztresore\/zertifizierte-wandtresore\/\"><strong><em>zertifizierten Wandtresoren<\/em><\/strong><\/a> oder sehen Sie sich unsere komplette Auswahl an<br \/>\n<a href=\"https:\/\/arcasgruber.com\/de\/tresore\/\"><strong><em>Tresoren<\/em><\/strong><\/a> an.<\/p>\n","protected":false},"excerpt":{"rendered":"<p data-start=\"444\" data-end=\"771\">Der <strong data-start=\"448\" data-end=\"489\">Wandtresor Widerstandsgrad 3 MCF480-3<\/strong> ist eine kompakte, aber \u00e4u\u00dferst sichere L\u00f6sung f\u00fcr den Schutz wertvoller Gegenst\u00e4nde. Mit seinen Au\u00dfenma\u00dfen von <strong data-start=\"602\" data-end=\"624\">480 \u00d7 390 \u00d7 300 mm<\/strong>, einem Gewicht von ca. <strong data-start=\"648\" data-end=\"657\">72 kg<\/strong> und einem Volumen von <strong data-start=\"680\" data-end=\"695\">28,9 Litern<\/strong> eignet er sich ideal f\u00fcr <strong data-start=\"721\" data-end=\"768\">Privathaushalte, B\u00fcros und kleine Gesch\u00e4fte<\/strong>.<\/p>\n<p data-start=\"773\" data-end=\"995\">Ausgestattet mit <strong data-start=\"790\" data-end=\"839\">einem Hochsicherheitsschloss der Klasse 2 VdS<\/strong> (inklusive 2 Schl\u00fcssel) und zertifiziert nach der <strong data-start=\"890\" data-end=\"930\">Europ\u00e4ischen Norm UNE EN 1143-1:2019<\/strong>, bietet dieser Tresor ein au\u00dfergew\u00f6hnliches Sicherheitsniveau.<\/p>\n","protected":false},"featured_media":502235,"template":"","meta":{"_acf_changed":false},"product_brand":[],"product_cat":[3312],"product_tag":[],"class_list":{"0":"post-505183","1":"product","2":"type-product","3":"status-publish","4":"has-post-thumbnail","6":"product_cat-zertifizierte-wandtresore","8":"first","9":"instock","10":"taxable","11":"shipping-taxable","12":"purchasable","13":"product-type-simple"},"acf":[],"_links":{"self":[{"href":"https:\/\/arcasgruber.com\/de\/wp-json\/wp\/v2\/product\/505183","targetHints":{"allow":["GET"]}}],"collection":[{"href":"https:\/\/arcasgruber.com\/de\/wp-json\/wp\/v2\/product"}],"about":[{"href":"https:\/\/arcasgruber.com\/de\/wp-json\/wp\/v2\/types\/product"}],"version-history":[{"count":0,"href":"https:\/\/arcasgruber.com\/de\/wp-json\/wp\/v2\/product\/505183\/revisions"}],"wp:featuredmedia":[{"embeddable":true,"href":"https:\/\/arcasgruber.com\/de\/wp-json\/wp\/v2\/media\/502235"}],"wp:attachment":[{"href":"https:\/\/arcasgruber.com\/de\/wp-json\/wp\/v2\/media?parent=505183"}],"wp:term":[{"taxonomy":"product_brand","embeddable":true,"href":"https:\/\/arcasgruber.com\/de\/wp-json\/wp\/v2\/product_brand?post=505183"},{"taxonomy":"product_cat","embeddable":true,"href":"https:\/\/arcasgruber.com\/de\/wp-json\/wp\/v2\/product_cat?post=505183"},{"taxonomy":"product_tag","embeddable":true,"href":"https:\/\/arcasgruber.com\/de\/wp-json\/wp\/v2\/product_tag?post=505183"}],"curies":[{"name":"wp","href":"https:\/\/api.w.org\/{rel}","templated":true}]}}