{"id":505180,"date":"2024-05-06T13:33:18","date_gmt":"2024-05-06T11:33:18","guid":{"rendered":"https:\/\/arcasgruber.com\/?post_type=product&#038;p=505180"},"modified":"2025-03-17T14:18:38","modified_gmt":"2025-03-17T13:18:38","slug":"wandtresor-widerstandsgrad-3-mcf740-3","status":"publish","type":"product","link":"https:\/\/arcasgruber.com\/de\/tresore\/wertschutztresore\/zertifizierte-wandtresore\/wandtresor-widerstandsgrad-3-mcf740-3\/","title":{"rendered":"Wandtresor Widerstandsgrad 3 MCF740-3"},"content":{"rendered":"<h2>Wandtresor Widerstandsgrad 3 MCF740-3<\/h2>\n<p>Eigenschaften des Wandtresors Widerstandsgrad 3 MCF740-3:<\/p>\n<ul>\n<li>Au\u00dfenma\u00dfe: 740 \u00d7 410 \u00d7 400 mm (H\u00f6he x Breite x Tiefe)<\/li>\n<li>Innenma\u00dfe: 640 \u00d7 400 \u00d7 300 mm (H\u00f6he x Breite x Tiefe)<\/li>\n<li>Einbauma\u00dfe: 740 \u00d7 500 \u00d7 450 mm (H\u00f6he x Breite x Tiefe)<\/li>\n<li>Ungef\u00e4hres Gewicht: 149 kg<\/li>\n<li>Ungef\u00e4hres Volumen: 76,8 l<\/li>\n<li>Anzahl der Fachb\u00f6den: 2<\/li>\n<li>T\u00fcrst\u00e4rke: 100 mm<\/li>\n<li>Speziell entwickelt f\u00fcr Restaurants, Superm\u00e4rkte, Banken, Casinos und andere sicherheitskritische Bereiche<\/li>\n<li>Verschlusssystem mit 3 Riegelbolzen und 2 Verriegelungen pro T\u00fcr<\/li>\n<li>Standard\u00f6ffnung: Scharniere auf der rechten Seite der T\u00fcr<\/li>\n<li>180\u00b0 T\u00fcr\u00f6ffnungswinkel mit Anti-S\u00e4ge-Sicherung<\/li>\n<\/ul>\n<h3><strong>\ud83d\udd27 Grundkonfiguration Wandtresor MCF740-3<\/strong><\/h3>\n<ul>\n<li>2 Hochsicherheitsschl\u00f6sser mit Doppelbartschl\u00fcssel der Klasse 2 VdS (2 Schl\u00fcssel inklusive)<\/li>\n<li>Polyurethan-Lackierung in dunkelgrauer Strukturoptik<\/li>\n<li>Verankerungssystem im Tresorboden<\/li>\n<\/ul>\n<h4><em><strong>\ud83d\udee1\ufe0f Zertifizierung<\/strong><\/em><\/h4>\n<p>Dieser Tresor ist nach der Europ\u00e4ischen Norm <strong>UNE EN 1143-1:2019<\/strong> in Widerstandsgrad 3 zertifiziert.<\/p>\n<hr \/>\n<p>Falls dieses Modell nicht genau das ist, was Sie suchen, entdecken Sie unsere verschiedenen Modelle von<br \/>\n<a href=\"https:\/\/arcasgruber.com\/de\/wertschutztresore\/zertifizierte-wandtresore\/\"><strong><em>zertifizierten Wandtresoren<\/em><\/strong><\/a> oder sehen Sie sich unsere komplette Auswahl an<br \/>\n<a href=\"https:\/\/arcasgruber.com\/de\/tresore\/\"><strong><em>Tresoren<\/em><\/strong><\/a> an.<\/p>\n","protected":false},"excerpt":{"rendered":"<p data-start=\"480\" data-end=\"830\">Der <strong data-start=\"484\" data-end=\"525\">Wandtresor Widerstandsgrad 3 MCF740-3<\/strong> bietet h\u00f6chste Sicherheit f\u00fcr Ihre Wertsachen. Mit seinen kompakten Au\u00dfenma\u00dfen von <strong data-start=\"609\" data-end=\"631\">740 \u00d7 410 \u00d7 400 mm<\/strong>, einem Gewicht von ca. <strong data-start=\"655\" data-end=\"665\">149 kg<\/strong> und einem Volumen von <strong data-start=\"688\" data-end=\"703\">76,8 Litern<\/strong> ist er ideal f\u00fcr den Einsatz in <strong data-start=\"736\" data-end=\"827\">Restaurants, Superm\u00e4rkten, Banken, Casinos und anderen sicherheitsrelevanten Umgebungen<\/strong>.<\/p>\n<p data-start=\"832\" data-end=\"1033\">Dieser Tresor ist mit <strong data-start=\"854\" data-end=\"905\">zwei Hochsicherheitsschl\u00f6ssern der Klasse 2 VdS<\/strong> ausgestattet (2 Schl\u00fcssel inklusive) und nach der <strong data-start=\"956\" data-end=\"996\">Europ\u00e4ischen Norm UNE EN 1143-1:2019<\/strong> in Widerstandsgrad 3 zertifiziert.<\/p>\n","protected":false},"featured_media":503589,"template":"","meta":{"_acf_changed":false},"product_brand":[],"product_cat":[3312],"product_tag":[],"class_list":{"0":"post-505180","1":"product","2":"type-product","3":"status-publish","4":"has-post-thumbnail","6":"product_cat-zertifizierte-wandtresore","8":"first","9":"instock","10":"taxable","11":"shipping-taxable","12":"purchasable","13":"product-type-simple"},"acf":[],"_links":{"self":[{"href":"https:\/\/arcasgruber.com\/de\/wp-json\/wp\/v2\/product\/505180","targetHints":{"allow":["GET"]}}],"collection":[{"href":"https:\/\/arcasgruber.com\/de\/wp-json\/wp\/v2\/product"}],"about":[{"href":"https:\/\/arcasgruber.com\/de\/wp-json\/wp\/v2\/types\/product"}],"version-history":[{"count":0,"href":"https:\/\/arcasgruber.com\/de\/wp-json\/wp\/v2\/product\/505180\/revisions"}],"wp:featuredmedia":[{"embeddable":true,"href":"https:\/\/arcasgruber.com\/de\/wp-json\/wp\/v2\/media\/503589"}],"wp:attachment":[{"href":"https:\/\/arcasgruber.com\/de\/wp-json\/wp\/v2\/media?parent=505180"}],"wp:term":[{"taxonomy":"product_brand","embeddable":true,"href":"https:\/\/arcasgruber.com\/de\/wp-json\/wp\/v2\/product_brand?post=505180"},{"taxonomy":"product_cat","embeddable":true,"href":"https:\/\/arcasgruber.com\/de\/wp-json\/wp\/v2\/product_cat?post=505180"},{"taxonomy":"product_tag","embeddable":true,"href":"https:\/\/arcasgruber.com\/de\/wp-json\/wp\/v2\/product_tag?post=505180"}],"curies":[{"name":"wp","href":"https:\/\/api.w.org\/{rel}","templated":true}]}}