{"id":505178,"date":"2024-05-06T13:33:31","date_gmt":"2024-05-06T11:33:31","guid":{"rendered":"https:\/\/arcasgruber.com\/?post_type=product&#038;p=505178"},"modified":"2025-03-17T14:14:00","modified_gmt":"2025-03-17T13:14:00","slug":"wandtresor-widerstandsgrad-3-mcf1180-3","status":"publish","type":"product","link":"https:\/\/arcasgruber.com\/de\/tresore\/wertschutztresore\/zertifizierte-wandtresore\/wandtresor-widerstandsgrad-3-mcf1180-3\/","title":{"rendered":"Wandtresor Widerstandsgrad 3 MCF1180-3"},"content":{"rendered":"<h2>Wandtresor Widerstandsgrad 3 MCF1180-3<\/h2>\n<p>Eigenschaften des Wandtresors Widerstandsgrad 3 MCF1180-3:<\/p>\n<ul>\n<li>Au\u00dfenma\u00dfe: 1180 \u00d7 460 \u00d7 430 mm (H\u00f6he x Breite x Tiefe)<\/li>\n<li>Innenma\u00dfe: 1080 x 450 x 330 mm (H\u00f6he x Breite x Tiefe)<\/li>\n<li>Einbauma\u00dfe: 1180 x 550 x 480 mm (H\u00f6he x Breite x Tiefe)<\/li>\n<li>Ungef\u00e4hres Gewicht: 192 kg<\/li>\n<li>Ungef\u00e4hres Volumen: 160,4 l<\/li>\n<li>Anzahl der Fachb\u00f6den: 3<\/li>\n<li>T\u00fcrst\u00e4rke: 100 mm<\/li>\n<li>Verschlusssystem mit 4 Riegelbolzen und 2 Verriegelungen<\/li>\n<li>Standard\u00f6ffnung: Scharniere auf der rechten Seite der T\u00fcr<\/li>\n<li>180\u00b0 T\u00fcr\u00f6ffnungswinkel mit Anti-S\u00e4ge-Sicherung<\/li>\n<\/ul>\n<p><strong>\ud83d\udd27 Grundkonfiguration Wandtresor MCF1180-3<\/strong><\/p>\n<ul>\n<li>2 Hochsicherheitsschl\u00f6sser mit Doppelbartschl\u00fcssel der Klasse 2 VdS (2 Schl\u00fcssel inklusive)<\/li>\n<li>Polyurethan-Lackierung in dunkelgrauer Strukturoptik<\/li>\n<li>Verankerungssystem im Tresorboden<\/li>\n<\/ul>\n<h4><em><strong>\ud83d\udee1\ufe0f Zertifizierung<\/strong><\/em><\/h4>\n<p>Dieser Tresor ist nach der Europ\u00e4ischen Norm <strong>UNE EN 1143-1:2019<\/strong> in Widerstandsgrad 3 zertifiziert.<\/p>\n<hr \/>\n<p>Falls dieses Modell nicht genau das ist, was Sie suchen, entdecken Sie unsere verschiedenen Modelle von<br \/>\n<a href=\"https:\/\/arcasgruber.com\/de\/wertschutztresore\/zertifizierte-wandtresore\/\"><strong><em>zertifizierten Wandtresoren<\/em><\/strong><\/a> oder sehen Sie sich unsere komplette Auswahl an<br \/>\n<a href=\"https:\/\/arcasgruber.com\/de\/tresore\/\"><strong><em>Tresoren<\/em><\/strong><\/a> an.<\/p>\n","protected":false},"excerpt":{"rendered":"<p data-start=\"438\" data-end=\"760\">Der <strong data-start=\"442\" data-end=\"484\">Wandtresor Widerstandsgrad 3 MCF1180-3<\/strong> bietet maximale Sicherheit f\u00fcr Ihre Wertgegenst\u00e4nde. Mit seinen Au\u00dfenma\u00dfen von <strong data-start=\"564\" data-end=\"587\">1180 \u00d7 460 \u00d7 430 mm<\/strong>, einem Gewicht von ca. <strong data-start=\"611\" data-end=\"621\">192 kg<\/strong> und einem Volumen von <strong data-start=\"644\" data-end=\"660\">160,4 Litern<\/strong> ist er eine robuste und zuverl\u00e4ssige L\u00f6sung f\u00fcr den Schutz sensibler oder wertvoller Gegenst\u00e4nde.<\/p>\n<p data-start=\"762\" data-end=\"963\">Dieser Tresor ist mit <strong data-start=\"784\" data-end=\"835\">zwei Hochsicherheitsschl\u00f6ssern der Klasse 2 VdS<\/strong> ausgestattet (2 Schl\u00fcssel inklusive) und nach der <strong data-start=\"886\" data-end=\"926\">Europ\u00e4ischen Norm UNE EN 1143-1:2019<\/strong> in Widerstandsgrad 3 zertifiziert.<\/p>\n","protected":false},"featured_media":505188,"template":"","meta":{"_acf_changed":false},"product_brand":[],"product_cat":[3312],"product_tag":[],"class_list":{"0":"post-505178","1":"product","2":"type-product","3":"status-publish","4":"has-post-thumbnail","6":"product_cat-zertifizierte-wandtresore","8":"first","9":"instock","10":"taxable","11":"shipping-taxable","12":"purchasable","13":"product-type-simple"},"acf":[],"_links":{"self":[{"href":"https:\/\/arcasgruber.com\/de\/wp-json\/wp\/v2\/product\/505178","targetHints":{"allow":["GET"]}}],"collection":[{"href":"https:\/\/arcasgruber.com\/de\/wp-json\/wp\/v2\/product"}],"about":[{"href":"https:\/\/arcasgruber.com\/de\/wp-json\/wp\/v2\/types\/product"}],"version-history":[{"count":0,"href":"https:\/\/arcasgruber.com\/de\/wp-json\/wp\/v2\/product\/505178\/revisions"}],"wp:featuredmedia":[{"embeddable":true,"href":"https:\/\/arcasgruber.com\/de\/wp-json\/wp\/v2\/media\/505188"}],"wp:attachment":[{"href":"https:\/\/arcasgruber.com\/de\/wp-json\/wp\/v2\/media?parent=505178"}],"wp:term":[{"taxonomy":"product_brand","embeddable":true,"href":"https:\/\/arcasgruber.com\/de\/wp-json\/wp\/v2\/product_brand?post=505178"},{"taxonomy":"product_cat","embeddable":true,"href":"https:\/\/arcasgruber.com\/de\/wp-json\/wp\/v2\/product_cat?post=505178"},{"taxonomy":"product_tag","embeddable":true,"href":"https:\/\/arcasgruber.com\/de\/wp-json\/wp\/v2\/product_tag?post=505178"}],"curies":[{"name":"wp","href":"https:\/\/api.w.org\/{rel}","templated":true}]}}