{"id":505177,"date":"2024-05-06T13:33:35","date_gmt":"2024-05-06T11:33:35","guid":{"rendered":"https:\/\/arcasgruber.com\/?post_type=product&#038;p=505177"},"modified":"2025-03-17T14:09:25","modified_gmt":"2025-03-17T13:09:25","slug":"wandtresor-widerstandsgrad-3-mcf1200-3","status":"publish","type":"product","link":"https:\/\/arcasgruber.com\/de\/tresore\/wertschutztresore\/zertifizierte-wandtresore\/wandtresor-widerstandsgrad-3-mcf1200-3\/","title":{"rendered":"Wandtresor Widerstandsgrad 3 MCF1200-3"},"content":{"rendered":"<h2>Wandtresor Widerstandsgrad 3 MCF1200-3<\/h2>\n<p>Eigenschaften des <strong>Wandtresors Widerstandsgrad 3 MCF1200-3<\/strong>:<\/p>\n<ul>\n<li>Au\u00dfenma\u00dfe: 1200 x 570 x 510 mm (H\u00f6he x Breite x Tiefe)<\/li>\n<li>Innenma\u00dfe: 1100 x 560 x 410 mm (H\u00f6he x Breite x Tiefe)<\/li>\n<li>Einbauma\u00dfe: 1200 x 660 x 560 mm (H\u00f6he x Breite x Tiefe)<\/li>\n<li>Ungef\u00e4hres Gewicht: 248 kg<\/li>\n<li>Ungef\u00e4hres Volumen: 252,5 l<\/li>\n<li>Anzahl der Fachb\u00f6den: 3<\/li>\n<li>Gro\u00dfdimensionierter Tresor mit einer Wandst\u00e4rke von 5 mm und einer T\u00fcrst\u00e4rke von 100 mm f\u00fcr h\u00f6chste Sicherheit<\/li>\n<li>Verschlusssystem mit 2 Riegelbolzen und 2 Verriegelungen<\/li>\n<li>Standard\u00f6ffnung: Verstellbare Scharniere auf der rechten und linken Seite der T\u00fcr<\/li>\n<li>180\u00b0 T\u00fcr\u00f6ffnungswinkel mit Anti-S\u00e4ge-Sicherung<\/li>\n<\/ul>\n<h3><strong>\ud83d\udd27 Grundkonfiguration Wandtresor MCF1200-3<\/strong><\/h3>\n<ul>\n<li>2 Hochsicherheitsschl\u00f6sser mit Doppelbartschl\u00fcssel der Klasse 2 VdS (2 Schl\u00fcssel inklusive)<\/li>\n<li>Mechanische Zahlenkombination<\/li>\n<li>Polyurethan-Lackierung in dunkelgrauer Strukturoptik<\/li>\n<li>Verankerungssystem im Tresorboden<\/li>\n<\/ul>\n<h4><em><strong>\ud83d\udee1\ufe0f Zertifizierung<\/strong><\/em><\/h4>\n<p>Dieser Tresor ist nach der Europ\u00e4ischen Norm <strong>UNE EN 1143-1:2019<\/strong> in Widerstandsgrad 3 zertifiziert.<\/p>\n<hr \/>\n<p>Falls dieses Modell nicht genau das ist, was Sie suchen, k\u00f6nnen Sie auch unsere komplette Auswahl an <a href=\"https:\/\/arcasgruber.com\/de\/tresore\/\"><strong><em>Tresoren<\/em><\/strong><\/a> entdecken.<\/p>\n","protected":false},"excerpt":{"rendered":"<p data-start=\"452\" data-end=\"738\">Der <strong data-start=\"456\" data-end=\"498\">Wandtresor Widerstandsgrad 3 MCF1200-3<\/strong> bietet maximale Sicherheit f\u00fcr Ihre Wertsachen. Mit seinen Au\u00dfenma\u00dfen von <strong data-start=\"573\" data-end=\"596\">1200 x 570 x 510 mm<\/strong>, einem Gewicht von ca. <strong data-start=\"620\" data-end=\"630\">248 kg<\/strong> und einem Volumen von <strong data-start=\"653\" data-end=\"669\">252,5 Litern<\/strong> ist er eine zuverl\u00e4ssige L\u00f6sung zum Schutz wertvoller Gegenst\u00e4nde.<\/p>\n<p data-start=\"740\" data-end=\"941\">Dieser Tresor ist mit <strong data-start=\"762\" data-end=\"813\">zwei Hochsicherheitsschl\u00f6ssern der Klasse 2 VdS<\/strong> ausgestattet (2 Schl\u00fcssel inklusive) und nach der <strong data-start=\"864\" data-end=\"904\">Europ\u00e4ischen Norm UNE EN 1143-1:2019<\/strong> in Widerstandsgrad 3 zertifiziert.<\/p>\n","protected":false},"featured_media":505188,"template":"","meta":{"_acf_changed":false},"product_brand":[],"product_cat":[3312],"product_tag":[],"class_list":{"0":"post-505177","1":"product","2":"type-product","3":"status-publish","4":"has-post-thumbnail","6":"product_cat-zertifizierte-wandtresore","8":"first","9":"instock","10":"taxable","11":"shipping-taxable","12":"purchasable","13":"product-type-simple"},"acf":[],"_links":{"self":[{"href":"https:\/\/arcasgruber.com\/de\/wp-json\/wp\/v2\/product\/505177","targetHints":{"allow":["GET"]}}],"collection":[{"href":"https:\/\/arcasgruber.com\/de\/wp-json\/wp\/v2\/product"}],"about":[{"href":"https:\/\/arcasgruber.com\/de\/wp-json\/wp\/v2\/types\/product"}],"version-history":[{"count":0,"href":"https:\/\/arcasgruber.com\/de\/wp-json\/wp\/v2\/product\/505177\/revisions"}],"wp:featuredmedia":[{"embeddable":true,"href":"https:\/\/arcasgruber.com\/de\/wp-json\/wp\/v2\/media\/505188"}],"wp:attachment":[{"href":"https:\/\/arcasgruber.com\/de\/wp-json\/wp\/v2\/media?parent=505177"}],"wp:term":[{"taxonomy":"product_brand","embeddable":true,"href":"https:\/\/arcasgruber.com\/de\/wp-json\/wp\/v2\/product_brand?post=505177"},{"taxonomy":"product_cat","embeddable":true,"href":"https:\/\/arcasgruber.com\/de\/wp-json\/wp\/v2\/product_cat?post=505177"},{"taxonomy":"product_tag","embeddable":true,"href":"https:\/\/arcasgruber.com\/de\/wp-json\/wp\/v2\/product_tag?post=505177"}],"curies":[{"name":"wp","href":"https:\/\/api.w.org\/{rel}","templated":true}]}}