{"id":505176,"date":"2024-05-06T13:33:39","date_gmt":"2024-05-06T11:33:39","guid":{"rendered":"https:\/\/arcasgruber.com\/?post_type=product&#038;p=505176"},"modified":"2025-03-17T13:40:04","modified_gmt":"2025-03-17T12:40:04","slug":"wandtresor-widerstandsgrad-3-mcf1250-3","status":"publish","type":"product","link":"https:\/\/arcasgruber.com\/de\/tresore\/wertschutztresore\/zertifizierte-wandtresore\/wandtresor-widerstandsgrad-3-mcf1250-3\/","title":{"rendered":"Wandtresor Widerstandsgrad 3 MCF1250-3"},"content":{"rendered":"<h2>Wandtresor Widerstandsgrad 3 MCF1250-3<\/h2>\n<p>Eigenschaften des <strong>Wandtresors Widerstandsgrad 3 MCF1250-3<\/strong>:<\/p>\n<ul>\n<li>Au\u00dfenma\u00dfe: 1250 x 610 x 610 mm (H\u00f6he x Breite x Tiefe)<\/li>\n<li>Innenma\u00dfe: 1150 x 600 x 510 mm (H\u00f6he x Breite x Tiefe)<\/li>\n<li>Einbauma\u00dfe: 1250 x 700 x 660 mm (H\u00f6he x Breite x Tiefe)<\/li>\n<li>Ungef\u00e4hres Gewicht: 346 kg<\/li>\n<li>Ungef\u00e4hres Volumen: 351,9 l<\/li>\n<li>Anzahl der Fachb\u00f6den: 3<\/li>\n<li>Gro\u00dfdimensionierter Tresor mit einer Wandst\u00e4rke von 5 mm und einer T\u00fcrst\u00e4rke von 100 mm f\u00fcr maximale Sicherheit<\/li>\n<li>Verschlusssystem mit 2 Riegelbolzen und 2 Verriegelungen<\/li>\n<li>Standard\u00f6ffnung: Verstellbare Scharniere auf der rechten und linken Seite der T\u00fcr<\/li>\n<li>180\u00b0 T\u00fcr\u00f6ffnungswinkel mit Anti-S\u00e4ge-Sicherung<\/li>\n<\/ul>\n<p><strong>\ud83d\udd27 Grundkonfiguration Wandtresor MCF1250-3<\/strong><\/p>\n<ul>\n<li>1 Hochsicherheitsschloss mit Doppelbartschl\u00fcssel der Klasse 2 VdS (2 Schl\u00fcssel inklusive)<\/li>\n<li>Mechanische Zahlenkombination<\/li>\n<li>Polyurethan-Lackierung in dunkelgrauer Strukturoptik<\/li>\n<li>Verankerungssystem im Tresorboden<\/li>\n<\/ul>\n<h4><em><strong>\ud83d\udee1\ufe0f Zertifizierung<\/strong><\/em><\/h4>\n<p>Dieser Tresor ist nach der Europ\u00e4ischen Norm <strong>UNE EN 1143-1:2019<\/strong> in Widerstandsgrad 3 zertifiziert.<\/p>\n<hr \/>\n<p>Falls dieses Modell nicht genau das ist, was Sie suchen, k\u00f6nnen Sie auch unsere komplette Auswahl an <a href=\"https:\/\/arcasgruber.com\/de\/tresore\/\"><strong><em>Tresoren<\/em><\/strong><\/a> entdecken.<\/p>\n","protected":false},"excerpt":{"rendered":"<p data-start=\"459\" data-end=\"743\">Der <strong data-start=\"463\" data-end=\"505\">Wandtresor Widerstandsgrad 3 MCF1250-3<\/strong> bietet h\u00f6chste Sicherheit f\u00fcr Ihre Wertsachen. Mit seinen Au\u00dfenma\u00dfen von <strong data-start=\"579\" data-end=\"602\">1250 x 610 x 610 mm<\/strong>, einem Gewicht von ca. <strong data-start=\"626\" data-end=\"636\">346 kg<\/strong> und einem Volumen von <strong data-start=\"659\" data-end=\"675\">351,9 Litern<\/strong> ist er eine robuste L\u00f6sung f\u00fcr den Schutz wertvoller Gegenst\u00e4nde.<\/p>\n<p data-start=\"745\" data-end=\"922\">Dieser Tresor ist mit <strong data-start=\"767\" data-end=\"818\">zwei Hochsicherheitsschl\u00f6ssern der Klasse 2 VdS<\/strong> ausgestattet und nach der <strong data-start=\"845\" data-end=\"885\">Europ\u00e4ischen Norm UNE EN 1143-1:2019<\/strong> in Widerstandsgrad 3 zertifiziert.<\/p>\n","protected":false},"featured_media":505188,"template":"","meta":{"_acf_changed":false},"product_brand":[],"product_cat":[3312],"product_tag":[],"class_list":{"0":"post-505176","1":"product","2":"type-product","3":"status-publish","4":"has-post-thumbnail","6":"product_cat-zertifizierte-wandtresore","8":"first","9":"instock","10":"taxable","11":"shipping-taxable","12":"purchasable","13":"product-type-simple"},"acf":[],"_links":{"self":[{"href":"https:\/\/arcasgruber.com\/de\/wp-json\/wp\/v2\/product\/505176","targetHints":{"allow":["GET"]}}],"collection":[{"href":"https:\/\/arcasgruber.com\/de\/wp-json\/wp\/v2\/product"}],"about":[{"href":"https:\/\/arcasgruber.com\/de\/wp-json\/wp\/v2\/types\/product"}],"version-history":[{"count":0,"href":"https:\/\/arcasgruber.com\/de\/wp-json\/wp\/v2\/product\/505176\/revisions"}],"wp:featuredmedia":[{"embeddable":true,"href":"https:\/\/arcasgruber.com\/de\/wp-json\/wp\/v2\/media\/505188"}],"wp:attachment":[{"href":"https:\/\/arcasgruber.com\/de\/wp-json\/wp\/v2\/media?parent=505176"}],"wp:term":[{"taxonomy":"product_brand","embeddable":true,"href":"https:\/\/arcasgruber.com\/de\/wp-json\/wp\/v2\/product_brand?post=505176"},{"taxonomy":"product_cat","embeddable":true,"href":"https:\/\/arcasgruber.com\/de\/wp-json\/wp\/v2\/product_cat?post=505176"},{"taxonomy":"product_tag","embeddable":true,"href":"https:\/\/arcasgruber.com\/de\/wp-json\/wp\/v2\/product_tag?post=505176"}],"curies":[{"name":"wp","href":"https:\/\/api.w.org\/{rel}","templated":true}]}}