{"id":505175,"date":"2024-05-06T13:33:46","date_gmt":"2024-05-06T11:33:46","guid":{"rendered":"https:\/\/arcasgruber.com\/?post_type=product&#038;p=505175"},"modified":"2025-03-17T13:36:21","modified_gmt":"2025-03-17T12:36:21","slug":"wandtresor-widerstandsgrad-3-mcf1610-3","status":"publish","type":"product","link":"https:\/\/arcasgruber.com\/de\/tresore\/wertschutztresore\/zertifizierte-wandtresore\/wandtresor-widerstandsgrad-3-mcf1610-3\/","title":{"rendered":"Wandtresor Widerstandsgrad 3 MCF1610-3"},"content":{"rendered":"<h2>Wandtresor Widerstandsgrad 3 MCF1610-3<\/h2>\n<p>Eigenschaften des <strong>Wandtresor Widerstandsgrad 3 MCF1610-3<\/strong>:<\/p>\n<ul>\n<li>Au\u00dfenma\u00dfe: 1610 x 660 x 610 mm (H\u00f6he x Breite x Tiefe)<\/li>\n<li>Innenma\u00dfe: 1510 x 650 x 510 mm (H\u00f6he x Breite x Tiefe)<\/li>\n<li>Einbauma\u00dfe: 1610 x 750 x 660 mm (H\u00f6he x Breite x Tiefe)<\/li>\n<li>Ungef\u00e4hres Gewicht: 420 kg<\/li>\n<li>Ungef\u00e4hres Volumen: 500,5 l<\/li>\n<li>Anzahl der Fachb\u00f6den: 3<\/li>\n<li>Gro\u00dfdimensionierter Tresor mit einer Wandst\u00e4rke von 5 mm und einer T\u00fcrst\u00e4rke von 100 mm f\u00fcr maximale Sicherheit<\/li>\n<li>Verschlusssystem mit 2 Riegelbolzen und 2 Verriegelungen<\/li>\n<li>Standard\u00f6ffnung: Verstellbare Scharniere auf der rechten und linken Seite der T\u00fcr<\/li>\n<li>180\u00b0 T\u00fcr\u00f6ffnungswinkel mit Anti-S\u00e4ge-Sicherung<\/li>\n<\/ul>\n<p><strong>Grundkonfiguration Wandtresor MCF1610-3<\/strong><\/p>\n<ul>\n<li>2 Hochsicherheitsschl\u00f6sser mit Doppelbartschl\u00fcssel der Klasse 2 VdS (2 Schl\u00fcssel inklusive)<\/li>\n<li>Polyurethan-Lackierung in dunkelgrauer Strukturoptik<\/li>\n<li>Verankerungssystem im Tresorboden<\/li>\n<\/ul>\n<h3><em><strong>Zertifizierung<\/strong><\/em><\/h3>\n<p>Dieser Tresor ist nach der Europ\u00e4ischen Norm <strong>UNE EN 1143-1:2019<\/strong> in Widerstandsgrad 3 zertifiziert.<\/p>\n<hr \/>\n<p>Wenn Sie einen anderen zertifizierten Wandtresor ben\u00f6tigen, entdecken Sie unsere verschiedenen Modelle von <a href=\"https:\/\/arcasgruber.com\/de\/wertschutztresore\/tresore-widerstandsgrad-3\/\"><strong><em>Wandtresoren mit Widerstandsgrad<\/em><\/strong><\/a>.<\/p>\n<hr \/>\n<p>Falls dieses Modell nicht genau das ist, was Sie suchen, k\u00f6nnen Sie auch unsere komplette Auswahl an <a href=\"https:\/\/arcasgruber.com\/de\/tresore\/\"><strong><em>Tresoren<\/em><\/strong><\/a> entdecken.<\/p>\n","protected":false},"excerpt":{"rendered":"<p>Der <strong>Wandtresor Widerstandsgrad 3 MCF1610-3<\/strong>\u00a0mit Au\u00dfenma\u00dfen von 1610 x 660 x 610 mm, einem Gewicht von ca. 420 kg und einem Volumen von etwa 500,5 Litern bietet h\u00f6chste Sicherheit und Widerstandsf\u00e4higkeit. Ausgestattet mit 2 Doppelbartschl\u00f6ssern der Klasse 2 VdS, ist er nach der Europ\u00e4ischen Norm UNE EN 1143-1:2019 in Widerstandsgrad 3 zertifiziert.<\/p>\n","protected":false},"featured_media":501677,"template":"","meta":{"_acf_changed":false},"product_brand":[],"product_cat":[3312],"product_tag":[],"class_list":{"0":"post-505175","1":"product","2":"type-product","3":"status-publish","4":"has-post-thumbnail","6":"product_cat-zertifizierte-wandtresore","8":"first","9":"instock","10":"taxable","11":"shipping-taxable","12":"purchasable","13":"product-type-simple"},"acf":[],"_links":{"self":[{"href":"https:\/\/arcasgruber.com\/de\/wp-json\/wp\/v2\/product\/505175","targetHints":{"allow":["GET"]}}],"collection":[{"href":"https:\/\/arcasgruber.com\/de\/wp-json\/wp\/v2\/product"}],"about":[{"href":"https:\/\/arcasgruber.com\/de\/wp-json\/wp\/v2\/types\/product"}],"version-history":[{"count":0,"href":"https:\/\/arcasgruber.com\/de\/wp-json\/wp\/v2\/product\/505175\/revisions"}],"wp:featuredmedia":[{"embeddable":true,"href":"https:\/\/arcasgruber.com\/de\/wp-json\/wp\/v2\/media\/501677"}],"wp:attachment":[{"href":"https:\/\/arcasgruber.com\/de\/wp-json\/wp\/v2\/media?parent=505175"}],"wp:term":[{"taxonomy":"product_brand","embeddable":true,"href":"https:\/\/arcasgruber.com\/de\/wp-json\/wp\/v2\/product_brand?post=505175"},{"taxonomy":"product_cat","embeddable":true,"href":"https:\/\/arcasgruber.com\/de\/wp-json\/wp\/v2\/product_cat?post=505175"},{"taxonomy":"product_tag","embeddable":true,"href":"https:\/\/arcasgruber.com\/de\/wp-json\/wp\/v2\/product_tag?post=505175"}],"curies":[{"name":"wp","href":"https:\/\/api.w.org\/{rel}","templated":true}]}}