{"id":503588,"date":"2024-02-22T08:22:58","date_gmt":"2024-02-22T07:22:58","guid":{"rendered":"https:\/\/arcasgruber.com\/unkategorisiert\/mcf600-4\/"},"modified":"2025-03-18T11:12:29","modified_gmt":"2025-03-18T10:12:29","slug":"wandtresor-zertifiziert-grad-4-mcf600-4","status":"publish","type":"product","link":"https:\/\/arcasgruber.com\/de\/tresore\/wertschutztresore\/zertifizierte-wandtresore\/wandtresor-zertifiziert-grad-4-mcf600-4\/","title":{"rendered":"Wandtresor zertifiziert nach Grad 4 MCF600-4"},"content":{"rendered":"<h2><strong>Wandtresor zertifiziert nach Grad 4 MCF600-4<\/strong><\/h2>\n<p><strong>Eigenschaften des Wandtresors Grad 4 MCF600-4:<\/strong><\/p>\n<ul>\n<li><strong>Au\u00dfenma\u00dfe:<\/strong> 600 \u00d7 410 \u00d7 400 mm (H\u00f6he x Breite x Tiefe)<\/li>\n<li><strong>Innenma\u00dfe:<\/strong> 500 \u00d7 400 \u00d7 270 mm (H\u00f6he x Breite x Tiefe)<\/li>\n<li><strong>Einbauma\u00dfe:<\/strong> 600 \u00d7 500 \u00d7 450 mm (H\u00f6he x Breite x Tiefe)<\/li>\n<li><strong>Gewicht:<\/strong> 122 kg<\/li>\n<li><strong>Volumen:<\/strong> 54 l<\/li>\n<li><strong>Ablagen:<\/strong> 2<\/li>\n<li><strong>T\u00fcrst\u00e4rke:<\/strong> 130 mm<\/li>\n<li><strong>Verriegelungssystem:<\/strong> 4 Bolzen und 2 Schlie\u00dfleisten<\/li>\n<li><strong>Standard\u00f6ffnung:<\/strong> T\u00fcrscharniere auf der rechten Seite montiert<\/li>\n<li><strong>T\u00fcr\u00f6ffnungswinkel:<\/strong> 180\u00b0 mit s\u00e4gesicherem Schlie\u00dfsystem<\/li>\n<\/ul>\n<p><strong>Grundausstattung zertifizierter Wandtresore MCF600\/4:<\/strong><\/p>\n<ul>\n<li>2 Doppelbart-Sicherheitsschl\u00f6sser der Klasse 2 VdS (inkl. 2 Schl\u00fcssel)<\/li>\n<li>Polyurethanlackierung in dunkelgrauer Strukturfarbe<\/li>\n<li>Verankerungssystem an der Basis des Tresors<\/li>\n<\/ul>\n<p><strong>Zertifizierung:<\/strong><\/p>\n<ul>\n<li>Tresor zertifiziert nach Grad 4 gem\u00e4\u00df der Europ\u00e4ischen Norm UNE EN 1143-1:2019<\/li>\n<\/ul>\n<p>Falls Sie einen anderen zertifizierten Wandtresor ben\u00f6tigen, werfen Sie einen Blick auf die verschiedenen Arten von <a href=\"https:\/\/arcasgruber.com\/de\/wertschutztresore\/zertifizierte-wandtresore\/\"><strong><span style=\"text-decoration: underline;\">zertifizierten Wandtresoren<\/span><\/strong><\/a>, die wir herstellen.<\/p>\n<p><strong>Wussten Sie, dass Arcas Gruber zur Gruber-Gruppe geh\u00f6rt?<\/strong><br \/>\nDie Gruber-Gruppe ist ein Firmenkonglomerat, das sich der Herstellung von Produkten f\u00fcr physische Sicherheit widmet.<\/p>\n<p>&nbsp;<\/p>\n","protected":false},"excerpt":{"rendered":"<p><strong>Der Wandtresor Grad 4 MCF600-4<\/strong>, mit Au\u00dfenma\u00dfen von 600 \u00d7 410 \u00d7 400 mm, einem Gewicht von 122 kg und einem Volumen von 54 l, ist mit zwei Doppelbart-Sicherheitsschl\u00f6ssern der Klasse 2 VdS ausgestattet. Er ist nach Grad 4 gem\u00e4\u00df der Europ\u00e4ischen Norm UNE EN 1143-1:2019 zertifiziert und garantiert h\u00f6chste Qualit\u00e4t und Zuverl\u00e4ssigkeit.<\/p>\n","protected":false},"featured_media":503589,"template":"","meta":{"_acf_changed":false},"product_brand":[],"product_cat":[3312],"product_tag":[],"class_list":{"0":"post-503588","1":"product","2":"type-product","3":"status-publish","4":"has-post-thumbnail","6":"product_cat-zertifizierte-wandtresore","8":"first","9":"instock","10":"taxable","11":"shipping-taxable","12":"purchasable","13":"product-type-simple"},"acf":[],"_links":{"self":[{"href":"https:\/\/arcasgruber.com\/de\/wp-json\/wp\/v2\/product\/503588","targetHints":{"allow":["GET"]}}],"collection":[{"href":"https:\/\/arcasgruber.com\/de\/wp-json\/wp\/v2\/product"}],"about":[{"href":"https:\/\/arcasgruber.com\/de\/wp-json\/wp\/v2\/types\/product"}],"version-history":[{"count":0,"href":"https:\/\/arcasgruber.com\/de\/wp-json\/wp\/v2\/product\/503588\/revisions"}],"wp:featuredmedia":[{"embeddable":true,"href":"https:\/\/arcasgruber.com\/de\/wp-json\/wp\/v2\/media\/503589"}],"wp:attachment":[{"href":"https:\/\/arcasgruber.com\/de\/wp-json\/wp\/v2\/media?parent=503588"}],"wp:term":[{"taxonomy":"product_brand","embeddable":true,"href":"https:\/\/arcasgruber.com\/de\/wp-json\/wp\/v2\/product_brand?post=503588"},{"taxonomy":"product_cat","embeddable":true,"href":"https:\/\/arcasgruber.com\/de\/wp-json\/wp\/v2\/product_cat?post=503588"},{"taxonomy":"product_tag","embeddable":true,"href":"https:\/\/arcasgruber.com\/de\/wp-json\/wp\/v2\/product_tag?post=503588"}],"curies":[{"name":"wp","href":"https:\/\/api.w.org\/{rel}","templated":true}]}}