{"id":502352,"date":"2024-11-05T09:05:05","date_gmt":"2024-11-05T08:05:05","guid":{"rendered":"https:\/\/arcasgruber.com\/?post_type=product&#038;p=502352"},"modified":"2024-11-05T12:17:56","modified_gmt":"2024-11-05T11:17:56","slug":"modularer-tresor-cfd1400-3","status":"publish","type":"product","link":"https:\/\/arcasgruber.com\/de\/tresore\/wertschutztresore\/modulare-tresore\/modularer-tresor-cfd1400-3\/","title":{"rendered":"Modularer Tresor CFD1400-3"},"content":{"rendered":"<h2>Modularer Tresor CFD1400-3: Hochsicherheitsl\u00f6sung f\u00fcr Wertschutz<\/h2>\n<p>Der <strong>Modularer Tresor CFD1400-3<\/strong> von Arcas Gruber ist speziell entwickelt, um optimalen Schutz gegen \u00e4u\u00dfere Angriffe zu bieten. Dieses Modell eignet sich ideal f\u00fcr den sicheren Schutz von Wertsachen, Bargeld und Kurzwaffen.<\/p>\n<h3><strong>Hauptmerkmale des Modular Tresor CFD1400-3:<\/strong><\/h3>\n<ul>\n<li><strong>Au\u00dfenma\u00dfe:<\/strong> 1400 x 700 x 660 mm (H\u00f6he x Breite x Tiefe)<\/li>\n<li><strong>Innenma\u00dfe:<\/strong> 1300 x 600 x 510 mm (H\u00f6he x Breite x Tiefe)<\/li>\n<li><strong>Gewicht:<\/strong> ca. 912 kg<\/li>\n<li><strong>Volumen:<\/strong> ca. 397.8 l<\/li>\n<li><strong>Kapazit\u00e4t Kurzwaffen (3,5 l):<\/strong> 113<\/li>\n<li><strong>B\u00f6den:<\/strong> 3<\/li>\n<li><strong>Wandst\u00e4rke:<\/strong> 50 mm<\/li>\n<li><strong>T\u00fcrst\u00e4rke:<\/strong> 100 mm<\/li>\n<\/ul>\n<p><strong>Verschlusssysteme und Sicherheit:<\/strong> Der Tresor CFD1400-3 ist mit vier Riegeln und zwei Falleisen ausgestattet. Er verf\u00fcgt \u00fcber ein Anti-S\u00e4ge-System und einen \u00d6ffnungswinkel von 180\u00b0 mit verstellbaren Scharnieren an beiden Seiten. Die Basiskonfiguration enth\u00e4lt:<\/p>\n<ul>\n<li><strong>2 Doppelbart-Hochsicherheitsschl\u00f6sser<\/strong> Klasse 2 VdS (mit 2 Schl\u00fcsseln)<\/li>\n<li><strong>Texturierte Polyurethan-Oberfl\u00e4che<\/strong> in Dunkelgrau<\/li>\n<li><strong>Verankerungssystem<\/strong> in der Bodenplatte<\/li>\n<\/ul>\n<p><strong>Zertifizierungen und Normen:<\/strong> Der Tresor ist gem\u00e4\u00df der <strong>Europ\u00e4ischen Norm UNE EN 1143-1:2019<\/strong> als Widerstandsgrad 3 zertifiziert.<\/p>\n<p>Entdecken Sie weitere M\u00f6glichkeiten in unserer Kategorie f\u00fcr <a href=\"https:\/\/arcasgruber.com\/de\/wertschutztresore\/modulare-tresore\/\"><strong>Modulare Tresore<\/strong><\/a>\u00a0und finden Sie die passende L\u00f6sung f\u00fcr Ihre Sicherheitsanforderungen.<\/p>\n","protected":false},"excerpt":{"rendered":"<p>Der <strong>Modularer Tresor CFD1400-3<\/strong> ist eine zertifizierte Hochsicherheitsl\u00f6sung der Widerstandsklasse 3, ideal f\u00fcr die sichere Aufbewahrung von Wertsachen, Bargeld und Kurzwaffen. Dieser Tresor bietet robusten Schutz und flexible Sicherheitsoptionen f\u00fcr anspruchsvolle Anforderungen.<\/p>\n","protected":false},"featured_media":502259,"template":"","meta":{"_acf_changed":false},"product_brand":[],"product_cat":[3341],"product_tag":[],"class_list":{"0":"post-502352","1":"product","2":"type-product","3":"status-publish","4":"has-post-thumbnail","6":"product_cat-modulare-tresore","8":"first","9":"instock","10":"taxable","11":"shipping-taxable","12":"purchasable","13":"product-type-simple"},"acf":[],"_links":{"self":[{"href":"https:\/\/arcasgruber.com\/de\/wp-json\/wp\/v2\/product\/502352","targetHints":{"allow":["GET"]}}],"collection":[{"href":"https:\/\/arcasgruber.com\/de\/wp-json\/wp\/v2\/product"}],"about":[{"href":"https:\/\/arcasgruber.com\/de\/wp-json\/wp\/v2\/types\/product"}],"version-history":[{"count":0,"href":"https:\/\/arcasgruber.com\/de\/wp-json\/wp\/v2\/product\/502352\/revisions"}],"wp:featuredmedia":[{"embeddable":true,"href":"https:\/\/arcasgruber.com\/de\/wp-json\/wp\/v2\/media\/502259"}],"wp:attachment":[{"href":"https:\/\/arcasgruber.com\/de\/wp-json\/wp\/v2\/media?parent=502352"}],"wp:term":[{"taxonomy":"product_brand","embeddable":true,"href":"https:\/\/arcasgruber.com\/de\/wp-json\/wp\/v2\/product_brand?post=502352"},{"taxonomy":"product_cat","embeddable":true,"href":"https:\/\/arcasgruber.com\/de\/wp-json\/wp\/v2\/product_cat?post=502352"},{"taxonomy":"product_tag","embeddable":true,"href":"https:\/\/arcasgruber.com\/de\/wp-json\/wp\/v2\/product_tag?post=502352"}],"curies":[{"name":"wp","href":"https:\/\/api.w.org\/{rel}","templated":true}]}}