{"id":502265,"date":"2023-09-22T12:00:30","date_gmt":"2023-09-22T10:00:30","guid":{"rendered":"https:\/\/arcasgruber.com\/unkategorisiert\/cf1400-3\/"},"modified":"2025-09-10T09:09:23","modified_gmt":"2025-09-10T07:09:23","slug":"tresor-widerstandsgrad-3-cf1400-3","status":"publish","type":"product","link":"https:\/\/arcasgruber.com\/de\/tresore\/wertschutztresore\/tresore-widerstandsgrad-3\/tresor-widerstandsgrad-3-cf1400-3\/","title":{"rendered":"Tresor Widerstandsgrad 3 CF1400-3"},"content":{"rendered":"<h2>Tresor Widerstandsgrad 3 CF1400-3<\/h2>\n<p>Der <strong>Tresor Widerstandsgrad 3 CF1400-3<\/strong> von Arcas Gruber ist speziell entwickelt, um optimalen Schutz gegen \u00e4u\u00dfere Angriffe zu bieten. Dieses Modell eignet sich ideal f\u00fcr den sicheren Schutz von Wertsachen, Bargeld und Kurzwaffen.<\/p>\n<h3><strong>Hauptmerkmale des Tresors Klasse CF1400-3:<\/strong><\/h3>\n<ul>\n<li><strong>Au\u00dfenma\u00dfe:<\/strong> 1400 x 700 x 660 mm (H\u00f6he x Breite x Tiefe)<\/li>\n<li><strong>Innenma\u00dfe:<\/strong> 1300 x 600 x 510 mm (H\u00f6he x Breite x Tiefe)<\/li>\n<li><strong>Gewicht:<\/strong> ca. 912 kg<\/li>\n<li><strong>Volumen:<\/strong> ca. 397.8 l<\/li>\n<li><strong>Kapazit\u00e4t Kurzwaffen (3,5 l):<\/strong> 113<\/li>\n<li><strong>B\u00f6den:<\/strong> 3<\/li>\n<li><strong>Wandst\u00e4rke:<\/strong> 50 mm<\/li>\n<li><strong>T\u00fcrst\u00e4rke:<\/strong> 100 mm<\/li>\n<\/ul>\n<p><strong>Verschlusssysteme und Sicherheit:<\/strong> Der Tresor CF1400-3 ist mit vier Riegeln und zwei Falleisen ausgestattet. Er verf\u00fcgt \u00fcber ein Anti-S\u00e4ge-System und einen \u00d6ffnungswinkel von 180\u00b0 mit verstellbaren Scharnieren an beiden Seiten. Die Basiskonfiguration enth\u00e4lt:<\/p>\n<ul>\n<li><strong>2 Doppelbart-Hochsicherheitsschl\u00f6sser<\/strong> Klasse 2 VdS (mit 2 Schl\u00fcsseln)<\/li>\n<li><strong>Texturierte Polyurethan-Oberfl\u00e4che<\/strong> in Dunkelgrau<\/li>\n<li><strong>Verankerungssystem<\/strong> in der Bodenplatte<\/li>\n<\/ul>\n<p><strong>Zertifizierungen und Normen:<\/strong> Der Tresor ist gem\u00e4\u00df der <strong>Europ\u00e4ischen Norm UNE EN 1143-1:2019<\/strong> als Widerstandsgrad 3 zertifiziert.<\/p>\n<p>Entdecken Sie weitere M\u00f6glichkeiten in unserer Kategorie f\u00fcr <a href=\"https:\/\/arcasgruber.com\/de\/wertschutztresore\/tresore-widerstandsgrad-3\/\"><strong>Tresore mit Widerstandsgrad 3<\/strong><\/a> und finden Sie die passende L\u00f6sung f\u00fcr Ihre Sicherheitsanforderungen.<\/p>\n","protected":false},"excerpt":{"rendered":"<p>Der <strong>Tresor Widerstandsgrad 3 CF1400-3<\/strong> von Arcas Gruber bietet optimalen Schutz f\u00fcr Wertsachen, Bargeld und Kurzwaffen. Zertifiziert nach UNE EN 1143-1:2019 und ausgestattet mit Hochsicherheitsschl\u00f6ssern Klasse 2 VdS.<\/p>\n","protected":false},"featured_media":502259,"template":"","meta":{"_acf_changed":false},"product_brand":[],"product_cat":[3306,3275],"product_tag":[],"class_list":{"0":"post-502265","1":"product","2":"type-product","3":"status-publish","4":"has-post-thumbnail","6":"product_cat-tresore-widerstandsgrad-3","7":"product_cat-zertifizierte-tresore","9":"first","10":"instock","11":"taxable","12":"shipping-taxable","13":"purchasable","14":"product-type-simple"},"acf":[],"_links":{"self":[{"href":"https:\/\/arcasgruber.com\/de\/wp-json\/wp\/v2\/product\/502265","targetHints":{"allow":["GET"]}}],"collection":[{"href":"https:\/\/arcasgruber.com\/de\/wp-json\/wp\/v2\/product"}],"about":[{"href":"https:\/\/arcasgruber.com\/de\/wp-json\/wp\/v2\/types\/product"}],"version-history":[{"count":0,"href":"https:\/\/arcasgruber.com\/de\/wp-json\/wp\/v2\/product\/502265\/revisions"}],"wp:featuredmedia":[{"embeddable":true,"href":"https:\/\/arcasgruber.com\/de\/wp-json\/wp\/v2\/media\/502259"}],"wp:attachment":[{"href":"https:\/\/arcasgruber.com\/de\/wp-json\/wp\/v2\/media?parent=502265"}],"wp:term":[{"taxonomy":"product_brand","embeddable":true,"href":"https:\/\/arcasgruber.com\/de\/wp-json\/wp\/v2\/product_brand?post=502265"},{"taxonomy":"product_cat","embeddable":true,"href":"https:\/\/arcasgruber.com\/de\/wp-json\/wp\/v2\/product_cat?post=502265"},{"taxonomy":"product_tag","embeddable":true,"href":"https:\/\/arcasgruber.com\/de\/wp-json\/wp\/v2\/product_tag?post=502265"}],"curies":[{"name":"wp","href":"https:\/\/api.w.org\/{rel}","templated":true}]}}