{"id":502229,"date":"2024-10-29T12:36:50","date_gmt":"2024-10-29T11:36:50","guid":{"rendered":"https:\/\/arcasgruber.com\/unkategorisiert\/cassaforte-componibile-grado-3-cfd1250-3\/"},"modified":"2024-11-05T12:28:06","modified_gmt":"2024-11-05T11:28:06","slug":"modularer-tresor-cfd1250-3","status":"publish","type":"product","link":"https:\/\/arcasgruber.com\/de\/tresore\/wertschutztresore\/modulare-tresore\/modularer-tresor-cfd1250-3\/","title":{"rendered":"Modularer Tresor CFD1250-3"},"content":{"rendered":"<h2>Modularer Tresor CFD1250-3<\/h2>\n<p>Der\u00a0<strong>Modularer Tresor CFD1250-3<\/strong>\u00a0ist eine modulare und abnehmbare Sicherheitsl\u00f6sung, die speziell f\u00fcr die sichere Aufbewahrung von Wertgegenst\u00e4nden, Bargeld und kleinen Waffen konzipiert wurde. Die robuste Bauweise und das zertifizierte Verschlusssystem bieten zuverl\u00e4ssigen Schutz und maximalen Komfort f\u00fcr die t\u00e4gliche Nutzung.<\/p>\n<h2>Hauptmerkmale des Modular Tresor CFD1250-3<\/h2>\n<ul>\n<li><strong>Au\u00dfenma\u00dfe:<\/strong> 1250 x 700 x 660 mm (H\u00f6he x Breite x Tiefe)<\/li>\n<li><strong>Innenma\u00dfe:<\/strong> 1150 x 600 x 510 mm (H\u00f6he x Breite x Tiefe)<\/li>\n<li><strong>Gewicht:<\/strong> ca. 839 kg<\/li>\n<li><strong>Volumen:<\/strong> ca. 351.9 l<\/li>\n<li><strong>T\u00fcrst\u00e4rke:<\/strong> 100 mm f\u00fcr optimalen Schutz<\/li>\n<\/ul>\n<h3>Verschlusssystem<\/h3>\n<p>Der Tresor CFD1250-3 verf\u00fcgt \u00fcber ein fortschrittliches Schlie\u00dfsystem, das aus 4 Bolzen und 2 Riegeln besteht, um h\u00f6chste Sicherheitsanforderungen zu erf\u00fcllen. Die T\u00fcr l\u00e4sst sich in einem 180\u00b0-Winkel \u00f6ffnen und ist mit einem s\u00e4gefesten Schlie\u00dfmechanismus ausgestattet.<\/p>\n<h3>Verschlussoptionen<\/h3>\n<p>Das Modell ist mit 2 Doppelbart-Hochsicherheitsschl\u00f6ssern der Klasse 2 VdS ausgestattet, und es besteht die M\u00f6glichkeit, ein elektronisches Zahlenschloss oder ein biometrisches Schlie\u00dfsystem zu integrieren.<\/p>\n<h3>Grundausstattung<\/h3>\n<ul>\n<li><strong>Einlegeb\u00f6den:<\/strong>\u00a03 herausnehmbare B\u00f6den f\u00fcr die Organisation von Wertgegenst\u00e4nden<\/li>\n<li><strong>Lackierung:<\/strong>\u00a0Texturierte Polyurethanlackierung in dunkelgrau, die f\u00fcr ein langlebiges und stilvolles Erscheinungsbild sorgt<\/li>\n<li><strong>Verankerungssystem:<\/strong>\u00a0Verankerung an der Basis f\u00fcr zus\u00e4tzliche Sicherheit<\/li>\n<\/ul>\n<h3>Zertifizierung und Normen<\/h3>\n<p>Der modulare Tresor CFD1250-3 erf\u00fcllt die europ\u00e4ische Sicherheitsnorm<strong> UNE EN 1143-1:2019<\/strong> und ist in Widerstandsgrad 3 zertifiziert. Damit bietet er einen zuverl\u00e4ssigen Schutz gegen Einbruch und Diebstahl.<\/p>\n<h3>Weitere zertifizierte Tresore entdecken<\/h3>\n<p>Falls Sie eine andere Sicherheitsl\u00f6sung ben\u00f6tigen, bietet Arcas Gruber ein umfangreiches Sortiment an zertifizierten Modellen, die allen Anforderungen gerecht werden. Erfahren Sie mehr \u00fcber unsere Produkte und besuchen Sie auch unsere Tochtergesellschaft Arcas Arbasal, spezialisiert auf hochwertige Waffenschr\u00e4nke.<\/p>\n<p>Mehr Informationen und unser vollst\u00e4ndiges Sortiment finden Sie hier:\u00a0<a href=\"https:\/\/arcasgruber.com\/de\/tresore\/\" rel=\"noopener\">Gruber Tresore<\/a><\/p>\n<p>&nbsp;<\/p>\n","protected":false},"excerpt":{"rendered":"<p>Der <strong>Modularer Tresor CFD1250-3<\/strong> von Arcas Gruber gew\u00e4hrleistet erstklassigen Schutz f\u00fcr Ihre wertvollsten Gegenst\u00e4nde. Dieses Modell wurde nach h\u00f6chsten Sicherheitsstandards der europ\u00e4ischen Norm <strong>UNE EN 1143-1:2019<\/strong> zertifiziert und bietet damit einen zuverl\u00e4ssigen Einbruchschutz f\u00fcr private und gesch\u00e4ftliche Anwendungen.<\/p>\n","protected":false},"featured_media":502194,"template":"","meta":{"_acf_changed":false},"product_brand":[],"product_cat":[3341],"product_tag":[],"class_list":{"0":"post-502229","1":"product","2":"type-product","3":"status-publish","4":"has-post-thumbnail","6":"product_cat-modulare-tresore","8":"first","9":"instock","10":"taxable","11":"shipping-taxable","12":"purchasable","13":"product-type-simple"},"acf":[],"_links":{"self":[{"href":"https:\/\/arcasgruber.com\/de\/wp-json\/wp\/v2\/product\/502229","targetHints":{"allow":["GET"]}}],"collection":[{"href":"https:\/\/arcasgruber.com\/de\/wp-json\/wp\/v2\/product"}],"about":[{"href":"https:\/\/arcasgruber.com\/de\/wp-json\/wp\/v2\/types\/product"}],"version-history":[{"count":0,"href":"https:\/\/arcasgruber.com\/de\/wp-json\/wp\/v2\/product\/502229\/revisions"}],"wp:featuredmedia":[{"embeddable":true,"href":"https:\/\/arcasgruber.com\/de\/wp-json\/wp\/v2\/media\/502194"}],"wp:attachment":[{"href":"https:\/\/arcasgruber.com\/de\/wp-json\/wp\/v2\/media?parent=502229"}],"wp:term":[{"taxonomy":"product_brand","embeddable":true,"href":"https:\/\/arcasgruber.com\/de\/wp-json\/wp\/v2\/product_brand?post=502229"},{"taxonomy":"product_cat","embeddable":true,"href":"https:\/\/arcasgruber.com\/de\/wp-json\/wp\/v2\/product_cat?post=502229"},{"taxonomy":"product_tag","embeddable":true,"href":"https:\/\/arcasgruber.com\/de\/wp-json\/wp\/v2\/product_tag?post=502229"}],"curies":[{"name":"wp","href":"https:\/\/api.w.org\/{rel}","templated":true}]}}