{"id":501676,"date":"2024-05-06T13:33:46","date_gmt":"2024-05-06T11:33:46","guid":{"rendered":"https:\/\/arcasgruber.com\/unkategorisiert\/mcf1400-3\/"},"modified":"2025-03-17T12:45:13","modified_gmt":"2025-03-17T11:45:13","slug":"wandtresor-widerstandsgrad-3-mcf1400-3","status":"publish","type":"product","link":"https:\/\/arcasgruber.com\/de\/tresore\/wertschutztresore\/zertifizierte-wandtresore\/wandtresor-widerstandsgrad-3-mcf1400-3\/","title":{"rendered":"Wandtresor Widerstandsgrad 3 MCF1400-3"},"content":{"rendered":"<h2>Wandtresor Widerstandsgrad 3 MCF1400-3: Sicherheit f\u00fcr Ihre wertvollsten Gegenst\u00e4nde<\/h2>\n<p>Der <strong>Wandtresor Widerstandsgrad 3 MCF1400-3<\/strong> von <strong>Arcas Gruber<\/strong> ist eine zertifizierte Sicherheitsl\u00f6sung nach der Europ\u00e4ischen Norm UNE EN 1143-1:2019. Mit seinen kompakten Au\u00dfenma\u00dfen bietet dieser Tresor au\u00dfergew\u00f6hnlichen Schutz in Kombination mit hoher Funktionalit\u00e4t, ideal f\u00fcr die Aufbewahrung von Wertsachen, Dokumenten und Schmuck.<\/p>\n<h3><strong>Hauptmerkmale<\/strong><\/h3>\n<ul>\n<li style=\"list-style-type: none;\">\n<ul>\n<li><strong>Au\u00dfenma\u00dfe:<\/strong> 1400 x 610 x 610 mm (H\u00f6he x Breite x Tiefe)<\/li>\n<li><strong>Innenma\u00dfe:<\/strong> 1300 x 600 x 510 mm (H\u00f6he x Breite x Tiefe)<\/li>\n<li><strong>Einbauabmessungen:<\/strong> 1400 x 700 x 660 mm (H\u00f6he x Breite x Tiefe)<\/li>\n<li><strong>Gewicht:<\/strong> ca. 376 kg<\/li>\n<li><strong>Volumen:<\/strong> ca. 397.8 l<\/li>\n<li><strong>Anzahl der Einlegeb\u00f6den:<\/strong> 3<\/li>\n<li>Die 5 mm dicken W\u00e4nde und die 100 mm starke T\u00fcr sorgen f\u00fcr optimalen Schutz gegen Einbruch.<\/li>\n<\/ul>\n<\/li>\n<\/ul>\n<h3><strong>Verschlusssystem<\/strong><\/h3>\n<ul>\n<li>Schlie\u00dfsystem mit 2 starken Bolzen und 2 zus\u00e4tzlichen Riegeln f\u00fcr maximale Sicherheit.<\/li>\n<li>Die T\u00fcren \u00f6ffnen sich im 180\u00b0-Winkel und sind mit einem s\u00e4gefesten Schlie\u00dfmechanismus ausgestattet.<\/li>\n<li>2 x Doppelbart-Hochsicherheitsschloss der Klasse 2 VdS (2 Schl\u00fcssel inklusive).<\/li>\n<\/ul>\n<h3><strong>Grundausstattung<\/strong><\/h3>\n<ul>\n<li>Texturierte Polyurethanlackierung in dunkelgrau f\u00fcr ein langlebiges und stilvolles Finish.<\/li>\n<li>Verankerungssystem zur sicheren Befestigung am Boden.<\/li>\n<\/ul>\n<h3><strong>Zertifizierung<\/strong><\/h3>\n<ul>\n<li>Dieser Wandtresor ist gem\u00e4\u00df der Norm UNE EN 1143-1:2019 in Widerstandsgrad 3 zertifiziert und bietet hervorragenden Schutz gegen Einbruch und Diebstahl.<\/li>\n<\/ul>\n<hr \/>\n<p>Entdecken Sie weitere <a href=\"https:\/\/arcasgruber.com\/de\/wertschutztresore\/zertifizierte-wandtresore\/\"><strong>zertifizierte Wandtresore<\/strong><\/a>, die wir herstellen.<\/p>\n<hr \/>\n<p><strong>Arcas Gruber<\/strong> ist Teil der <strong>Gruber Gruppe<\/strong>, einem f\u00fchrenden Anbieter von physischen Sicherheitsl\u00f6sungen.<\/p>\n<p>Besuchen Sie auch unsere Tochtergesellschaft <a href=\"https:\/\/arcasarbasal.com\/\">Arcas Arbasal<\/a> f\u00fcr hochwertige Waffenschr\u00e4nke.<\/p>\n","protected":false},"excerpt":{"rendered":"<p>Der <strong>Wandtresor Widerstandsgrad 3 MCF1400-3<\/strong> ist die perfekte Wahl, wenn Sie auf der Suche nach einem sicheren Tresor f\u00fcr die Aufbewahrung Ihrer wertvollsten Gegenst\u00e4nde sind. Mit einer Zertifizierung nach UNE EN 1143-1:2019 bietet er hervorragenden Schutz vor Einbruch und Diebstahl.<\/p>\n","protected":false},"featured_media":501677,"template":"","meta":{"_acf_changed":false},"product_brand":[],"product_cat":[3312],"product_tag":[],"class_list":{"0":"post-501676","1":"product","2":"type-product","3":"status-publish","4":"has-post-thumbnail","6":"product_cat-zertifizierte-wandtresore","8":"first","9":"instock","10":"taxable","11":"shipping-taxable","12":"purchasable","13":"product-type-simple"},"acf":[],"_links":{"self":[{"href":"https:\/\/arcasgruber.com\/de\/wp-json\/wp\/v2\/product\/501676","targetHints":{"allow":["GET"]}}],"collection":[{"href":"https:\/\/arcasgruber.com\/de\/wp-json\/wp\/v2\/product"}],"about":[{"href":"https:\/\/arcasgruber.com\/de\/wp-json\/wp\/v2\/types\/product"}],"version-history":[{"count":0,"href":"https:\/\/arcasgruber.com\/de\/wp-json\/wp\/v2\/product\/501676\/revisions"}],"wp:featuredmedia":[{"embeddable":true,"href":"https:\/\/arcasgruber.com\/de\/wp-json\/wp\/v2\/media\/501677"}],"wp:attachment":[{"href":"https:\/\/arcasgruber.com\/de\/wp-json\/wp\/v2\/media?parent=501676"}],"wp:term":[{"taxonomy":"product_brand","embeddable":true,"href":"https:\/\/arcasgruber.com\/de\/wp-json\/wp\/v2\/product_brand?post=501676"},{"taxonomy":"product_cat","embeddable":true,"href":"https:\/\/arcasgruber.com\/de\/wp-json\/wp\/v2\/product_cat?post=501676"},{"taxonomy":"product_tag","embeddable":true,"href":"https:\/\/arcasgruber.com\/de\/wp-json\/wp\/v2\/product_tag?post=501676"}],"curies":[{"name":"wp","href":"https:\/\/api.w.org\/{rel}","templated":true}]}}