{"id":501672,"date":"2024-05-06T13:33:49","date_gmt":"2024-05-06T11:33:49","guid":{"rendered":"https:\/\/arcasgruber.com\/unkategorisiert\/mcf1800-3\/"},"modified":"2025-03-17T12:46:01","modified_gmt":"2025-03-17T11:46:01","slug":"wandtresor-widerstandsgrad-3-mcf1800-3","status":"publish","type":"product","link":"https:\/\/arcasgruber.com\/de\/tresore\/wertschutztresore\/zertifizierte-wandtresore\/wandtresor-widerstandsgrad-3-mcf1800-3\/","title":{"rendered":"Wandtresor Widerstandsgrad 3 MCF1800-3"},"content":{"rendered":"<h2>Wandtresor Widerstandsgrad 3 MCF1800-3: H\u00f6chster Schutz f\u00fcr Ihre Wertsachen<\/h2>\n<p>Der <strong>Wandtresor Widerstandsgrad 3 MCF1800-3<\/strong> von <strong>Arcas Gruber<\/strong> bietet zertifizierte Sicherheit nach der Europ\u00e4ischen Norm UNE EN 1143-1:2019. Dieser gro\u00dfe Tresor, speziell entwickelt f\u00fcr den Wandeinbau, kombiniert robustes Design mit modernen Sicherheitsmerkmalen, die ihn ideal f\u00fcr den Schutz von Wertsachen und Dokumenten machen.<\/p>\n<h3><strong>Hauptmerkmale<\/strong><\/h3>\n<ul>\n<li style=\"list-style-type: none;\">\n<ul>\n<li><strong>Au\u00dfenma\u00dfe:<\/strong> 1800 x 1110 x 630 mm (H\u00f6he x Breite x Tiefe)<\/li>\n<li><strong>Innenma\u00dfe:<\/strong> 1700 x 1100 x 530 mm (H\u00f6he x Breite x Tiefe)<\/li>\n<li><strong>Einbauabmessungen:<\/strong> 1800 x 1200 x 680 mm (H\u00f6he x Breite x Tiefe)<\/li>\n<li><strong>Gewicht:<\/strong> ca. 544 kg<\/li>\n<li><strong>Volumen:<\/strong> ca. 991.1 l<\/li>\n<li><strong>Anzahl der Einlegeb\u00f6den:<\/strong> 3<\/li>\n<li>5 mm dicke W\u00e4nde und eine 100 mm starke T\u00fcr bieten au\u00dfergew\u00f6hnlichen Schutz vor Einbruchversuchen.<\/li>\n<\/ul>\n<\/li>\n<\/ul>\n<h3><strong>Verschlusssystem<\/strong><\/h3>\n<ul>\n<li>Schlie\u00dfsystem mit 2 starken Bolzen und 2 zus\u00e4tzlichen Riegeln f\u00fcr maximale Sicherheit.<\/li>\n<li>Die T\u00fcren lassen sich im 180\u00b0-Winkel \u00f6ffnen und sind mit einem s\u00e4gefesten Schlie\u00dfmechanismus ausgestattet.<\/li>\n<\/ul>\n<h3>Verschlussoptionen<\/h3>\n<ul>\n<li>2 x Doppelbart-Hochsicherheitsschloss der Klasse 2 VdS (2 Schl\u00fcssel inklusive).<\/li>\n<\/ul>\n<h3><strong>Grundausstattung<\/strong><\/h3>\n<ul>\n<li>Texturierte Polyurethanlackierung in dunkelgrau f\u00fcr ein stilvolles und widerstandsf\u00e4higes Finish.<\/li>\n<li>Verankerungssystem zur sicheren Befestigung am Boden.<\/li>\n<\/ul>\n<h3><strong>Zertifizierung<\/strong><\/h3>\n<ul>\n<li>Dieser Wandtresor ist gem\u00e4\u00df der Norm <strong>UNE EN 1143-1:2019<\/strong> in Widerstandsgrad 3 zertifiziert und garantiert maximalen Schutz gegen Einbruch und Diebstahl.<\/li>\n<\/ul>\n<hr \/>\n<p>Entdecken Sie weitere <a href=\"https:\/\/arcasgruber.com\/de\/wertschutztresore\/zertifizierte-wandtresore\/\"><strong>zertifizierte Wandtresore<\/strong><\/a>, die wir herstellen.<\/p>\n<hr \/>\n<p><strong>Arcas Gruber<\/strong> ist Teil der <strong>Gruber Gruppe<\/strong>, einem f\u00fchrenden Anbieter von physischen Sicherheitsl\u00f6sungen.<\/p>\n<p>Besuchen Sie auch unsere Tochtergesellschaft <a href=\"https:\/\/arcasarbasal.com\/\">Arcas Arbasal<\/a> f\u00fcr hochwertige Waffenschr\u00e4nke.<\/p>\n","protected":false},"excerpt":{"rendered":"<p>Der <strong>Wandtresor Widerstandsgrad 3 MCF1800-3<\/strong> von Arcas Gruber ist die perfekte Wahl f\u00fcr alle, die maximale Sicherheit f\u00fcr ihre wertvollsten Gegenst\u00e4nde ben\u00f6tigen. Mit einer T\u00fcrst\u00e4rke von 100 mm und einer Zertifizierung gem\u00e4\u00df der Norm UNE EN 1143-1:2019, bietet er den besten Schutz gegen Einbruch und Diebstahl.<\/p>\n","protected":false},"featured_media":501669,"template":"","meta":{"_acf_changed":false},"product_brand":[],"product_cat":[3312],"product_tag":[],"class_list":{"0":"post-501672","1":"product","2":"type-product","3":"status-publish","4":"has-post-thumbnail","6":"product_cat-zertifizierte-wandtresore","8":"first","9":"instock","10":"taxable","11":"shipping-taxable","12":"purchasable","13":"product-type-simple"},"acf":[],"_links":{"self":[{"href":"https:\/\/arcasgruber.com\/de\/wp-json\/wp\/v2\/product\/501672","targetHints":{"allow":["GET"]}}],"collection":[{"href":"https:\/\/arcasgruber.com\/de\/wp-json\/wp\/v2\/product"}],"about":[{"href":"https:\/\/arcasgruber.com\/de\/wp-json\/wp\/v2\/types\/product"}],"version-history":[{"count":0,"href":"https:\/\/arcasgruber.com\/de\/wp-json\/wp\/v2\/product\/501672\/revisions"}],"wp:featuredmedia":[{"embeddable":true,"href":"https:\/\/arcasgruber.com\/de\/wp-json\/wp\/v2\/media\/501669"}],"wp:attachment":[{"href":"https:\/\/arcasgruber.com\/de\/wp-json\/wp\/v2\/media?parent=501672"}],"wp:term":[{"taxonomy":"product_brand","embeddable":true,"href":"https:\/\/arcasgruber.com\/de\/wp-json\/wp\/v2\/product_brand?post=501672"},{"taxonomy":"product_cat","embeddable":true,"href":"https:\/\/arcasgruber.com\/de\/wp-json\/wp\/v2\/product_cat?post=501672"},{"taxonomy":"product_tag","embeddable":true,"href":"https:\/\/arcasgruber.com\/de\/wp-json\/wp\/v2\/product_tag?post=501672"}],"curies":[{"name":"wp","href":"https:\/\/api.w.org\/{rel}","templated":true}]}}