{"id":501554,"date":"2017-06-14T11:23:20","date_gmt":"2017-06-14T09:23:20","guid":{"rendered":"https:\/\/arcasgruber.com\/unkategorisiert\/m60\/"},"modified":"2025-12-19T07:51:50","modified_gmt":"2025-12-19T06:51:50","slug":"wandsafe-m60","status":"publish","type":"product","link":"https:\/\/arcasgruber.com\/de\/tresore\/wandtresore\/wandsafe-m60\/","title":{"rendered":"Wandsafe M60"},"content":{"rendered":"<h2>Wandsafe M60<\/h2>\n<p>Der <strong>Wandsafe M60<\/strong> von <strong>Arcas Gruber<\/strong> wurde entwickelt, um fortschrittliche Sicherheit in einem effizienten Format zu bieten. Dieses Modell ist ideal f\u00fcr den Einsatz in privaten und gewerblichen Umgebungen, in denen Wertsachen, Dokumente und elektronische Ger\u00e4te sicher aufbewahrt werden m\u00fcssen.<\/p>\n<hr \/>\n<h3>Hauptmerkmale<\/h3>\n<ul>\n<li><strong>Au\u00dfenma\u00dfe:<\/strong> 608 x 450 x 342 mm (H\u00f6he x Breite x Tiefe)<\/li>\n<li><strong>Innenma\u00dfe:<\/strong> 530 x 370 x 258 mm (H\u00f6he x Breite x Tiefe)<\/li>\n<li><strong>Gewicht:<\/strong> 46 kg<\/li>\n<li><strong>Volumen:<\/strong> 50,6 l<\/li>\n<li><strong>F\u00e4cher:<\/strong> 2<\/li>\n<li><strong>T\u00fcrst\u00e4rke:<\/strong> 80 mm<\/li>\n<\/ul>\n<hr \/>\n<h3>Verschlusssystem<\/h3>\n<ul>\n<li><strong>Dreifacher Riegelverschluss:<\/strong> 20 mm starke Riegel f\u00fcr sichere Verriegelung.<\/li>\n<li><strong>\u00d6ffnung:<\/strong> Scharniere rechts mit einem \u00d6ffnungswinkel von 180\u00b0 und S\u00e4gehemmungssystem.<\/li>\n<\/ul>\n<hr \/>\n<h3>Grundkonfiguration<\/h3>\n<ul>\n<li><strong>Sicherheitsschloss:<\/strong> Doppelbartschloss mit 2 Schl\u00fcsseln inklusive.<\/li>\n<li><strong>Herausnehmbare Regale:<\/strong> Verf\u00fcgt \u00fcber 2 herausnehmbare Regalb\u00f6den.<\/li>\n<li><strong>Polyurethan-Lackierung:<\/strong> Texturierte Oberfl\u00e4che in Dunkelgrau, bietet ein modernes und professionelles Erscheinungsbild.<\/li>\n<\/ul>\n<hr \/>\n<h3>Verschlussoptionen<\/h3>\n<ul>\n<li>2 x Doppelbart-Hochsicherheitsschloss<\/li>\n<li>Mechanisches Zahlenschloss<\/li>\n<li>Elektronikschloss<\/li>\n<li>Programmierbares Elektronikschloss<\/li>\n<li>Biometrie Elektronikschloss<\/li>\n<\/ul>\n<hr \/>\n<h3>Garantie<\/h3>\n<p>Arcas Gruber bietet auf alle unsere Produkte eine 2-j\u00e4hrige Garantie.<\/p>\n<hr \/>\n<h3>Entdecken Sie weitere Sicherheitsoptionen<\/h3>\n<p>Wenn Sie andere Optionen ben\u00f6tigen, werfen Sie einen Blick auf unser umfangreiches Angebot an <a href=\"https:\/\/arcasgruber.com\/de\/tresore\/wandtresore\/\" target=\"_new\" rel=\"noreferrer noopener\"><strong>Einbautresoren<\/strong><\/a>. Wir bieten eine Vielzahl von Gr\u00f6\u00dfen, Gewichten und Sicherheitsstufen.<\/p>\n<p>F\u00fcr weitere Alternativen besuchen Sie unsere Kategorie der <strong><a href=\"https:\/\/arcasgruber.com\/de\/tresore\/\" target=\"_new\" rel=\"noreferrer noopener\">Tresore<\/a><\/strong> bei Arcas Gruber.<\/p>\n","protected":false},"excerpt":{"rendered":"<p>Der <strong>Wandsafe M60<\/strong> bietet maximale Sicherheit f\u00fcr den Schutz von Wertsachen und wichtigen Dokumenten in Wohn- oder Gesch\u00e4ftsbereichen. Mit seiner robusten Bauweise und fortschrittlichen Verschlusssystemen ist dieser Tresor ideal f\u00fcr diejenigen, die h\u00f6chste Sicherheitsstandards verlangen.<\/p>\n","protected":false},"featured_media":518382,"template":"","meta":{"_acf_changed":false},"product_brand":[],"product_cat":[3263,3265],"product_tag":[],"class_list":{"0":"post-501554","1":"product","2":"type-product","3":"status-publish","4":"has-post-thumbnail","6":"product_cat-tresore","7":"product_cat-wandtresore","9":"first","10":"instock","11":"taxable","12":"shipping-taxable","13":"purchasable","14":"product-type-simple"},"acf":[],"_links":{"self":[{"href":"https:\/\/arcasgruber.com\/de\/wp-json\/wp\/v2\/product\/501554","targetHints":{"allow":["GET"]}}],"collection":[{"href":"https:\/\/arcasgruber.com\/de\/wp-json\/wp\/v2\/product"}],"about":[{"href":"https:\/\/arcasgruber.com\/de\/wp-json\/wp\/v2\/types\/product"}],"version-history":[{"count":0,"href":"https:\/\/arcasgruber.com\/de\/wp-json\/wp\/v2\/product\/501554\/revisions"}],"wp:featuredmedia":[{"embeddable":true,"href":"https:\/\/arcasgruber.com\/de\/wp-json\/wp\/v2\/media\/518382"}],"wp:attachment":[{"href":"https:\/\/arcasgruber.com\/de\/wp-json\/wp\/v2\/media?parent=501554"}],"wp:term":[{"taxonomy":"product_brand","embeddable":true,"href":"https:\/\/arcasgruber.com\/de\/wp-json\/wp\/v2\/product_brand?post=501554"},{"taxonomy":"product_cat","embeddable":true,"href":"https:\/\/arcasgruber.com\/de\/wp-json\/wp\/v2\/product_cat?post=501554"},{"taxonomy":"product_tag","embeddable":true,"href":"https:\/\/arcasgruber.com\/de\/wp-json\/wp\/v2\/product_tag?post=501554"}],"curies":[{"name":"wp","href":"https:\/\/api.w.org\/{rel}","templated":true}]}}