{"id":501538,"date":"2017-06-14T11:23:20","date_gmt":"2017-06-14T09:23:20","guid":{"rendered":"https:\/\/arcasgruber.com\/unkategorisiert\/m60e\/"},"modified":"2025-12-19T08:03:23","modified_gmt":"2025-12-19T07:03:23","slug":"wandtresor-m60e","status":"publish","type":"product","link":"https:\/\/arcasgruber.com\/de\/tresore\/wandtresore\/wandtresor-m60e\/","title":{"rendered":"Wandtresor M60E"},"content":{"rendered":"<h2><strong>Wandtresor M60E<\/strong><\/h2>\n<p>Der <strong>Wandtresor M60E<\/strong> von <strong>Arcas Gruber<\/strong> bietet umfassenden Schutz f\u00fcr Wertsachen, Dokumente und elektronische Ger\u00e4te. Perfekt f\u00fcr den Einsatz in Wohn- und Gesch\u00e4ftsumgebungen.<\/p>\n<h3><strong>Hauptmerkmale<\/strong><\/h3>\n<ul>\n<li><strong>Au\u00dfenma\u00dfe:<\/strong> 608 x 450 x 545 mm<\/li>\n<li><strong>Innenma\u00dfe:<\/strong> 530 x 370 x 458 mm<\/li>\n<li><strong>Gewicht:<\/strong> 50 kg<\/li>\n<li><strong>Volumen:<\/strong> 89,8 l<\/li>\n<li><strong>T\u00fcrst\u00e4rke:<\/strong> 80 mm<\/li>\n<\/ul>\n<h3><strong>Verschlusssystem<\/strong><\/h3>\n<ul>\n<li>Dreifach-Bolzen-Verschluss<\/li>\n<li>T\u00fcr\u00f6ffnung 180\u00b0 mit Anti-S\u00e4ge-System<\/li>\n<\/ul>\n<h3><strong>Grundausstattung<\/strong><\/h3>\n<ul>\n<li>Doppelbartschloss mit zwei Schl\u00fcsseln<\/li>\n<li>Zwei herausnehmbare Einlegeb\u00f6den<\/li>\n<li>Texturierte Polyurethanlackierung in dunkelgrau<\/li>\n<\/ul>\n<h3>Verschlussoptionen<\/h3>\n<ul>\n<li>2 x Doppelbart-Hochsicherheitsschloss<\/li>\n<li>Mechanisches Zahlenschloss<\/li>\n<li>Elektronikschloss<\/li>\n<li>Programmierbares Elektronikschloss<\/li>\n<li>Biometrie Elektronikschloss<\/li>\n<\/ul>\n<hr \/>\n<p>Entdecken Sie weitere <a href=\"https:\/\/arcasgruber.com\/de\/tresore\/wandtresore\/\">Wandtresore<\/a>, die wir herstellen.<\/p>\n","protected":false},"excerpt":{"rendered":"<p>Der <strong>Wandtresor M60E<\/strong> von Arcas Gruber bietet optimalen Schutz in gef\u00e4hrdeten Umgebungen. Mit Au\u00dfenma\u00dfen von 608 x 450 x 545 mm und einem Gewicht von 50 kg eignet er sich ideal f\u00fcr Wohn- und Gesch\u00e4ftsumgebungen. Die Innenma\u00dfe von 530 x 370 x 458 mm und das Volumen von 89,8 l bieten ausreichend Platz f\u00fcr Wertsachen, Dokumente und elektronische Ger\u00e4te. Der M60E ist mit einem robusten Dreifach-Bolzen-Verschlusssystem und einer T\u00fcr\u00f6ffnung von 180\u00b0 ausgestattet, um maximalen Schutz gegen Einbruch zu gew\u00e4hrleisten.<\/p>\n","protected":false},"featured_media":518401,"template":"","meta":{"_acf_changed":false},"product_brand":[],"product_cat":[3265],"product_tag":[],"class_list":{"0":"post-501538","1":"product","2":"type-product","3":"status-publish","4":"has-post-thumbnail","6":"product_cat-wandtresore","8":"first","9":"instock","10":"taxable","11":"shipping-taxable","12":"purchasable","13":"product-type-simple"},"acf":[],"_links":{"self":[{"href":"https:\/\/arcasgruber.com\/de\/wp-json\/wp\/v2\/product\/501538","targetHints":{"allow":["GET"]}}],"collection":[{"href":"https:\/\/arcasgruber.com\/de\/wp-json\/wp\/v2\/product"}],"about":[{"href":"https:\/\/arcasgruber.com\/de\/wp-json\/wp\/v2\/types\/product"}],"version-history":[{"count":0,"href":"https:\/\/arcasgruber.com\/de\/wp-json\/wp\/v2\/product\/501538\/revisions"}],"wp:featuredmedia":[{"embeddable":true,"href":"https:\/\/arcasgruber.com\/de\/wp-json\/wp\/v2\/media\/518401"}],"wp:attachment":[{"href":"https:\/\/arcasgruber.com\/de\/wp-json\/wp\/v2\/media?parent=501538"}],"wp:term":[{"taxonomy":"product_brand","embeddable":true,"href":"https:\/\/arcasgruber.com\/de\/wp-json\/wp\/v2\/product_brand?post=501538"},{"taxonomy":"product_cat","embeddable":true,"href":"https:\/\/arcasgruber.com\/de\/wp-json\/wp\/v2\/product_cat?post=501538"},{"taxonomy":"product_tag","embeddable":true,"href":"https:\/\/arcasgruber.com\/de\/wp-json\/wp\/v2\/product_tag?post=501538"}],"curies":[{"name":"wp","href":"https:\/\/api.w.org\/{rel}","templated":true}]}}