{"id":501535,"date":"2017-06-14T11:23:26","date_gmt":"2017-06-14T09:23:26","guid":{"rendered":"https:\/\/arcasgruber.com\/unkategorisiert\/m65\/"},"modified":"2025-12-19T08:19:30","modified_gmt":"2025-12-19T07:19:30","slug":"wandtresor-m65","status":"publish","type":"product","link":"https:\/\/arcasgruber.com\/de\/tresore\/wandtresore\/wandtresor-m65\/","title":{"rendered":"Wandtresor M65"},"content":{"rendered":"<h2>Wandtresor M65: Optimale Sicherheit f\u00fcr Haushalte und Unternehmen<\/h2>\n<p>Der <strong>Wandtresor M65<\/strong> von <strong>Arcas Gruber<\/strong> bietet maximalen Schutz in gef\u00e4hrdeten Umgebungen. Ideal f\u00fcr den Schutz von Wertsachen, Dokumenten und elektronischen Ger\u00e4ten.<\/p>\n<h3><strong>Hauptmerkmale<\/strong><\/h3>\n<ul>\n<li style=\"list-style-type: none;\">\n<ul>\n<li><strong>Au\u00dfenma\u00dfe:<\/strong> 650 x 530 x 360 mm<\/li>\n<li><strong>Innenma\u00dfe:<\/strong> 545 x 425 x 275 mm<\/li>\n<li><strong>Gewicht:<\/strong> 65 kg<\/li>\n<li><strong>Volumen:<\/strong> 63,7 l<\/li>\n<li><strong>T\u00fcrst\u00e4rke:<\/strong> 80 mm<\/li>\n<\/ul>\n<\/li>\n<\/ul>\n<h3><strong>Verschlusssystem<\/strong><\/h3>\n<ul>\n<li>Dreifach-Bolzen und 2 Riegel f\u00fcr maximale Sicherheit.<\/li>\n<li>T\u00fcr\u00f6ffnung um 180\u00b0 mit Anti-S\u00e4ge-System.<\/li>\n<\/ul>\n<h3>Verschlussoptionen<\/h3>\n<ul>\n<li>2 x Doppelbart-Hochsicherheitsschloss<\/li>\n<li>Mechanisches Zahlenschloss<\/li>\n<li>Elektronikschloss<\/li>\n<li>Programmierbares Elektronikschloss<\/li>\n<li>Biometrie Elektronikschloss<\/li>\n<\/ul>\n<h3><strong>Grundausstattung<\/strong><\/h3>\n<ul>\n<li>Doppelbartschloss mit zwei Schl\u00fcsseln.<\/li>\n<li>Zwei herausnehmbare Einlegeb\u00f6den.<\/li>\n<li>Texturierte Polyurethanlackierung in dunkelgrau.<\/li>\n<\/ul>\n<hr \/>\n<p>Entdecken Sie weitere <a href=\"https:\/\/arcasgruber.com\/de\/tresore\/wandtresore\/\">Wandtresore<\/a>, die wir herstellen.<\/p>\n","protected":false},"excerpt":{"rendered":"<p>Der <strong>Wandtresor M65<\/strong> von <strong>Arcas Gruber<\/strong> bietet optimalen Schutz in riskanten Umgebungen und ist perfekt f\u00fcr Haushalte, B\u00fcros und Unternehmen geeignet.<\/p>\n","protected":false},"featured_media":518449,"template":"","meta":{"_acf_changed":false},"product_brand":[],"product_cat":[3265],"product_tag":[],"class_list":{"0":"post-501535","1":"product","2":"type-product","3":"status-publish","4":"has-post-thumbnail","6":"product_cat-wandtresore","8":"first","9":"instock","10":"taxable","11":"shipping-taxable","12":"purchasable","13":"product-type-simple"},"acf":[],"_links":{"self":[{"href":"https:\/\/arcasgruber.com\/de\/wp-json\/wp\/v2\/product\/501535","targetHints":{"allow":["GET"]}}],"collection":[{"href":"https:\/\/arcasgruber.com\/de\/wp-json\/wp\/v2\/product"}],"about":[{"href":"https:\/\/arcasgruber.com\/de\/wp-json\/wp\/v2\/types\/product"}],"version-history":[{"count":0,"href":"https:\/\/arcasgruber.com\/de\/wp-json\/wp\/v2\/product\/501535\/revisions"}],"wp:featuredmedia":[{"embeddable":true,"href":"https:\/\/arcasgruber.com\/de\/wp-json\/wp\/v2\/media\/518449"}],"wp:attachment":[{"href":"https:\/\/arcasgruber.com\/de\/wp-json\/wp\/v2\/media?parent=501535"}],"wp:term":[{"taxonomy":"product_brand","embeddable":true,"href":"https:\/\/arcasgruber.com\/de\/wp-json\/wp\/v2\/product_brand?post=501535"},{"taxonomy":"product_cat","embeddable":true,"href":"https:\/\/arcasgruber.com\/de\/wp-json\/wp\/v2\/product_cat?post=501535"},{"taxonomy":"product_tag","embeddable":true,"href":"https:\/\/arcasgruber.com\/de\/wp-json\/wp\/v2\/product_tag?post=501535"}],"curies":[{"name":"wp","href":"https:\/\/api.w.org\/{rel}","templated":true}]}}