{"id":501527,"date":"2017-06-14T11:23:31","date_gmt":"2017-06-14T09:23:31","guid":{"rendered":"https:\/\/arcasgruber.com\/unkategorisiert\/m119\/"},"modified":"2025-12-19T09:53:44","modified_gmt":"2025-12-19T08:53:44","slug":"wandtresor-m119","status":"publish","type":"product","link":"https:\/\/arcasgruber.com\/de\/tresore\/wandtresore\/wandtresor-m119\/","title":{"rendered":"Wandtresor M119"},"content":{"rendered":"<h2><strong>Wandtresor M119: Robuster und vielseitiger Schutz<\/strong><\/h2>\n<p>Der <strong>Wandtresor M119<\/strong> von <strong>Arcas Gruber<\/strong> bietet zuverl\u00e4ssigen Schutz f\u00fcr Wertgegenst\u00e4nde, Dokumente und elektronische Ger\u00e4te in einem vielseitigen Format.<\/p>\n<h3><strong>Hauptmerkmale<\/strong><\/h3>\n<ul>\n<li><strong>Au\u00dfenma\u00dfe:<\/strong> 1190 x 585 x 415 mm<\/li>\n<li><strong>Innenma\u00dfe:<\/strong> 1085 x 480 x 325 mm<\/li>\n<li><strong>Gewicht:<\/strong> 141 kg<\/li>\n<li><strong>Volumen:<\/strong> 169,3 l<\/li>\n<li><strong>T\u00fcrdicke:<\/strong> 80 mm<\/li>\n<\/ul>\n<h3><strong>Verschlusssystem<\/strong><\/h3>\n<ul>\n<li>Triple Bolzen und 2 Riegel mit 18 mm Durchmesser f\u00fcr maximale Sicherheit.<\/li>\n<li>T\u00fcr\u00f6ffnung um 180\u00b0 mit Anti-S\u00e4ge-Sicherung.<\/li>\n<\/ul>\n<h3>Verschlussoptionen<\/h3>\n<ul>\n<li>2 x Doppelbart-Hochsicherheitsschloss<\/li>\n<li>Mechanisches Zahlenschloss<\/li>\n<li>Elektronikschloss<\/li>\n<li>Programmierbares Elektronikschloss<\/li>\n<li>Biometrie Elektronikschloss<\/li>\n<\/ul>\n<h3><strong>Grundausstattung<\/strong><\/h3>\n<ul>\n<li>Doppelbartschloss mit zwei Schl\u00fcsseln.<\/li>\n<li>Zwei herausnehmbare Einlegeb\u00f6den.<\/li>\n<li>Texturierte Polyurethanlackierung in dunkelgrau.<\/li>\n<\/ul>\n<h3><strong>Anwendungsbereiche<\/strong><\/h3>\n<ul>\n<li><strong>Privat:<\/strong> Perfekt f\u00fcr die Sicherung von Wertgegenst\u00e4nden im Wohnbereich.<\/li>\n<li><strong>Gewerblich:<\/strong> Ideal f\u00fcr Gesch\u00e4fte zur sicheren Aufbewahrung von Wertgegenst\u00e4nden und Dokumenten.<\/li>\n<li><strong>Unternehmensschutz:<\/strong> Bietet hohen Schutz f\u00fcr vertrauliche Dokumente und elektronische Ger\u00e4te.<\/li>\n<\/ul>\n<hr \/>\n<p>Entdecken Sie weitere <a href=\"https:\/\/arcasgruber.com\/de\/tresore\/wandtresore\/\">Wandtresore<\/a>, die wir herstellen.<\/p>\n","protected":false},"excerpt":{"rendered":"<p>Der <strong>Wandtresor M119<\/strong> von <strong>Arcas Gruber<\/strong> ist die perfekte Wahl f\u00fcr den Schutz von Wertgegenst\u00e4nden, Dokumenten und Elektronik in privaten, gewerblichen und unternehmerischen Anwendungen.<\/p>\n","protected":false},"featured_media":518568,"template":"","meta":{"_acf_changed":false},"product_brand":[],"product_cat":[3265],"product_tag":[],"class_list":{"0":"post-501527","1":"product","2":"type-product","3":"status-publish","4":"has-post-thumbnail","6":"product_cat-wandtresore","8":"first","9":"instock","10":"taxable","11":"shipping-taxable","12":"purchasable","13":"product-type-simple"},"acf":[],"_links":{"self":[{"href":"https:\/\/arcasgruber.com\/de\/wp-json\/wp\/v2\/product\/501527","targetHints":{"allow":["GET"]}}],"collection":[{"href":"https:\/\/arcasgruber.com\/de\/wp-json\/wp\/v2\/product"}],"about":[{"href":"https:\/\/arcasgruber.com\/de\/wp-json\/wp\/v2\/types\/product"}],"version-history":[{"count":0,"href":"https:\/\/arcasgruber.com\/de\/wp-json\/wp\/v2\/product\/501527\/revisions"}],"wp:featuredmedia":[{"embeddable":true,"href":"https:\/\/arcasgruber.com\/de\/wp-json\/wp\/v2\/media\/518568"}],"wp:attachment":[{"href":"https:\/\/arcasgruber.com\/de\/wp-json\/wp\/v2\/media?parent=501527"}],"wp:term":[{"taxonomy":"product_brand","embeddable":true,"href":"https:\/\/arcasgruber.com\/de\/wp-json\/wp\/v2\/product_brand?post=501527"},{"taxonomy":"product_cat","embeddable":true,"href":"https:\/\/arcasgruber.com\/de\/wp-json\/wp\/v2\/product_cat?post=501527"},{"taxonomy":"product_tag","embeddable":true,"href":"https:\/\/arcasgruber.com\/de\/wp-json\/wp\/v2\/product_tag?post=501527"}],"curies":[{"name":"wp","href":"https:\/\/api.w.org\/{rel}","templated":true}]}}