{"id":501488,"date":"2017-06-14T11:24:26","date_gmt":"2017-06-14T09:24:26","guid":{"rendered":"https:\/\/arcasgruber.com\/unkategorisiert\/sf450\/"},"modified":"2024-10-08T13:51:19","modified_gmt":"2024-10-08T11:51:19","slug":"feuerfester-tresor-sf450","status":"publish","type":"product","link":"https:\/\/arcasgruber.com\/de\/tresore\/feuerschutztresore\/feuerfester-tresor-sf450\/","title":{"rendered":"Feuerfester Tresor SF450"},"content":{"rendered":"<h2><strong>Feuerfester Tresor SF450 \u2013 Dokumentenschutz<\/strong><\/h2>\n<ul>\n<li><strong>Au\u00dfenma\u00dfe:<\/strong> 1100 x 1200 x 600 mm (H\u00f6he x Breite x Tiefe)<\/li>\n<li><strong>Innenma\u00dfe:<\/strong> 960 x 1065 x 440 mm (H\u00f6he x Breite x Tiefe)<\/li>\n<li><strong>Volumen:<\/strong> 450 l<\/li>\n<li><strong>Gewicht:<\/strong> 190 kg<\/li>\n<\/ul>\n<hr \/>\n<h3><strong>Bauweise<\/strong><\/h3>\n<ul>\n<li><strong>Schlie\u00dfsystem:<\/strong> Aktive\/passive Drehbolzen mit Anti-S\u00e4ge-Schutz.<\/li>\n<li><strong>T\u00fcren:<\/strong> Doppelt\u00fcr.<\/li>\n<li><strong>\u00d6ffnungswinkel:<\/strong> 200\u00b0.<\/li>\n<\/ul>\n<hr \/>\n<h3><strong>Feuerschutz und Sicherheit<\/strong><\/h3>\n<ul>\n<li><strong>Feuerschutz:<\/strong> 30 Minuten gem\u00e4\u00df EN 15659 \/ S30P.<\/li>\n<li><strong>Sicherheitsgrad:<\/strong> Schutz f\u00fcr Papierdokumente.<\/li>\n<\/ul>\n<hr \/>\n<h3>Verschlussoptionen<\/h3>\n<ul>\n<li>2 x Doppelbart-Hochsicherheitsschloss<\/li>\n<li>Mechanisches Zahlenschloss<\/li>\n<li>Elektronikschloss<\/li>\n<li>Programmierbares Elektronikschloss<\/li>\n<li>Biometrie Elektronikschloss<\/li>\n<\/ul>\n<hr \/>\n<h3><strong>Zus\u00e4tzliche Optionen<\/strong><\/h3>\n<ul>\n<li>Feuerfeste Schubladen f\u00fcr magnetische Datentr\u00e4ger.<\/li>\n<li>H\u00f6henverstellbare herausnehmbare Ablageb\u00f6den (Abstand 50 mm).<\/li>\n<li>Herausnehmbarer Rahmen f\u00fcr H\u00e4ngemappen, h\u00f6henverstellbar.<\/li>\n<\/ul>\n<hr \/>\n<h3><strong>Entdecken Sie weitere Sicherheitsl\u00f6sungen<\/strong><\/h3>\n<p>F\u00fcr mehr Informationen zu unseren Sicherheitsl\u00f6sungen, erkunden Sie unser Sortiment an <strong><a href=\"https:\/\/arcasgruber.com\/de\/tresore\/feuerschutztresore\/\" target=\"_new\" rel=\"noreferrer noopener\">Feuerfester Tresoren<\/a><\/strong>.<\/p>\n<p>F\u00fcr andere Optionen besuchen Sie unsere Hauptkategorie f\u00fcr <strong><a href=\"https:\/\/arcasgruber.com\/de\/tresore\/\" target=\"_new\" rel=\"noreferrer noopener\">Tresore<\/a><\/strong> bei Arcas Gruber.<\/p>\n","protected":false},"excerpt":{"rendered":"<p>Der <strong>Feuerfester Tresor SF450<\/strong> von <strong>Arcas Gruber<\/strong> bietet Schutz f\u00fcr Papierdokumente mit einer Feuerschutzdauer von 30 Minuten gem\u00e4\u00df EN 15659 \/ S30P. Ideal f\u00fcr B\u00fcros und Unternehmen.<\/p>\n","protected":false},"featured_media":501489,"template":"","meta":{"_acf_changed":false},"product_brand":[],"product_cat":[3267],"product_tag":[],"class_list":{"0":"post-501488","1":"product","2":"type-product","3":"status-publish","4":"has-post-thumbnail","6":"product_cat-feuerschutztresore","8":"first","9":"onbackorder","10":"taxable","11":"shipping-taxable","12":"purchasable","13":"product-type-simple"},"acf":[],"_links":{"self":[{"href":"https:\/\/arcasgruber.com\/de\/wp-json\/wp\/v2\/product\/501488","targetHints":{"allow":["GET"]}}],"collection":[{"href":"https:\/\/arcasgruber.com\/de\/wp-json\/wp\/v2\/product"}],"about":[{"href":"https:\/\/arcasgruber.com\/de\/wp-json\/wp\/v2\/types\/product"}],"version-history":[{"count":0,"href":"https:\/\/arcasgruber.com\/de\/wp-json\/wp\/v2\/product\/501488\/revisions"}],"wp:featuredmedia":[{"embeddable":true,"href":"https:\/\/arcasgruber.com\/de\/wp-json\/wp\/v2\/media\/501489"}],"wp:attachment":[{"href":"https:\/\/arcasgruber.com\/de\/wp-json\/wp\/v2\/media?parent=501488"}],"wp:term":[{"taxonomy":"product_brand","embeddable":true,"href":"https:\/\/arcasgruber.com\/de\/wp-json\/wp\/v2\/product_brand?post=501488"},{"taxonomy":"product_cat","embeddable":true,"href":"https:\/\/arcasgruber.com\/de\/wp-json\/wp\/v2\/product_cat?post=501488"},{"taxonomy":"product_tag","embeddable":true,"href":"https:\/\/arcasgruber.com\/de\/wp-json\/wp\/v2\/product_tag?post=501488"}],"curies":[{"name":"wp","href":"https:\/\/api.w.org\/{rel}","templated":true}]}}