{"id":501441,"date":"2017-06-14T11:24:38","date_gmt":"2017-06-14T09:24:38","guid":{"rendered":"https:\/\/arcasgruber.com\/unkategorisiert\/pd110\/"},"modified":"2024-10-08T13:45:16","modified_gmt":"2024-10-08T11:45:16","slug":"feuerfester-tresor-pd110","status":"publish","type":"product","link":"https:\/\/arcasgruber.com\/de\/tresore\/feuerschutztresore\/feuerfester-tresor-pd110\/","title":{"rendered":"Feuerfester Tresor PD110"},"content":{"rendered":"<h2><strong>Feuerfester Tresor PD110 \u2013 Dokumentensicherung<\/strong><\/h2>\n<ul>\n<li><strong>Au\u00dfenma\u00dfe:<\/strong> 1040 x 540 x 550 mm (H\u00f6he x Breite x Tiefe)<\/li>\n<li><strong>Innenma\u00dfe:<\/strong> 805 x 405 x 340 mm (H\u00f6he x Breite x Tiefe)<\/li>\n<li><strong>Gewicht:<\/strong> 280 kg<\/li>\n<li><strong>Volumen:<\/strong> 110 l<\/li>\n<li><strong>Anzahl der Bolzen:<\/strong> 6 Bolzen mit 25 mm Durchmesser<\/li>\n<li><strong>\u00d6ffnungswinkel:<\/strong> 200\u00b0<\/li>\n<li><strong>K\u00f6rperdicke:<\/strong> 65 mm<\/li>\n<li><strong>T\u00fcrdicke:<\/strong> 135 mm<\/li>\n<\/ul>\n<hr \/>\n<h3><strong>Bauweise<\/strong><\/h3>\n<ul>\n<li><strong>Schlie\u00dfsystem:<\/strong> Aktive\/passive Drehbolzen mit Anti-S\u00e4ge-Schutz.<\/li>\n<li><strong>Brandschutz:<\/strong> Mehrfachdichtungen f\u00fcr Brandschutz und Wasserschutz.<\/li>\n<li><strong>Material:<\/strong> Manganstahl-Panzerung f\u00fcr zus\u00e4tzlichen Schutz.<\/li>\n<\/ul>\n<hr \/>\n<h3><strong>Feuerschutz und Sicherheit<\/strong><\/h3>\n<ul>\n<li><strong>Feuerschutz:<\/strong> 120 Minuten gem\u00e4\u00df EN 1047.1 \/ S120P.<\/li>\n<li><strong>Sicherheitsgrad:<\/strong> Grad 1 gem\u00e4\u00df UNE EN 1143-1.<\/li>\n<\/ul>\n<ul>\n<li><strong>Versicherungswert:<\/strong> Bis zu 25.000 \u20ac versicherbar.<\/li>\n<\/ul>\n<hr \/>\n<h3>Verschlussoptionen<\/h3>\n<ul>\n<li>2 x Doppelbart-Hochsicherheitsschloss<\/li>\n<li>Mechanisches Zahlenschloss<\/li>\n<li>Elektronikschloss<\/li>\n<li>Programmierbares Elektronikschloss<\/li>\n<li>Biometrie Elektronikschloss<\/li>\n<\/ul>\n<hr \/>\n<h3><strong>Zus\u00e4tzliche Optionen<\/strong><\/h3>\n<ul>\n<li>Feuerfeste Schubladen f\u00fcr magnetische Datentr\u00e4ger im Innenraum.<\/li>\n<\/ul>\n<hr \/>\n<h3><strong>Entdecken Sie weitere Sicherheitsl\u00f6sungen<\/strong><\/h3>\n<p>F\u00fcr mehr Informationen zu unseren Sicherheitsl\u00f6sungen, erkunden Sie unser Sortiment an <strong><a href=\"https:\/\/arcasgruber.com\/de\/tresore\/feuerschutztresore\/\" target=\"_new\" rel=\"noreferrer noopener\">Feuerfester Tresoren<\/a><\/strong>.<\/p>\n<p>F\u00fcr andere Optionen besuchen Sie unsere Hauptkategorie f\u00fcr <strong><a href=\"https:\/\/arcasgruber.com\/de\/tresore\/\" target=\"_new\" rel=\"noreferrer noopener\">Tresore<\/a><\/strong> bei Arcas Gruber.<\/p>\n","protected":false},"excerpt":{"rendered":"<p>Der <strong>Feuerfester Tresor PD110<\/strong> von <strong>Arcas Gruber<\/strong> bietet zuverl\u00e4ssigen Schutz f\u00fcr Dokumente und wichtige Unterlagen. Mit einem Fassungsverm\u00f6gen von 110 Litern und 120-min\u00fctigem Feuerschutz ist dieser Tresor ideal f\u00fcr B\u00fcros und Unternehmen.<\/p>\n","protected":false},"featured_media":501442,"template":"","meta":{"_acf_changed":false},"product_brand":[],"product_cat":[3267,3303,3305],"product_tag":[],"class_list":{"0":"post-501441","1":"product","2":"type-product","3":"status-publish","4":"has-post-thumbnail","6":"product_cat-feuerschutztresore","7":"product_cat-langwaffenschranke","8":"product_cat-tresore-widerstandsgrad-1","10":"first","11":"onbackorder","12":"taxable","13":"shipping-taxable","14":"purchasable","15":"product-type-simple"},"acf":[],"_links":{"self":[{"href":"https:\/\/arcasgruber.com\/de\/wp-json\/wp\/v2\/product\/501441","targetHints":{"allow":["GET"]}}],"collection":[{"href":"https:\/\/arcasgruber.com\/de\/wp-json\/wp\/v2\/product"}],"about":[{"href":"https:\/\/arcasgruber.com\/de\/wp-json\/wp\/v2\/types\/product"}],"version-history":[{"count":0,"href":"https:\/\/arcasgruber.com\/de\/wp-json\/wp\/v2\/product\/501441\/revisions"}],"wp:featuredmedia":[{"embeddable":true,"href":"https:\/\/arcasgruber.com\/de\/wp-json\/wp\/v2\/media\/501442"}],"wp:attachment":[{"href":"https:\/\/arcasgruber.com\/de\/wp-json\/wp\/v2\/media?parent=501441"}],"wp:term":[{"taxonomy":"product_brand","embeddable":true,"href":"https:\/\/arcasgruber.com\/de\/wp-json\/wp\/v2\/product_brand?post=501441"},{"taxonomy":"product_cat","embeddable":true,"href":"https:\/\/arcasgruber.com\/de\/wp-json\/wp\/v2\/product_cat?post=501441"},{"taxonomy":"product_tag","embeddable":true,"href":"https:\/\/arcasgruber.com\/de\/wp-json\/wp\/v2\/product_tag?post=501441"}],"curies":[{"name":"wp","href":"https:\/\/api.w.org\/{rel}","templated":true}]}}