{"id":501432,"date":"2017-06-14T11:24:41","date_gmt":"2017-06-14T09:24:41","guid":{"rendered":"https:\/\/arcasgruber.com\/unkategorisiert\/pd750\/"},"modified":"2024-10-08T13:43:50","modified_gmt":"2024-10-08T11:43:50","slug":"feuerfester-tresor-pd750","status":"publish","type":"product","link":"https:\/\/arcasgruber.com\/de\/tresore\/feuerschutztresore\/feuerfester-tresor-pd750\/","title":{"rendered":"Feuerfester Tresor PD750"},"content":{"rendered":"<h2><strong>Feuerfester Tresor PD750 \u2013 Dokumentensicherung<\/strong><\/h2>\n<ul>\n<li><strong>Au\u00dfenma\u00dfe:<\/strong> 1800 x 1350 x 600 mm (H\u00f6he x Breite x Tiefe)<\/li>\n<li><strong>Innenma\u00dfe:<\/strong> 1570 x 1220 x 390 mm (H\u00f6he x Breite x Tiefe)<\/li>\n<li><strong>Gewicht:<\/strong> 990 kg<\/li>\n<li><strong>Volumen:<\/strong> 747 l<\/li>\n<li><strong>Anzahl der Bolzen:<\/strong> 20 Bolzen mit 25 mm Durchmesser<\/li>\n<li><strong>Aktenkapazit\u00e4t:<\/strong> 6100 mm f\u00fcr H\u00e4ngemappen<\/li>\n<li><strong>\u00d6ffnungswinkel:<\/strong> 200\u00b0<\/li>\n<li><strong>K\u00f6rperdicke:<\/strong> 65 mm<\/li>\n<li><strong>T\u00fcrdicke:<\/strong> 135 mm<\/li>\n<\/ul>\n<hr \/>\n<h3><strong>Bauweise<\/strong><\/h3>\n<ul>\n<li><strong>Schlie\u00dfsystem:<\/strong> Aktive\/passive Drehbolzen mit Anti-S\u00e4ge-Schutz.<\/li>\n<li><strong>Brandschutz:<\/strong> Mehrfachdichtungen f\u00fcr Brandschutz und Wasserschutz.<\/li>\n<li><strong>Material:<\/strong> Manganstahl-Panzerung f\u00fcr zus\u00e4tzlichen Schutz.<\/li>\n<\/ul>\n<hr \/>\n<h3><strong>Feuerschutz und Sicherheit<\/strong><\/h3>\n<ul>\n<li><strong>Feuerschutz:<\/strong> 120 Minuten gem\u00e4\u00df EN 1047.1 \/ S120P.<\/li>\n<li><strong>Sicherheitsgrad:<\/strong> Grad 1 gem\u00e4\u00df UNE EN 1143-1.<\/li>\n<li><strong>Versicherungswert:<\/strong> Bis zu 25.000 \u20ac versicherbar.<\/li>\n<\/ul>\n<hr \/>\n<h3>Verschlussoptionen<\/h3>\n<ul>\n<li>2 x Doppelbart-Hochsicherheitsschloss<\/li>\n<li>Mechanisches Zahlenschloss<\/li>\n<li>Elektronikschloss<\/li>\n<li>Programmierbares Elektronikschloss<\/li>\n<li>Biometrie Elektronikschloss<\/li>\n<\/ul>\n<hr \/>\n<h3><strong>Zus\u00e4tzliche Optionen<\/strong><\/h3>\n<ul>\n<li>Feuerfeste Schubladen f\u00fcr magnetische Datentr\u00e4ger.<\/li>\n<\/ul>\n<hr \/>\n<h3><strong>Entdecken Sie weitere Sicherheitsl\u00f6sungen<\/strong><\/h3>\n<p>F\u00fcr mehr Informationen zu unseren Sicherheitsl\u00f6sungen, erkunden Sie unser Sortiment an <strong><a href=\"https:\/\/arcasgruber.com\/de\/tresore\/feuerschutztresore\/\" target=\"_new\" rel=\"noreferrer noopener\">Feuerfester Tresoren<\/a><\/strong>.<\/p>\n<p>F\u00fcr andere Optionen besuchen Sie unsere Hauptkategorie f\u00fcr <strong><a href=\"https:\/\/arcasgruber.com\/de\/tresore\/\" target=\"_new\" rel=\"noreferrer noopener\">Tresore<\/a><\/strong> bei Arcas Gruber.<\/p>\n","protected":false},"excerpt":{"rendered":"<p>Der <strong>Feuerfester Tresor PD750<\/strong> von <strong>Arcas Gruber<\/strong> sch\u00fctzt wichtige Dokumente vor Feuer, Diebstahl und Wasser. Mit einem Volumen von 747 l und einem 120-min\u00fctigen Feuerschutz ist dieser Tresor ideal f\u00fcr B\u00fcros und Archive.<\/p>\n","protected":false},"featured_media":501433,"template":"","meta":{"_acf_changed":false},"product_brand":[],"product_cat":[3267,3303],"product_tag":[],"class_list":{"0":"post-501432","1":"product","2":"type-product","3":"status-publish","4":"has-post-thumbnail","6":"product_cat-feuerschutztresore","7":"product_cat-langwaffenschranke","9":"first","10":"onbackorder","11":"taxable","12":"shipping-taxable","13":"purchasable","14":"product-type-simple"},"acf":[],"_links":{"self":[{"href":"https:\/\/arcasgruber.com\/de\/wp-json\/wp\/v2\/product\/501432","targetHints":{"allow":["GET"]}}],"collection":[{"href":"https:\/\/arcasgruber.com\/de\/wp-json\/wp\/v2\/product"}],"about":[{"href":"https:\/\/arcasgruber.com\/de\/wp-json\/wp\/v2\/types\/product"}],"version-history":[{"count":0,"href":"https:\/\/arcasgruber.com\/de\/wp-json\/wp\/v2\/product\/501432\/revisions"}],"wp:featuredmedia":[{"embeddable":true,"href":"https:\/\/arcasgruber.com\/de\/wp-json\/wp\/v2\/media\/501433"}],"wp:attachment":[{"href":"https:\/\/arcasgruber.com\/de\/wp-json\/wp\/v2\/media?parent=501432"}],"wp:term":[{"taxonomy":"product_brand","embeddable":true,"href":"https:\/\/arcasgruber.com\/de\/wp-json\/wp\/v2\/product_brand?post=501432"},{"taxonomy":"product_cat","embeddable":true,"href":"https:\/\/arcasgruber.com\/de\/wp-json\/wp\/v2\/product_cat?post=501432"},{"taxonomy":"product_tag","embeddable":true,"href":"https:\/\/arcasgruber.com\/de\/wp-json\/wp\/v2\/product_tag?post=501432"}],"curies":[{"name":"wp","href":"https:\/\/api.w.org\/{rel}","templated":true}]}}