{"id":501429,"date":"2017-06-14T11:24:42","date_gmt":"2017-06-14T09:24:42","guid":{"rendered":"https:\/\/arcasgruber.com\/unkategorisiert\/mp59\/"},"modified":"2024-10-08T13:42:47","modified_gmt":"2024-10-08T11:42:47","slug":"datenschutztresor-mp59","status":"publish","type":"product","link":"https:\/\/arcasgruber.com\/de\/tresore\/feuerschutztresore\/datenschutztresor-mp59\/","title":{"rendered":"Datenschutztresor MP59"},"content":{"rendered":"<h2><strong>Datenschutztresor MP59<\/strong><\/h2>\n<ul>\n<li><strong>Au\u00dfenma\u00dfe:<\/strong> 625 x 540 x 620 mm (H\u00f6he x Breite x Tiefe)<\/li>\n<li><strong>Innenma\u00dfe:<\/strong> 400 x 380 x 387 mm (H\u00f6he x Breite x Tiefe)<\/li>\n<li><strong>Gewicht:<\/strong> 195 kg<\/li>\n<li><strong>Volumen:<\/strong> 59 l<\/li>\n<li><strong>Kapazit\u00e4t:<\/strong> 297 CDs<\/li>\n<li><strong>Anzahl der Bolzen:<\/strong> 6<\/li>\n<li><strong>Durchmesser der Bolzen:<\/strong> 25 mm<\/li>\n<li><strong>\u00d6ffnungswinkel:<\/strong> 200\u00b0<\/li>\n<li><strong>K\u00f6rperdicke:<\/strong> 75 mm<\/li>\n<li><strong>T\u00fcrdicke:<\/strong> 95 mm<\/li>\n<\/ul>\n<hr \/>\n<h3><strong>Bauweise<\/strong><\/h3>\n<ul>\n<li><strong>Schlie\u00dfsystem:<\/strong> Aktive\/passive Drehbolzen mit Anti-S\u00e4ge-Schutz.<\/li>\n<li><strong>Brandschutz:<\/strong> Mehrfachdichtungen f\u00fcr Brandschutz und Wasserschutz.<\/li>\n<li><strong>Material:<\/strong> Manganstahl-Panzerung f\u00fcr zus\u00e4tzlichen Schutz.<\/li>\n<\/ul>\n<hr \/>\n<h3><strong>Feuerschutz und Sicherheit<\/strong><\/h3>\n<ul>\n<li><strong>Feuerschutz:<\/strong> 60 Minuten gem\u00e4\u00df EN 1047.1 \/ S60DIS.<\/li>\n<li><strong>Sicherheitsgrad:<\/strong> S2 gem\u00e4\u00df EN 14450.<\/li>\n<\/ul>\n<hr \/>\n<h3>Verschlussoptionen<\/h3>\n<ul>\n<li>2 x Doppelbart-Hochsicherheitsschloss<\/li>\n<li>Mechanisches Zahlenschloss<\/li>\n<li>Elektronikschloss<\/li>\n<li>Programmierbares Elektronikschloss<\/li>\n<li>Biometrie Elektronikschloss<\/li>\n<\/ul>\n<hr \/>\n<h3><strong>Entdecken Sie weitere Sicherheitsl\u00f6sungen<\/strong><\/h3>\n<p>F\u00fcr mehr Informationen zu unseren Sicherheitsl\u00f6sungen, erkunden Sie unser Sortiment an <strong>&lt;a<\/strong><\/p>\n","protected":false},"excerpt":{"rendered":"<p>Der <strong>Datenschutztresor MP59<\/strong> von <strong>Arcas Gruber<\/strong> bietet hervorragenden Schutz f\u00fcr Magnetdatentr\u00e4ger. Mit einem Volumen von 59 l und einem Brandschutz von 60 Minuten nach EN 1047.1 ist dieser Tresor perfekt f\u00fcr die sichere Aufbewahrung von digitalen Medien.<\/p>\n","protected":false},"featured_media":501430,"template":"","meta":{"_acf_changed":false},"product_brand":[],"product_cat":[3267,3263],"product_tag":[],"class_list":{"0":"post-501429","1":"product","2":"type-product","3":"status-publish","4":"has-post-thumbnail","6":"product_cat-feuerschutztresore","7":"product_cat-tresore","9":"first","10":"onbackorder","11":"taxable","12":"shipping-taxable","13":"purchasable","14":"product-type-simple"},"acf":[],"_links":{"self":[{"href":"https:\/\/arcasgruber.com\/de\/wp-json\/wp\/v2\/product\/501429","targetHints":{"allow":["GET"]}}],"collection":[{"href":"https:\/\/arcasgruber.com\/de\/wp-json\/wp\/v2\/product"}],"about":[{"href":"https:\/\/arcasgruber.com\/de\/wp-json\/wp\/v2\/types\/product"}],"version-history":[{"count":0,"href":"https:\/\/arcasgruber.com\/de\/wp-json\/wp\/v2\/product\/501429\/revisions"}],"wp:featuredmedia":[{"embeddable":true,"href":"https:\/\/arcasgruber.com\/de\/wp-json\/wp\/v2\/media\/501430"}],"wp:attachment":[{"href":"https:\/\/arcasgruber.com\/de\/wp-json\/wp\/v2\/media?parent=501429"}],"wp:term":[{"taxonomy":"product_brand","embeddable":true,"href":"https:\/\/arcasgruber.com\/de\/wp-json\/wp\/v2\/product_brand?post=501429"},{"taxonomy":"product_cat","embeddable":true,"href":"https:\/\/arcasgruber.com\/de\/wp-json\/wp\/v2\/product_cat?post=501429"},{"taxonomy":"product_tag","embeddable":true,"href":"https:\/\/arcasgruber.com\/de\/wp-json\/wp\/v2\/product_tag?post=501429"}],"curies":[{"name":"wp","href":"https:\/\/api.w.org\/{rel}","templated":true}]}}