{"id":501422,"date":"2017-06-14T11:24:43","date_gmt":"2017-06-14T09:24:43","guid":{"rendered":"https:\/\/arcasgruber.com\/unkategorisiert\/md1175\/"},"modified":"2024-10-08T13:42:24","modified_gmt":"2024-10-08T11:42:24","slug":"datenschutztresor-md1175","status":"publish","type":"product","link":"https:\/\/arcasgruber.com\/de\/tresore\/feuerschutztresore\/datenschutztresor-md1175\/","title":{"rendered":"Datenschutztresor MD1175"},"content":{"rendered":"<h2><strong>Datenschutztresor MD1175<\/strong><\/h2>\n<ul>\n<li><strong>Au\u00dfenma\u00dfe:<\/strong> 1145 x 715 x 665 mm (H\u00f6he x Breite x Tiefe)<\/li>\n<li><strong>Innenma\u00dfe:<\/strong> 890 x 500 x 390 mm (H\u00f6he x Breite x Tiefe)<\/li>\n<li><strong>Gewicht:<\/strong> 430 kg<\/li>\n<li><strong>Volumen:<\/strong> 175 l<\/li>\n<li><strong>Anzahl der einfachen Regale:<\/strong> 2<\/li>\n<li><strong>\u00d6ffnungswinkel:<\/strong> 200\u00b0<\/li>\n<\/ul>\n<hr \/>\n<h3><strong>Bauweise<\/strong><\/h3>\n<ul>\n<li><strong>Schlie\u00dfsystem:<\/strong> Dreifach-Bolzen mit aktivem\/passivem Anti-S\u00e4ge-Schutz und Manganstahl-Panzerung.<\/li>\n<li><strong>Wasserschutz:<\/strong> Schutz gegen L\u00f6schwasser und Mehrfachdichtungen f\u00fcr Brandschutz.<\/li>\n<\/ul>\n<hr \/>\n<h3><strong>Feuerschutz und Sicherheit<\/strong><\/h3>\n<ul>\n<li><strong>Feuerschutz:<\/strong> 120 Minuten gem\u00e4\u00df EN 1047.1 \/ S120DIS.<\/li>\n<li><strong>Sicherheitsgrad:<\/strong> Grad 1 nach UNE-EN 1143-1.<\/li>\n<li><strong>Versicherungswert:<\/strong> Bis zu 25.000 \u20ac versicherbar.<\/li>\n<\/ul>\n<hr \/>\n<h3>Verschlussoptionen<\/h3>\n<ul>\n<li>2 x Doppelbart-Hochsicherheitsschloss<\/li>\n<li>Mechanisches Zahlenschloss<\/li>\n<li>Elektronikschloss<\/li>\n<li>Programmierbares Elektronikschloss<\/li>\n<li>Biometrie Elektronikschloss<\/li>\n<\/ul>\n<hr \/>\n<h3><strong>Entdecken Sie weitere Sicherheitsl\u00f6sungen<\/strong><\/h3>\n<p>F\u00fcr mehr Informationen zu unseren Sicherheitsl\u00f6sungen, erkunden Sie unser Sortiment an <strong><a href=\"https:\/\/arcasgruber.com\/de\/tresore\/feuerschutztresore\/\" target=\"_new\" rel=\"noreferrer noopener\">Datenschutztresoren<\/a><\/strong>.<\/p>\n<p>F\u00fcr andere Optionen besuchen Sie unsere Hauptkategorie f\u00fcr <strong><a href=\"https:\/\/arcasgruber.com\/de\/tresore\/\" target=\"_new\" rel=\"noreferrer noopener\">Tresore<\/a><\/strong> bei Arcas Gruber.<\/p>\n","protected":false},"excerpt":{"rendered":"<p>Der <strong>Datenschutztresor MD1175<\/strong> von <strong>Arcas Gruber<\/strong> bietet zuverl\u00e4ssigen Schutz f\u00fcr Magnetdatentr\u00e4ger. Mit einem Volumen von 175 l und einer robusten Bauweise ist dieser Tresor perfekt f\u00fcr Unternehmen geeignet.<\/p>\n","protected":false},"featured_media":501423,"template":"","meta":{"_acf_changed":false},"product_brand":[],"product_cat":[3267,3303],"product_tag":[],"class_list":{"0":"post-501422","1":"product","2":"type-product","3":"status-publish","4":"has-post-thumbnail","6":"product_cat-feuerschutztresore","7":"product_cat-langwaffenschranke","9":"first","10":"onbackorder","11":"taxable","12":"shipping-taxable","13":"purchasable","14":"product-type-simple"},"acf":[],"_links":{"self":[{"href":"https:\/\/arcasgruber.com\/de\/wp-json\/wp\/v2\/product\/501422","targetHints":{"allow":["GET"]}}],"collection":[{"href":"https:\/\/arcasgruber.com\/de\/wp-json\/wp\/v2\/product"}],"about":[{"href":"https:\/\/arcasgruber.com\/de\/wp-json\/wp\/v2\/types\/product"}],"version-history":[{"count":0,"href":"https:\/\/arcasgruber.com\/de\/wp-json\/wp\/v2\/product\/501422\/revisions"}],"wp:featuredmedia":[{"embeddable":true,"href":"https:\/\/arcasgruber.com\/de\/wp-json\/wp\/v2\/media\/501423"}],"wp:attachment":[{"href":"https:\/\/arcasgruber.com\/de\/wp-json\/wp\/v2\/media?parent=501422"}],"wp:term":[{"taxonomy":"product_brand","embeddable":true,"href":"https:\/\/arcasgruber.com\/de\/wp-json\/wp\/v2\/product_brand?post=501422"},{"taxonomy":"product_cat","embeddable":true,"href":"https:\/\/arcasgruber.com\/de\/wp-json\/wp\/v2\/product_cat?post=501422"},{"taxonomy":"product_tag","embeddable":true,"href":"https:\/\/arcasgruber.com\/de\/wp-json\/wp\/v2\/product_tag?post=501422"}],"curies":[{"name":"wp","href":"https:\/\/api.w.org\/{rel}","templated":true}]}}