{"id":501402,"date":"2017-06-14T11:24:48","date_gmt":"2017-06-14T09:24:48","guid":{"rendered":"https:\/\/arcasgruber.com\/unkategorisiert\/md2280\/"},"modified":"2024-10-08T13:40:10","modified_gmt":"2024-10-08T11:40:10","slug":"datenschutztresor-md2280","status":"publish","type":"product","link":"https:\/\/arcasgruber.com\/de\/tresore\/feuerschutztresore\/datenschutztresor-md2280\/","title":{"rendered":"Datenschutztresor MD2280"},"content":{"rendered":"<h2><strong>Datenschutztresor MD2280<\/strong><\/h2>\n<ul>\n<li><strong>Au\u00dfenma\u00dfe:<\/strong> 1300 x 800 x 730 mm (H\u00f6he x Breite x Tiefe)<\/li>\n<li><strong>Innenma\u00dfe:<\/strong> 1050 x 585 x 460 mm (H\u00f6he x Breite x Tiefe)<\/li>\n<li><strong>Gewicht:<\/strong> 585 kg<\/li>\n<li><strong>Volumen:<\/strong> 280 l<\/li>\n<li><strong>Anzahl der einfachen Regale:<\/strong> 3<\/li>\n<li><strong>\u00d6ffnungswinkel:<\/strong> 200\u00b0<\/li>\n<\/ul>\n<hr \/>\n<h3><strong>Bauweise<\/strong><\/h3>\n<ul>\n<li><strong>Robuster Schutz:<\/strong> Speziell f\u00fcr den Schutz von Magnetdatentr\u00e4gern konzipiert.<\/li>\n<li><strong>Material:<\/strong> Dreifach-Bolzen-Schlie\u00dfsystem mit Anti-S\u00e4ge-Schutz und Manganstahl-Panzerung.<\/li>\n<li><strong>Zus\u00e4tzlicher Schutz:<\/strong> Wasserfeste Dichtungen gegen Feuerl\u00f6schwasser.<\/li>\n<\/ul>\n<hr \/>\n<h3><strong>Feuerschutz und Sicherheit<\/strong><\/h3>\n<ul>\n<li><strong>Feuerschutz:<\/strong> Nach Europ\u00e4ischer Norm EN 1047.1 \/ S120DIS f\u00fcr 120 Minuten.<\/li>\n<li><strong>Sicherheitsgrad:<\/strong> Grad 2 nach UNE-EN 1143-1.<\/li>\n<li><strong>Versicherungswert:<\/strong> Bis zu 35.000 \u20ac versicherbar.<\/li>\n<\/ul>\n<hr \/>\n<h3>Verschlussoptionen<\/h3>\n<ul>\n<li>2 x Doppelbart-Hochsicherheitsschloss<\/li>\n<li>Mechanisches Zahlenschloss<\/li>\n<li>Elektronikschloss<\/li>\n<li>Programmierbares Elektronikschloss<\/li>\n<li>Biometrie Elektronikschloss<\/li>\n<\/ul>\n<hr \/>\n<h3><strong>Entdecken Sie weitere Sicherheitsl\u00f6sungen<\/strong><\/h3>\n<p>F\u00fcr mehr Informationen zu unseren Sicherheitsl\u00f6sungen, erkunden Sie unser Sortiment an <strong><a href=\"https:\/\/arcasgruber.com\/de\/tresore\/feuerschutztresore\/\" target=\"_new\" rel=\"noreferrer noopener\">Datenschutztresoren<\/a><\/strong>.<\/p>\n<p>F\u00fcr andere Optionen besuchen Sie unsere Hauptkategorie f\u00fcr <strong><a href=\"https:\/\/arcasgruber.com\/de\/tresore\/\" target=\"_new\" rel=\"noreferrer noopener\">Tresore<\/a><\/strong> bei Arcas Gruber.<\/p>\n","protected":false},"excerpt":{"rendered":"<p>Der <strong>Datenschutztresor MD2280<\/strong> von <strong>Arcas Gruber<\/strong> bietet umfassenden Schutz f\u00fcr Magnetdatentr\u00e4ger. Mit einem Volumen von 280 l und einem robusten Feuerschutz ist dieser Tresor perfekt f\u00fcr Unternehmen geeignet.<\/p>\n","protected":false},"featured_media":501403,"template":"","meta":{"_acf_changed":false},"product_brand":[],"product_cat":[3267],"product_tag":[],"class_list":{"0":"post-501402","1":"product","2":"type-product","3":"status-publish","4":"has-post-thumbnail","6":"product_cat-feuerschutztresore","8":"first","9":"onbackorder","10":"taxable","11":"shipping-taxable","12":"purchasable","13":"product-type-simple"},"acf":[],"_links":{"self":[{"href":"https:\/\/arcasgruber.com\/de\/wp-json\/wp\/v2\/product\/501402","targetHints":{"allow":["GET"]}}],"collection":[{"href":"https:\/\/arcasgruber.com\/de\/wp-json\/wp\/v2\/product"}],"about":[{"href":"https:\/\/arcasgruber.com\/de\/wp-json\/wp\/v2\/types\/product"}],"version-history":[{"count":0,"href":"https:\/\/arcasgruber.com\/de\/wp-json\/wp\/v2\/product\/501402\/revisions"}],"wp:featuredmedia":[{"embeddable":true,"href":"https:\/\/arcasgruber.com\/de\/wp-json\/wp\/v2\/media\/501403"}],"wp:attachment":[{"href":"https:\/\/arcasgruber.com\/de\/wp-json\/wp\/v2\/media?parent=501402"}],"wp:term":[{"taxonomy":"product_brand","embeddable":true,"href":"https:\/\/arcasgruber.com\/de\/wp-json\/wp\/v2\/product_brand?post=501402"},{"taxonomy":"product_cat","embeddable":true,"href":"https:\/\/arcasgruber.com\/de\/wp-json\/wp\/v2\/product_cat?post=501402"},{"taxonomy":"product_tag","embeddable":true,"href":"https:\/\/arcasgruber.com\/de\/wp-json\/wp\/v2\/product_tag?post=501402"}],"curies":[{"name":"wp","href":"https:\/\/api.w.org\/{rel}","templated":true}]}}