{"id":501398,"date":"2017-06-14T11:24:49","date_gmt":"2017-06-14T09:24:49","guid":{"rendered":"https:\/\/arcasgruber.com\/unkategorisiert\/md2430-2\/"},"modified":"2024-10-08T10:38:19","modified_gmt":"2024-10-08T08:38:19","slug":"datenschutztresor-md2430","status":"publish","type":"product","link":"https:\/\/arcasgruber.com\/de\/tresore\/feuerschutztresore\/datenschutztresor-md2430\/","title":{"rendered":"Datenschutztresor MD2430"},"content":{"rendered":"\t\t<div data-elementor-type=\"product-post\" data-elementor-id=\"501398\" class=\"elementor elementor-501398 elementor-12222\" data-elementor-post-type=\"product\">\n\t\t\t\t\t\t<section class=\"has_ae_slider elementor-section elementor-top-section elementor-element elementor-element-50438c8f elementor-section-boxed elementor-section-height-default elementor-section-height-default wd-section-disabled ae-bg-gallery-type-default\" data-id=\"50438c8f\" data-element_type=\"section\">\n\t\t\t\t\t\t<div class=\"elementor-container elementor-column-gap-default\">\n\t\t\t\t\t<div class=\"has_ae_slider elementor-column elementor-col-100 elementor-top-column elementor-element elementor-element-1c935b11 ae-bg-gallery-type-default\" data-id=\"1c935b11\" data-element_type=\"column\">\n\t\t\t<div class=\"elementor-widget-wrap elementor-element-populated\">\n\t\t\t\t\t\t<div class=\"elementor-element elementor-element-4da64517 color-scheme-inherit text-left elementor-widget elementor-widget-text-editor\" data-id=\"4da64517\" data-element_type=\"widget\" data-widget_type=\"text-editor.default\">\n\t\t\t\t<div class=\"elementor-widget-container\">\n\t\t\t\t\t\t\t\t\t<h2><strong>Datenschutztresor MD2430<\/strong><\/h2>\n<ul>\n<li><strong>Au\u00dfenma\u00dfe:<\/strong> 1460 x 890 x 800 mm (H\u00f6he x Breite x Tiefe)<\/li>\n<li><strong>Innenma\u00dfe:<\/strong> 1205 x 670 x 530 mm (H\u00f6he x Breite x Tiefe)<\/li>\n<li><strong>Gewicht:<\/strong> 740 kg<\/li>\n<li><strong>Volumen:<\/strong> 430 l<\/li>\n<li><strong>Anzahl der einfachen Regale:<\/strong> 4<\/li>\n<li><strong>\u00d6ffnungswinkel:<\/strong> 200\u00b0<\/li>\n<\/ul>\n<hr \/>\n<h3><strong>Bauweise<\/strong><\/h3>\n<ul>\n<li><strong>Robuster Schutz:<\/strong> Speziell f\u00fcr den Schutz von Magnetdatentr\u00e4gern konzipiert.<\/li>\n<li><strong>Material:<\/strong> Dreifach-Bolzen-Schlie\u00dfsystem mit Anti-S\u00e4ge-Schutz.<\/li>\n<li><strong>Zus\u00e4tzlicher Schutz:<\/strong> Stahlpanzerung aus Manganstahl und wasserfeste Dichtungen gegen Feuerl\u00f6schwasser.<\/li>\n<\/ul>\n<hr \/>\n<h3><strong>Feuerschutz und Sicherheit<\/strong><\/h3>\n<ul>\n<li><strong>Feuerschutz:<\/strong> Nach Europ\u00e4ischer Norm EN 1047.1 \/ S120DIS f\u00fcr 120 Minuten.<\/li>\n<li><strong>Sicherheitsgrad:<\/strong> Grad 2 nach UNE-EN 1143-1.<\/li>\n<li><strong>Versicherungswert:<\/strong> Bis zu 35.000 \u20ac versicherbar.<\/li>\n<\/ul>\n<hr \/>\n<h3><strong>Entdecken Sie weitere Sicherheitsl\u00f6sungen<\/strong><\/h3>\n<p>F\u00fcr mehr Informationen zu unseren Sicherheitsl\u00f6sungen, erkunden Sie unser Sortiment an <strong><a href=\"https:\/\/arcasgruber.com\/de\/tresore\/feuerschutztresore\/\" target=\"_new\" rel=\"noreferrer noopener\">Datenschutztresoren<\/a><\/strong>.<\/p>\n<p>F\u00fcr andere Optionen besuchen Sie unsere Hauptkategorie f\u00fcr <strong><a href=\"https:\/\/arcasgruber.com\/de\/tresore\/\" target=\"_new\" rel=\"noreferrer noopener\">Tresore<\/a><\/strong> bei Arcas Gruber.<\/p>\n\t\t\t\t\t\t\t\t<\/div>\n\t\t\t\t<\/div>\n\t\t\t\t\t<\/div>\n\t\t<\/div>\n\t\t\t\t\t<\/div>\n\t\t<\/section>\n\t\t\t\t<\/div>\n\t\t","protected":false},"excerpt":{"rendered":"<p>Der <strong>Datenschutztresor MD2430<\/strong> von <strong>Arcas Gruber<\/strong> bietet herausragenden Schutz f\u00fcr Magnetdatentr\u00e4ger. Mit 430 l Volumen und robustem Feuerschutz ist dieser Tresor perfekt f\u00fcr Unternehmen und Organisationen geeignet.<\/p>\n","protected":false},"featured_media":501399,"template":"","meta":{"_acf_changed":false},"product_brand":[],"product_cat":[3267],"product_tag":[],"class_list":{"0":"post-501398","1":"product","2":"type-product","3":"status-publish","4":"has-post-thumbnail","6":"product_cat-feuerschutztresore","8":"first","9":"onbackorder","10":"taxable","11":"shipping-taxable","12":"purchasable","13":"product-type-simple"},"acf":[],"_links":{"self":[{"href":"https:\/\/arcasgruber.com\/de\/wp-json\/wp\/v2\/product\/501398","targetHints":{"allow":["GET"]}}],"collection":[{"href":"https:\/\/arcasgruber.com\/de\/wp-json\/wp\/v2\/product"}],"about":[{"href":"https:\/\/arcasgruber.com\/de\/wp-json\/wp\/v2\/types\/product"}],"version-history":[{"count":0,"href":"https:\/\/arcasgruber.com\/de\/wp-json\/wp\/v2\/product\/501398\/revisions"}],"wp:featuredmedia":[{"embeddable":true,"href":"https:\/\/arcasgruber.com\/de\/wp-json\/wp\/v2\/media\/501399"}],"wp:attachment":[{"href":"https:\/\/arcasgruber.com\/de\/wp-json\/wp\/v2\/media?parent=501398"}],"wp:term":[{"taxonomy":"product_brand","embeddable":true,"href":"https:\/\/arcasgruber.com\/de\/wp-json\/wp\/v2\/product_brand?post=501398"},{"taxonomy":"product_cat","embeddable":true,"href":"https:\/\/arcasgruber.com\/de\/wp-json\/wp\/v2\/product_cat?post=501398"},{"taxonomy":"product_tag","embeddable":true,"href":"https:\/\/arcasgruber.com\/de\/wp-json\/wp\/v2\/product_tag?post=501398"}],"curies":[{"name":"wp","href":"https:\/\/api.w.org\/{rel}","templated":true}]}}