{"id":501344,"date":"2017-06-14T11:23:14","date_gmt":"2017-06-14T09:23:14","guid":{"rendered":"https:\/\/arcasgruber.com\/unkategorisiert\/c53\/"},"modified":"2025-04-24T12:43:03","modified_gmt":"2025-04-24T10:43:03","slug":"mobeltresor-c53","status":"publish","type":"product","link":"https:\/\/arcasgruber.com\/de\/tresore\/mobeltresore\/mobeltresor-c53\/","title":{"rendered":"M\u00f6beltresor C53"},"content":{"rendered":"<h2><strong>M\u00f6beltresor C53<\/strong><\/h2>\n<ul>\n<li><strong>Au\u00dfenma\u00dfe:<\/strong> 520 x 405 x 385 mm (H\u00f6he x Breite x Tiefe)<\/li>\n<li><strong>Innenma\u00dfe:<\/strong> 440 x 320 x 260 mm (H\u00f6he x Breite x Tiefe)<\/li>\n<li><strong>Gewicht:<\/strong> 125 kg<\/li>\n<li><strong>Volumen:<\/strong> 36 l<\/li>\n<\/ul>\n<hr \/>\n<h3><strong>Bauweise<\/strong><\/h3>\n<ul>\n<li><strong>Hochwertige Sicherheit:<\/strong> Ideal f\u00fcr den Schutz von Wertsachen und Bargeld in Wohnh\u00e4usern und Gesch\u00e4ften.<\/li>\n<li><strong>Material:<\/strong> Robuste Bauweise mit 45 mm Wandst\u00e4rke und 80 mm T\u00fcrst\u00e4rke.<\/li>\n<\/ul>\n<hr \/>\n<h3><strong>Verschlusssystem<\/strong><\/h3>\n<ul>\n<li><strong>Verschluss mit Dreifach-Bolzen:<\/strong> 20 mm Durchmesser f\u00fcr einen sicheren Verschluss.<\/li>\n<li><strong>\u00d6ffnungswinkel:<\/strong> T\u00fcr l\u00e4sst sich um 180\u00b0 \u00f6ffnen, ausgestattet mit Anti-S\u00e4ge-System.<\/li>\n<\/ul>\n<hr \/>\n<h3><strong>Grundausstattung<\/strong><\/h3>\n<ul>\n<li><strong>Sicherheits-Doppelbartschloss:<\/strong> Inklusive 2 Schl\u00fcsseln.<\/li>\n<li><strong>Polyurethanlackierung:<\/strong> Graue, strukturierte Oberfl\u00e4che f\u00fcr eine moderne und professionelle Optik.<\/li>\n<li><strong>Bodenverankerung:<\/strong> Inklusive Verankerungssystem f\u00fcr maximale Sicherheit.<\/li>\n<li><strong>2 herausnehmbare F\u00e4cher:<\/strong> Bietet Flexibilit\u00e4t bei der Aufbewahrung.<\/li>\n<\/ul>\n<hr \/>\n<h3>Verschlussoptionen<\/h3>\n<ul>\n<li>2 x Doppelbart-Hochsicherheitsschloss<\/li>\n<li>Mechanisches Zahlenschloss<\/li>\n<li>Elektronikschloss<\/li>\n<li>Programmierbares Elektronikschloss<\/li>\n<li>Biometrie Elektronikschloss<\/li>\n<\/ul>\n<hr \/>\n<h3><strong>Entdecken Sie weitere Sicherheitsl\u00f6sungen<\/strong><\/h3>\n<p>F\u00fcr mehr Informationen zu unseren Sicherheitsl\u00f6sungen, erkunden Sie unser Sortiment an <strong><a href=\"https:\/\/arcasgruber.com\/de\/tresore\/mobeltresore\/\" target=\"_new\" rel=\"noreferrer noopener\">M\u00f6beltresoren<\/a><\/strong>.<\/p>\n<p>F\u00fcr andere Optionen besuchen Sie unsere Hauptkategorie f\u00fcr <strong><a href=\"https:\/\/arcasgruber.com\/de\/tresore\/\" target=\"_new\" rel=\"noreferrer noopener\">Tresore<\/a><\/strong> bei Arcas Gruber.<\/p>\n","protected":false},"excerpt":{"rendered":"<p>Der <strong>M\u00f6beltresor C53<\/strong> von <strong>Arcas Gruber<\/strong> bietet erstklassigen Schutz f\u00fcr Wertgegenst\u00e4nde und Bargeld in Haushalten und Gesch\u00e4ften. Dank seiner robusten Bauweise ist dieser Tresor ideal f\u00fcr verschiedene Sicherheitsanforderungen.<\/p>\n","protected":false},"featured_media":518035,"template":"","meta":{"_acf_changed":false},"product_brand":[],"product_cat":[3264],"product_tag":[],"class_list":{"0":"post-501344","1":"product","2":"type-product","3":"status-publish","4":"has-post-thumbnail","6":"product_cat-mobeltresore","8":"first","9":"instock","10":"taxable","11":"shipping-taxable","12":"purchasable","13":"product-type-simple"},"acf":[],"_links":{"self":[{"href":"https:\/\/arcasgruber.com\/de\/wp-json\/wp\/v2\/product\/501344","targetHints":{"allow":["GET"]}}],"collection":[{"href":"https:\/\/arcasgruber.com\/de\/wp-json\/wp\/v2\/product"}],"about":[{"href":"https:\/\/arcasgruber.com\/de\/wp-json\/wp\/v2\/types\/product"}],"version-history":[{"count":0,"href":"https:\/\/arcasgruber.com\/de\/wp-json\/wp\/v2\/product\/501344\/revisions"}],"wp:featuredmedia":[{"embeddable":true,"href":"https:\/\/arcasgruber.com\/de\/wp-json\/wp\/v2\/media\/518035"}],"wp:attachment":[{"href":"https:\/\/arcasgruber.com\/de\/wp-json\/wp\/v2\/media?parent=501344"}],"wp:term":[{"taxonomy":"product_brand","embeddable":true,"href":"https:\/\/arcasgruber.com\/de\/wp-json\/wp\/v2\/product_brand?post=501344"},{"taxonomy":"product_cat","embeddable":true,"href":"https:\/\/arcasgruber.com\/de\/wp-json\/wp\/v2\/product_cat?post=501344"},{"taxonomy":"product_tag","embeddable":true,"href":"https:\/\/arcasgruber.com\/de\/wp-json\/wp\/v2\/product_tag?post=501344"}],"curies":[{"name":"wp","href":"https:\/\/api.w.org\/{rel}","templated":true}]}}