{"id":501340,"date":"2017-06-14T11:23:21","date_gmt":"2017-06-14T09:23:21","guid":{"rendered":"https:\/\/arcasgruber.com\/unkategorisiert\/c63\/"},"modified":"2025-12-18T13:31:51","modified_gmt":"2025-12-18T12:31:51","slug":"mobeltresor-c63","status":"publish","type":"product","link":"https:\/\/arcasgruber.com\/de\/tresore\/mobeltresore\/mobeltresor-c63\/","title":{"rendered":"M\u00f6beltresor C63"},"content":{"rendered":"<h2 id=\"beschreibung-lang\"><strong>M\u00f6beltresor C63: Hohe Sicherheit f\u00fcr Unternehmen<\/strong><\/h2>\n<ul>\n<li><strong>Au\u00dfenma\u00dfe:<\/strong> 630 x 530 x 415 mm (H\u00f6he x Breite x Tiefe)<\/li>\n<li><strong>Innenma\u00dfe:<\/strong> 550 x 420 x 270 mm (H\u00f6he x Breite x Tiefe)<\/li>\n<li><strong>Gewicht:<\/strong> 210 kg<\/li>\n<li><strong>Volumen:<\/strong> 62 l<\/li>\n<li><strong>Wandst\u00e4rke:<\/strong> 55 mm<\/li>\n<li><strong>T\u00fcrst\u00e4rke:<\/strong> 80 mm<\/li>\n<\/ul>\n<hr \/>\n<h3><strong>Sicherheitskonstruktion<\/strong><\/h3>\n<ul>\n<li><strong>Robuste Bauweise:<\/strong> Entwickelt f\u00fcr Gesch\u00e4fte und Unternehmen, die einen hohen Sicherheitsstandard ben\u00f6tigen.<\/li>\n<li><strong>Material:<\/strong> 55 mm dicke W\u00e4nde und 80 mm starke T\u00fcr f\u00fcr maximalen Schutz.<\/li>\n<\/ul>\n<hr \/>\n<h3><strong>Schlie\u00dfmechanismus<\/strong><\/h3>\n<ul>\n<li><strong>Bolzensystem:<\/strong> Dreifachbolzen mit 18 mm Durchmesser und zwei Verriegelungsstangen.<\/li>\n<li><strong>T\u00fcr\u00f6ffnung:<\/strong> T\u00fcr \u00f6ffnet sich um 180\u00b0 und ist mit einem Anti-S\u00e4ge-System ausgestattet.<\/li>\n<\/ul>\n<hr \/>\n<h3><strong>Grundkonfiguration<\/strong><\/h3>\n<ul>\n<li><strong>Doppelbartschloss:<\/strong> Inklusive 2 Schl\u00fcssel.<\/li>\n<li><strong>Polyurethan-Beschichtung:<\/strong> Strapazierf\u00e4higes, graues, texturiertes Finish.<\/li>\n<li><strong>Bodenverankerung:<\/strong> Sicheres Verankerungssystem in der Basis des Tresors.<\/li>\n<li><strong>2 herausnehmbare Regale:<\/strong> F\u00fcr flexibles Lagern von Gegenst\u00e4nden.<\/li>\n<\/ul>\n<hr \/>\n<h3>Verschlussoptionen<\/h3>\n<ul>\n<li>2 x Doppelbart-Hochsicherheitsschloss<\/li>\n<li>Mechanisches Zahlenschloss<\/li>\n<li>Elektronikschloss<\/li>\n<li>Programmierbares Elektronikschloss<\/li>\n<li>Biometrie Elektronikschloss<\/li>\n<\/ul>\n<p>Der <strong>M\u00f6beltresor C63<\/strong> von <strong>Arcas Gruber<\/strong> ist ideal f\u00fcr Unternehmen, die eine hochsichere L\u00f6sung suchen. Mit einem Innenvolumen von 62 Litern und einer robusten Bauweise bietet dieser Tresor effektiven Schutz f\u00fcr wertvolle Gegenst\u00e4nde.<\/p>\n<p>Erfahren Sie mehr \u00fcber unsere weiteren M\u00f6beltresor-Optionen in der Kategorie <a href=\"https:\/\/arcasgruber.com\/de\/tresore\/mobeltresore\/\" target=\"_blank\" rel=\"noopener\"><span style=\"text-decoration: underline;\"><strong>M\u00f6beltresore<\/strong><\/span><\/a>.<\/p>\n","protected":false},"excerpt":{"rendered":"<p>Der <strong>M\u00f6beltresor C63<\/strong> von <strong>Arcas Gruber<\/strong> bietet Unternehmen und Gesch\u00e4ften eine hochsichere L\u00f6sung zur Aufbewahrung wertvoller Gegenst\u00e4nde. Dank seiner soliden Konstruktion ist er ideal f\u00fcr den Einsatz in Umgebungen, die h\u00f6chste Sicherheitsanforderungen erfordern.<\/p>\n","protected":false},"featured_media":518122,"template":"","meta":{"_acf_changed":false},"product_brand":[],"product_cat":[3264],"product_tag":[],"class_list":{"0":"post-501340","1":"product","2":"type-product","3":"status-publish","4":"has-post-thumbnail","6":"product_cat-mobeltresore","8":"first","9":"instock","10":"taxable","11":"shipping-taxable","12":"purchasable","13":"product-type-simple"},"acf":[],"_links":{"self":[{"href":"https:\/\/arcasgruber.com\/de\/wp-json\/wp\/v2\/product\/501340","targetHints":{"allow":["GET"]}}],"collection":[{"href":"https:\/\/arcasgruber.com\/de\/wp-json\/wp\/v2\/product"}],"about":[{"href":"https:\/\/arcasgruber.com\/de\/wp-json\/wp\/v2\/types\/product"}],"version-history":[{"count":0,"href":"https:\/\/arcasgruber.com\/de\/wp-json\/wp\/v2\/product\/501340\/revisions"}],"wp:featuredmedia":[{"embeddable":true,"href":"https:\/\/arcasgruber.com\/de\/wp-json\/wp\/v2\/media\/518122"}],"wp:attachment":[{"href":"https:\/\/arcasgruber.com\/de\/wp-json\/wp\/v2\/media?parent=501340"}],"wp:term":[{"taxonomy":"product_brand","embeddable":true,"href":"https:\/\/arcasgruber.com\/de\/wp-json\/wp\/v2\/product_brand?post=501340"},{"taxonomy":"product_cat","embeddable":true,"href":"https:\/\/arcasgruber.com\/de\/wp-json\/wp\/v2\/product_cat?post=501340"},{"taxonomy":"product_tag","embeddable":true,"href":"https:\/\/arcasgruber.com\/de\/wp-json\/wp\/v2\/product_tag?post=501340"}],"curies":[{"name":"wp","href":"https:\/\/api.w.org\/{rel}","templated":true}]}}