{"id":501339,"date":"2017-06-14T11:23:22","date_gmt":"2017-06-14T09:23:22","guid":{"rendered":"https:\/\/arcasgruber.com\/unkategorisiert\/c81\/"},"modified":"2025-12-18T13:41:12","modified_gmt":"2025-12-18T12:41:12","slug":"mobeltresor-c81","status":"publish","type":"product","link":"https:\/\/arcasgruber.com\/de\/tresore\/mobeltresore\/mobeltresor-c81\/","title":{"rendered":"M\u00f6beltresor C81"},"content":{"rendered":"<h2 id=\"beschreibung-lang\"><strong>M\u00f6beltresor C81: Schutz f\u00fcr Unternehmen und Gesch\u00e4fte<\/strong><\/h2>\n<ul>\n<li><strong>Au\u00dfenma\u00dfe:<\/strong> 810 x 585 x 465 mm (H\u00f6he x Breite x Tiefe)<\/li>\n<li><strong>Innenma\u00dfe:<\/strong> 720 x 475 x 320 mm (H\u00f6he x Breite x Tiefe)<\/li>\n<li><strong>Gewicht:<\/strong> 294 kg<\/li>\n<li><strong>Volumen:<\/strong> 110 l<\/li>\n<li><strong>Wandst\u00e4rke:<\/strong> 55 mm<\/li>\n<li><strong>T\u00fcrst\u00e4rke:<\/strong> 80 mm<\/li>\n<\/ul>\n<hr \/>\n<h3><strong>Technische Spezifikationen<\/strong><\/h3>\n<ul>\n<li><strong>Sicherheitssystem mit 18-mm-Bolzen:<\/strong> Das System verwendet drei Bolzen und zwei Riegel f\u00fcr optimalen Schutz.<\/li>\n<li><strong>\u00d6ffnungsmechanismus:<\/strong> Die T\u00fcr \u00f6ffnet sich um 180\u00b0 und ist mit einem Anti-S\u00e4ge-System ausgestattet.<\/li>\n<\/ul>\n<hr \/>\n<h3><strong>Grundkonfiguration<\/strong><\/h3>\n<ul>\n<li><strong>Doppelbartschloss:<\/strong> Zwei Schl\u00fcssel enthalten<\/li>\n<li><strong>Texturierte Polyurethanfarbe:<\/strong> Elegantes und modernes Design in Dunkelgrau<\/li>\n<li><strong>Bodenverankerung:<\/strong> F\u00fcr zus\u00e4tzliche Sicherheit im Boden verankert<\/li>\n<\/ul>\n<ul>\n<li><strong>Verstellbare Regale:<\/strong> Zwei herausnehmbare Regale f\u00fcr flexible Lagerung<\/li>\n<\/ul>\n<hr \/>\n<h3>Verschlussoptionen<\/h3>\n<ul>\n<li>2 x Doppelbart-Hochsicherheitsschloss<\/li>\n<li>Mechanisches Zahlenschloss<\/li>\n<li>Elektronikschloss<\/li>\n<li>Programmierbares Elektronikschloss<\/li>\n<li>Biometrie Elektronikschloss<\/li>\n<\/ul>\n<p>Der <strong>M\u00f6beltresor C81<\/strong> von <strong>Arcas Gruber<\/strong> ist ideal f\u00fcr Unternehmen, die eine umfassende Sicherheitsl\u00f6sung ben\u00f6tigen. Mit einem Innenvolumen von 110 Litern und einer Wandst\u00e4rke von 55 mm bietet dieser Tresor eine fortschrittliche Sicherheitsbarriere f\u00fcr Ihre wertvollsten Besitzt\u00fcmer. Seine robuste Bauweise macht ihn perfekt f\u00fcr den t\u00e4glichen Einsatz in anspruchsvollen Umgebungen wie B\u00fcros oder Gesch\u00e4ften.<\/p>\n<p>Erfahren Sie mehr \u00fcber unsere weiteren Tresoroptionen in der Kategorie <a href=\"https:\/\/arcasgruber.com\/de\/tresore\/mobeltresore\/\" target=\"_blank\" rel=\"noopener\"><span style=\"text-decoration: underline;\"><strong>M\u00f6beltresore<\/strong><\/span><\/a>.<\/p>\n","protected":false},"excerpt":{"rendered":"<p>Der M\u00f6beltresor C81 von Arcas Gruber ist ideal f\u00fcr Unternehmen, die eine kompakte und effiziente Sicherheitsl\u00f6sung suchen. Dank seiner robusten Bauweise und kompakten Abmessungen eignet sich dieser Tresor perfekt f\u00fcr den Einsatz in kleinen B\u00fcros und Gesch\u00e4ften.<\/p>\n","protected":false},"featured_media":518148,"template":"","meta":{"_acf_changed":false},"product_brand":[],"product_cat":[3264],"product_tag":[],"class_list":{"0":"post-501339","1":"product","2":"type-product","3":"status-publish","4":"has-post-thumbnail","6":"product_cat-mobeltresore","8":"first","9":"instock","10":"taxable","11":"shipping-taxable","12":"purchasable","13":"product-type-simple"},"acf":[],"_links":{"self":[{"href":"https:\/\/arcasgruber.com\/de\/wp-json\/wp\/v2\/product\/501339","targetHints":{"allow":["GET"]}}],"collection":[{"href":"https:\/\/arcasgruber.com\/de\/wp-json\/wp\/v2\/product"}],"about":[{"href":"https:\/\/arcasgruber.com\/de\/wp-json\/wp\/v2\/types\/product"}],"version-history":[{"count":0,"href":"https:\/\/arcasgruber.com\/de\/wp-json\/wp\/v2\/product\/501339\/revisions"}],"wp:featuredmedia":[{"embeddable":true,"href":"https:\/\/arcasgruber.com\/de\/wp-json\/wp\/v2\/media\/518148"}],"wp:attachment":[{"href":"https:\/\/arcasgruber.com\/de\/wp-json\/wp\/v2\/media?parent=501339"}],"wp:term":[{"taxonomy":"product_brand","embeddable":true,"href":"https:\/\/arcasgruber.com\/de\/wp-json\/wp\/v2\/product_brand?post=501339"},{"taxonomy":"product_cat","embeddable":true,"href":"https:\/\/arcasgruber.com\/de\/wp-json\/wp\/v2\/product_cat?post=501339"},{"taxonomy":"product_tag","embeddable":true,"href":"https:\/\/arcasgruber.com\/de\/wp-json\/wp\/v2\/product_tag?post=501339"}],"curies":[{"name":"wp","href":"https:\/\/api.w.org\/{rel}","templated":true}]}}