{"id":501331,"date":"2017-06-14T11:25:07","date_gmt":"2017-06-14T09:25:07","guid":{"rendered":"https:\/\/arcasgruber.com\/unkategorisiert\/ss0301\/"},"modified":"2024-10-08T13:36:42","modified_gmt":"2024-10-08T11:36:42","slug":"hoteltresor-ss0301","status":"publish","type":"product","link":"https:\/\/arcasgruber.com\/de\/tresore\/hoteltresore\/hoteltresor-ss0301\/","title":{"rendered":"Hoteltresor SS0301"},"content":{"rendered":"<h2 id=\"beschreibung-lang\">Hoteltresor SS0301<\/h2>\n<ul>\n<li><strong>Au\u00dfenma\u00dfe:<\/strong> 200 x 310 x 200 mm (H\u00f6he x Breite x Tiefe)<\/li>\n<li><strong>Innenma\u00dfe:<\/strong> 195 x 305 x 160 mm (H\u00f6he x Breite x Tiefe)<\/li>\n<li><strong>Volumen:<\/strong> ca. 10 l<\/li>\n<li><strong>Gewicht:<\/strong> ca. 4,5 kg<\/li>\n<li><strong>Elektronikschloss<\/strong><\/li>\n<\/ul>\n<h3>Technische Details<\/h3>\n<ul>\n<li>Empfohlene Absicherung f\u00fcr Wertgegenst\u00e4nde im Wert von 1.000 bis 10.000 \u20ac<\/li>\n<li>Elektronisches Schloss mit Anti-Manipulationssystem<\/li>\n<li>Not\u00f6ffnungsschl\u00fcssel (2 Schl\u00fcssel enthalten)<\/li>\n<li>Anti-Fisch-Deflektor f\u00fcr die Einwurf\u00f6ffnung (150 x 12 mm)<\/li>\n<li>Stahlt\u00fcr 4 mm, Stahlk\u00f6rper 1,5 mm, interne verdeckte Scharniere<\/li>\n<li>Montage f\u00fcr Boden oder Wand<\/li>\n<\/ul>\n<p>Entdecken Sie weitere Optionen in unserer Kategorie <a href=\"https:\/\/arcasgruber.com\/de\/tresore\/hoteltresore\/\" target=\"_blank\" rel=\"noopener\">Hoteltresore<\/a>.<\/p>\n","protected":false},"excerpt":{"rendered":"<p>Der Hoteltresor SS0301 von Arcas Gruber ist ideal f\u00fcr den Schutz von Wertsachen bis 10.000 \u20ac. Mit einem Volumen von 10 Litern und einem fortschrittlichen elektronischen Schloss bietet dieser Tresor eine hohe Sicherheitsstufe sowie Schutz vor Manipulationen und Diebstahl.<\/p>\n","protected":false},"featured_media":501332,"template":"","meta":{"_acf_changed":false},"product_brand":[],"product_cat":[3273],"product_tag":[],"class_list":{"0":"post-501331","1":"product","2":"type-product","3":"status-publish","4":"has-post-thumbnail","6":"product_cat-hoteltresore","8":"first","9":"instock","10":"taxable","11":"shipping-taxable","12":"purchasable","13":"product-type-simple"},"acf":[],"_links":{"self":[{"href":"https:\/\/arcasgruber.com\/de\/wp-json\/wp\/v2\/product\/501331","targetHints":{"allow":["GET"]}}],"collection":[{"href":"https:\/\/arcasgruber.com\/de\/wp-json\/wp\/v2\/product"}],"about":[{"href":"https:\/\/arcasgruber.com\/de\/wp-json\/wp\/v2\/types\/product"}],"version-history":[{"count":0,"href":"https:\/\/arcasgruber.com\/de\/wp-json\/wp\/v2\/product\/501331\/revisions"}],"wp:featuredmedia":[{"embeddable":true,"href":"https:\/\/arcasgruber.com\/de\/wp-json\/wp\/v2\/media\/501332"}],"wp:attachment":[{"href":"https:\/\/arcasgruber.com\/de\/wp-json\/wp\/v2\/media?parent=501331"}],"wp:term":[{"taxonomy":"product_brand","embeddable":true,"href":"https:\/\/arcasgruber.com\/de\/wp-json\/wp\/v2\/product_brand?post=501331"},{"taxonomy":"product_cat","embeddable":true,"href":"https:\/\/arcasgruber.com\/de\/wp-json\/wp\/v2\/product_cat?post=501331"},{"taxonomy":"product_tag","embeddable":true,"href":"https:\/\/arcasgruber.com\/de\/wp-json\/wp\/v2\/product_tag?post=501331"}],"curies":[{"name":"wp","href":"https:\/\/api.w.org\/{rel}","templated":true}]}}