{"id":501328,"date":"2017-06-14T11:25:09","date_gmt":"2017-06-14T09:25:09","guid":{"rendered":"https:\/\/arcasgruber.com\/unkategorisiert\/ss0311\/"},"modified":"2024-10-08T13:36:36","modified_gmt":"2024-10-08T11:36:36","slug":"hoteltresor-ss0311","status":"publish","type":"product","link":"https:\/\/arcasgruber.com\/de\/tresore\/hoteltresore\/hoteltresor-ss0311\/","title":{"rendered":"Hoteltresor SS0311"},"content":{"rendered":"<h2 id=\"beschreibung-lang\">Hoteltresor SS0311<\/h2>\n<ul>\n<li><strong>Au\u00dfenma\u00dfe:<\/strong> 200 x 520 x 406 mm (H\u00f6he x Breite x Tiefe)<\/li>\n<li><strong>Innenma\u00dfe:<\/strong> 197 x 517 x 346 mm (H\u00f6he x Breite x Tiefe)<\/li>\n<li><strong>Volumen:<\/strong> ca. 35 l<\/li>\n<li><strong>Gewicht:<\/strong> ca. 13 kg<\/li>\n<li><strong>Elektronikschloss<\/strong><\/li>\n<\/ul>\n<h3>Technische Details<\/h3>\n<ul>\n<li>Empfohlene Absicherung f\u00fcr Wertgegenst\u00e4nde im Wert von 1.000 bis 10.000 \u20ac<\/li>\n<li>Elektronisches Schloss mit LED-Anzeige<\/li>\n<li>Not\u00f6ffnungsschl\u00fcssel (2 Schl\u00fcssel enthalten)<\/li>\n<li>Stahlkonstruktion, 4-mm-T\u00fcr und 1,5-mm-K\u00f6rper<\/li>\n<li>Platz f\u00fcr Laptops<\/li>\n<li>Montage f\u00fcr Boden oder Wand<\/li>\n<\/ul>\n<p>Entdecken Sie weitere Optionen in unserer Kategorie <a href=\"https:\/\/arcasgruber.com\/de\/tresore\/hoteltresore\/\" target=\"_blank\" rel=\"noopener\">Hoteltresore<\/a>.<\/p>\n","protected":false},"excerpt":{"rendered":"<p>Der Hoteltresor SS0311 von Arcas Gruber bietet mit einem Volumen von 35 Litern und einem robusten elektronischen Schlie\u00dfsystem optimalen Schutz f\u00fcr Wertsachen. Dieser Tresor eignet sich besonders f\u00fcr die sichere Aufbewahrung von Laptops und bietet eine benutzerfreundliche LED-Anzeige sowie Not\u00f6ffnungsm\u00f6glichkeiten mit Schl\u00fcssel.<\/p>\n","protected":false},"featured_media":501329,"template":"","meta":{"_acf_changed":false},"product_brand":[],"product_cat":[3273],"product_tag":[],"class_list":{"0":"post-501328","1":"product","2":"type-product","3":"status-publish","4":"has-post-thumbnail","6":"product_cat-hoteltresore","8":"first","9":"instock","10":"taxable","11":"shipping-taxable","12":"purchasable","13":"product-type-simple"},"acf":[],"_links":{"self":[{"href":"https:\/\/arcasgruber.com\/de\/wp-json\/wp\/v2\/product\/501328","targetHints":{"allow":["GET"]}}],"collection":[{"href":"https:\/\/arcasgruber.com\/de\/wp-json\/wp\/v2\/product"}],"about":[{"href":"https:\/\/arcasgruber.com\/de\/wp-json\/wp\/v2\/types\/product"}],"version-history":[{"count":0,"href":"https:\/\/arcasgruber.com\/de\/wp-json\/wp\/v2\/product\/501328\/revisions"}],"wp:featuredmedia":[{"embeddable":true,"href":"https:\/\/arcasgruber.com\/de\/wp-json\/wp\/v2\/media\/501329"}],"wp:attachment":[{"href":"https:\/\/arcasgruber.com\/de\/wp-json\/wp\/v2\/media?parent=501328"}],"wp:term":[{"taxonomy":"product_brand","embeddable":true,"href":"https:\/\/arcasgruber.com\/de\/wp-json\/wp\/v2\/product_brand?post=501328"},{"taxonomy":"product_cat","embeddable":true,"href":"https:\/\/arcasgruber.com\/de\/wp-json\/wp\/v2\/product_cat?post=501328"},{"taxonomy":"product_tag","embeddable":true,"href":"https:\/\/arcasgruber.com\/de\/wp-json\/wp\/v2\/product_tag?post=501328"}],"curies":[{"name":"wp","href":"https:\/\/api.w.org\/{rel}","templated":true}]}}