{"id":501319,"date":"2017-06-14T11:25:11","date_gmt":"2017-06-14T09:25:11","guid":{"rendered":"https:\/\/arcasgruber.com\/unkategorisiert\/hs458-02\/"},"modified":"2024-10-08T13:36:13","modified_gmt":"2024-10-08T11:36:13","slug":"hoteltresor-hs458-02","status":"publish","type":"product","link":"https:\/\/arcasgruber.com\/de\/tresore\/hoteltresore\/hoteltresor-hs458-02\/","title":{"rendered":"Hoteltresor HS458-02"},"content":{"rendered":"<h2 id=\"beschreibung-lang\">Hoteltresor HS458-02<\/h2>\n<ul>\n<li><strong>Au\u00dfenma\u00dfe:<\/strong> 230 x 420 x 380 mm (H\u00f6he x Breite x Tiefe)<\/li>\n<li><strong>Innenma\u00dfe:<\/strong> 224 x 416 x 330 mm (H\u00f6he x Breite x Tiefe)<\/li>\n<li><strong>Volumen:<\/strong> ca. 30 l<\/li>\n<li><strong>Gewicht:<\/strong> ca. 14 kg<\/li>\n<li><strong>Elektronikschloss<\/strong><\/li>\n<\/ul>\n<h3>Technische Details<\/h3>\n<ul>\n<li>Elektronisches Schlie\u00dfsystem mit motorgesteuerten 20-mm-Bolzen<\/li>\n<li>Kunden-PIN von 3 bis 6 Ziffern, Mastercode und Not\u00f6ffnungsschl\u00fcssel<\/li>\n<li>Stahlkonstruktion mit 50-mm-T\u00fcr und 6-mm-Panzerung<\/li>\n<li>Boden- und Wandbefestigungen, Innenraum mit Teppich ausgekleidet<\/li>\n<li>Inklusive Batterien und Montageset<\/li>\n<\/ul>\n<p>Entdecken Sie weitere Optionen in unserer Kategorie <a href=\"https:\/\/arcasgruber.com\/de\/tresore\/hoteltresore\/\" target=\"_blank\" rel=\"noopener\">Hoteltresore<\/a>.<\/p>\n","protected":false},"excerpt":{"rendered":"<p>Der Hoteltresor HS458-02 von Arcas Gruber ist ideal f\u00fcr Hotelzimmer, die Wert auf Sicherheit legen. Mit einem Volumen von 30 Litern und einer robusten Stahlkonstruktion bietet er maximalen Schutz f\u00fcr Wertsachen der G\u00e4ste. Ausgestattet mit einem elektronischen Schlie\u00dfsystem und Not\u00f6ffnung per Schl\u00fcssel ist dieser Tresor einfach zu bedienen und sicher.<\/p>\n","protected":false},"featured_media":501320,"template":"","meta":{"_acf_changed":false},"product_brand":[],"product_cat":[3273,3263],"product_tag":[],"class_list":{"0":"post-501319","1":"product","2":"type-product","3":"status-publish","4":"has-post-thumbnail","6":"product_cat-hoteltresore","7":"product_cat-tresore","9":"first","10":"instock","11":"taxable","12":"shipping-taxable","13":"purchasable","14":"product-type-simple"},"acf":[],"_links":{"self":[{"href":"https:\/\/arcasgruber.com\/de\/wp-json\/wp\/v2\/product\/501319","targetHints":{"allow":["GET"]}}],"collection":[{"href":"https:\/\/arcasgruber.com\/de\/wp-json\/wp\/v2\/product"}],"about":[{"href":"https:\/\/arcasgruber.com\/de\/wp-json\/wp\/v2\/types\/product"}],"version-history":[{"count":0,"href":"https:\/\/arcasgruber.com\/de\/wp-json\/wp\/v2\/product\/501319\/revisions"}],"wp:featuredmedia":[{"embeddable":true,"href":"https:\/\/arcasgruber.com\/de\/wp-json\/wp\/v2\/media\/501320"}],"wp:attachment":[{"href":"https:\/\/arcasgruber.com\/de\/wp-json\/wp\/v2\/media?parent=501319"}],"wp:term":[{"taxonomy":"product_brand","embeddable":true,"href":"https:\/\/arcasgruber.com\/de\/wp-json\/wp\/v2\/product_brand?post=501319"},{"taxonomy":"product_cat","embeddable":true,"href":"https:\/\/arcasgruber.com\/de\/wp-json\/wp\/v2\/product_cat?post=501319"},{"taxonomy":"product_tag","embeddable":true,"href":"https:\/\/arcasgruber.com\/de\/wp-json\/wp\/v2\/product_tag?post=501319"}],"curies":[{"name":"wp","href":"https:\/\/api.w.org\/{rel}","templated":true}]}}